{"id":27929,"date":"2026-02-21T21:35:42","date_gmt":"2026-02-21T20:35:42","guid":{"rendered":"https:\/\/16meridianstore.com\/product\/retro-refrigerator-igtrf300d-1\/"},"modified":"2026-02-21T21:37:51","modified_gmt":"2026-02-21T20:37:51","slug":"retro-refrigerator-igtrf300d-1","status":"publish","type":"product","link":"https:\/\/16meridianstore.com\/hr\/proizvod\/retro-refrigerator-igtrf300d-1\/","title":{"rendered":"RETRO HLADNJAK IGTRF300D\/1"},"content":{"rendered":"<p>Zna\u010dajke<\/p>\n<p>Dimenzije: 59,9 \u00d7 62,8 \u00d7 192<\/p>\n<p>Ukupni kapacitet 300 litara<\/p>\n<p>Kapacitet hladnjaka 216 litara<\/p>\n<p>Unutarnja temperatura 0-8\u00b0C<\/p>\n<p>3 staklene police<\/p>\n<p>1 ladica za povr\u0107e s poklopcem<\/p>\n<p>Kromirani ukrasi na policama i ladicama na vratima<\/p>\n<p>Plasti\u010dna ru\u010dka s kromiranom zavr\u0161nom obradom<\/p>\n<p>Funkcija odmrzavanja<\/p>\n<p>Rashladno sredstvo R600a<\/p>\n<p>Razina buke 42 dB<\/p>\n<p>Zamrziva\u010d:<\/p>\n<p>&nbsp;<\/p>\n<p>Kapacitet zamrziva\u010da 84 litre<\/p>\n<p>Unutarnja temperatura -18\u00b0C<\/p>\n<p>3 ladice zamrziva\u010da<\/p>\n<p>\u0160ifra 29337015<\/p>\n","protected":false},"excerpt":{"rendered":"<p>Zna\u010dajke Dimenzije: 59,9 \u00d7 62,8 \u00d7 192 Ukupni kapacitet 300 litara Kapacitet hladnjaka 216 litara Unutarnja temperatura 0-8\u00b0C 3 staklene<\/p>\n","protected":false},"featured_media":27926,"template":"","meta":[],"product_brand":[],"product_cat":[1358],"product_tag":[],"class_list":{"0":"post-27929","1":"product","2":"type-product","3":"status-publish","4":"has-post-thumbnail","6":"product_cat-samostojeci-uredjaji","8":"first","9":"instock","10":"taxable","11":"shipping-taxable","12":"purchasable","13":"product-type-simple"},"yoast_head":"<!-- This site is optimized with the Yoast SEO plugin v26.5 - https:\/\/yoast.com\/wordpress\/plugins\/seo\/ -->\n<title>RETRO HLADNJAK IGTRF300D\/1 - 16meridianstore.com<\/title>\n<meta name=\"robots\" content=\"index, follow, max-snippet:-1, max-image-preview:large, max-video-preview:-1\" \/>\n<link rel=\"canonical\" href=\"https:\/\/16meridianstore.com\/hr\/proizvod\/retro-refrigerator-igtrf300d-1\/\" \/>\n<meta property=\"og:locale\" content=\"hr_HR\" \/>\n<meta property=\"og:type\" content=\"article\" \/>\n<meta property=\"og:title\" content=\"RETRO HLADNJAK IGTRF300D\/1 - 16meridianstore.com\" \/>\n<meta property=\"og:description\" content=\"Zna\u010dajke Dimenzije: 59,9 \u00d7 62,8 \u00d7 192 Ukupni kapacitet 300 litara Kapacitet hladnjaka 216 litara Unutarnja temperatura 0-8\u00b0C 3 staklene\" \/>\n<meta property=\"og:url\" content=\"https:\/\/16meridianstore.com\/hr\/proizvod\/retro-refrigerator-igtrf300d-1\/\" \/>\n<meta property=\"og:site_name\" content=\"16meridianstore.com\" \/>\n<meta property=\"article:modified_time\" content=\"2026-02-21T20:37:51+00:00\" \/>\n<meta property=\"og:image\" content=\"https:\/\/16meridianstore.com\/wp-content\/uploads\/2026\/02\/IGTRF300D-1.jpg\" \/>\n\t<meta property=\"og:image:width\" content=\"890\" \/>\n\t<meta property=\"og:image:height\" content=\"2560\" \/>\n\t<meta property=\"og:image:type\" content=\"image\/jpeg\" \/>\n<meta name=\"twitter:card\" content=\"summary_large_image\" \/>\n<meta name=\"twitter:label1\" content=\"Procijenjeno vrijeme \u010ditanja\" \/>\n\t<meta name=\"twitter:data1\" content=\"1 minuta\" \/>\n<script type=\"application\/ld+json\" class=\"yoast-schema-graph\">{\"@context\":\"https:\/\/schema.org\",\"@graph\":[{\"@type\":\"WebPage\",\"@id\":\"https:\/\/16meridianstore.com\/hr\/proizvod\/retro-refrigerator-igtrf300d-1\/\",\"url\":\"https:\/\/16meridianstore.com\/hr\/proizvod\/retro-refrigerator-igtrf300d-1\/\",\"name\":\"RETRO HLADNJAK IGTRF300D\/1 - 16meridianstore.com\",\"isPartOf\":{\"@id\":\"https:\/\/16meridianstore.com\/#website\"},\"primaryImageOfPage\":{\"@id\":\"https:\/\/16meridianstore.com\/hr\/proizvod\/retro-refrigerator-igtrf300d-1\/#primaryimage\"},\"image\":{\"@id\":\"https:\/\/16meridianstore.com\/hr\/proizvod\/retro-refrigerator-igtrf300d-1\/#primaryimage\"},\"thumbnailUrl\":\"https:\/\/16meridianstore.com\/wp-content\/uploads\/2026\/02\/IGTRF300D-1.jpg\",\"datePublished\":\"2026-02-21T20:35:42+00:00\",\"dateModified\":\"2026-02-21T20:37:51+00:00\",\"breadcrumb\":{\"@id\":\"https:\/\/16meridianstore.com\/hr\/proizvod\/retro-refrigerator-igtrf300d-1\/#breadcrumb\"},\"inLanguage\":\"hr\",\"potentialAction\":[{\"@type\":\"ReadAction\",\"target\":[\"https:\/\/16meridianstore.com\/hr\/proizvod\/retro-refrigerator-igtrf300d-1\/\"]}]},{\"@type\":\"ImageObject\",\"inLanguage\":\"hr\",\"@id\":\"https:\/\/16meridianstore.com\/hr\/proizvod\/retro-refrigerator-igtrf300d-1\/#primaryimage\",\"url\":\"https:\/\/16meridianstore.com\/wp-content\/uploads\/2026\/02\/IGTRF300D-1.jpg\",\"contentUrl\":\"https:\/\/16meridianstore.com\/wp-content\/uploads\/2026\/02\/IGTRF300D-1.jpg\",\"width\":890,\"height\":2560},{\"@type\":\"BreadcrumbList\",\"@id\":\"https:\/\/16meridianstore.com\/hr\/proizvod\/retro-refrigerator-igtrf300d-1\/#breadcrumb\",\"itemListElement\":[{\"@type\":\"ListItem\",\"position\":1,\"name\":\"Home\",\"item\":\"https:\/\/16meridianstore.com\/hr\/\"},{\"@type\":\"ListItem\",\"position\":2,\"name\":\"Shop\",\"item\":\"https:\/\/16meridianstore.com\/hr\/shop\/\"},{\"@type\":\"ListItem\",\"position\":3,\"name\":\"RETRO HLADNJAK IGTRF300D\/1\"}]},{\"@type\":\"WebSite\",\"@id\":\"https:\/\/16meridianstore.com\/#website\",\"url\":\"https:\/\/16meridianstore.com\/\",\"name\":\"16meridianstore.com\",\"description\":\"Store\",\"publisher\":{\"@id\":\"https:\/\/16meridianstore.com\/#organization\"},\"potentialAction\":[{\"@type\":\"SearchAction\",\"target\":{\"@type\":\"EntryPoint\",\"urlTemplate\":\"https:\/\/16meridianstore.com\/?s={search_term_string}\"},\"query-input\":{\"@type\":\"PropertyValueSpecification\",\"valueRequired\":true,\"valueName\":\"search_term_string\"}}],\"inLanguage\":\"hr\"},{\"@type\":\"Organization\",\"@id\":\"https:\/\/16meridianstore.com\/#organization\",\"name\":\"16meridianstore.com\",\"url\":\"https:\/\/16meridianstore.com\/\",\"logo\":{\"@type\":\"ImageObject\",\"inLanguage\":\"hr\",\"@id\":\"https:\/\/16meridianstore.com\/#\/schema\/logo\/image\/\",\"url\":\"https:\/\/16meridianstore.com\/wp-content\/uploads\/2020\/11\/logo_16_200-1.jpg\",\"contentUrl\":\"https:\/\/16meridianstore.com\/wp-content\/uploads\/2020\/11\/logo_16_200-1.jpg\",\"width\":123,\"height\":95,\"caption\":\"16meridianstore.com\"},\"image\":{\"@id\":\"https:\/\/16meridianstore.com\/#\/schema\/logo\/image\/\"}}]}<\/script>\n<!-- \/ Yoast SEO plugin. -->","yoast_head_json":{"title":"RETRO HLADNJAK IGTRF300D\/1 - 16meridianstore.com","robots":{"index":"index","follow":"follow","max-snippet":"max-snippet:-1","max-image-preview":"max-image-preview:large","max-video-preview":"max-video-preview:-1"},"canonical":"https:\/\/16meridianstore.com\/hr\/proizvod\/retro-refrigerator-igtrf300d-1\/","og_locale":"hr_HR","og_type":"article","og_title":"RETRO HLADNJAK IGTRF300D\/1 - 16meridianstore.com","og_description":"Zna\u010dajke Dimenzije: 59,9 \u00d7 62,8 \u00d7 192 Ukupni kapacitet 300 litara Kapacitet hladnjaka 216 litara Unutarnja temperatura 0-8\u00b0C 3 staklene","og_url":"https:\/\/16meridianstore.com\/hr\/proizvod\/retro-refrigerator-igtrf300d-1\/","og_site_name":"16meridianstore.com","article_modified_time":"2026-02-21T20:37:51+00:00","og_image":[{"width":890,"height":2560,"url":"https:\/\/16meridianstore.com\/wp-content\/uploads\/2026\/02\/IGTRF300D-1.jpg","type":"image\/jpeg"}],"twitter_card":"summary_large_image","twitter_misc":{"Procijenjeno vrijeme \u010ditanja":"1 minuta"},"schema":{"@context":"https:\/\/schema.org","@graph":[{"@type":"WebPage","@id":"https:\/\/16meridianstore.com\/hr\/proizvod\/retro-refrigerator-igtrf300d-1\/","url":"https:\/\/16meridianstore.com\/hr\/proizvod\/retro-refrigerator-igtrf300d-1\/","name":"RETRO HLADNJAK IGTRF300D\/1 - 16meridianstore.com","isPartOf":{"@id":"https:\/\/16meridianstore.com\/#website"},"primaryImageOfPage":{"@id":"https:\/\/16meridianstore.com\/hr\/proizvod\/retro-refrigerator-igtrf300d-1\/#primaryimage"},"image":{"@id":"https:\/\/16meridianstore.com\/hr\/proizvod\/retro-refrigerator-igtrf300d-1\/#primaryimage"},"thumbnailUrl":"https:\/\/16meridianstore.com\/wp-content\/uploads\/2026\/02\/IGTRF300D-1.jpg","datePublished":"2026-02-21T20:35:42+00:00","dateModified":"2026-02-21T20:37:51+00:00","breadcrumb":{"@id":"https:\/\/16meridianstore.com\/hr\/proizvod\/retro-refrigerator-igtrf300d-1\/#breadcrumb"},"inLanguage":"hr","potentialAction":[{"@type":"ReadAction","target":["https:\/\/16meridianstore.com\/hr\/proizvod\/retro-refrigerator-igtrf300d-1\/"]}]},{"@type":"ImageObject","inLanguage":"hr","@id":"https:\/\/16meridianstore.com\/hr\/proizvod\/retro-refrigerator-igtrf300d-1\/#primaryimage","url":"https:\/\/16meridianstore.com\/wp-content\/uploads\/2026\/02\/IGTRF300D-1.jpg","contentUrl":"https:\/\/16meridianstore.com\/wp-content\/uploads\/2026\/02\/IGTRF300D-1.jpg","width":890,"height":2560},{"@type":"BreadcrumbList","@id":"https:\/\/16meridianstore.com\/hr\/proizvod\/retro-refrigerator-igtrf300d-1\/#breadcrumb","itemListElement":[{"@type":"ListItem","position":1,"name":"Home","item":"https:\/\/16meridianstore.com\/hr\/"},{"@type":"ListItem","position":2,"name":"Shop","item":"https:\/\/16meridianstore.com\/hr\/shop\/"},{"@type":"ListItem","position":3,"name":"RETRO HLADNJAK IGTRF300D\/1"}]},{"@type":"WebSite","@id":"https:\/\/16meridianstore.com\/#website","url":"https:\/\/16meridianstore.com\/","name":"16meridianstore.com","description":"Store","publisher":{"@id":"https:\/\/16meridianstore.com\/#organization"},"potentialAction":[{"@type":"SearchAction","target":{"@type":"EntryPoint","urlTemplate":"https:\/\/16meridianstore.com\/?s={search_term_string}"},"query-input":{"@type":"PropertyValueSpecification","valueRequired":true,"valueName":"search_term_string"}}],"inLanguage":"hr"},{"@type":"Organization","@id":"https:\/\/16meridianstore.com\/#organization","name":"16meridianstore.com","url":"https:\/\/16meridianstore.com\/","logo":{"@type":"ImageObject","inLanguage":"hr","@id":"https:\/\/16meridianstore.com\/#\/schema\/logo\/image\/","url":"https:\/\/16meridianstore.com\/wp-content\/uploads\/2020\/11\/logo_16_200-1.jpg","contentUrl":"https:\/\/16meridianstore.com\/wp-content\/uploads\/2020\/11\/logo_16_200-1.jpg","width":123,"height":95,"caption":"16meridianstore.com"},"image":{"@id":"https:\/\/16meridianstore.com\/#\/schema\/logo\/image\/"}}]}},"_links":{"self":[{"href":"https:\/\/16meridianstore.com\/hr\/wp-json\/wp\/v2\/product\/27929","targetHints":{"allow":["GET"]}}],"collection":[{"href":"https:\/\/16meridianstore.com\/hr\/wp-json\/wp\/v2\/product"}],"about":[{"href":"https:\/\/16meridianstore.com\/hr\/wp-json\/wp\/v2\/types\/product"}],"wp:featuredmedia":[{"embeddable":true,"href":"https:\/\/16meridianstore.com\/hr\/wp-json\/wp\/v2\/media\/27926"}],"wp:attachment":[{"href":"https:\/\/16meridianstore.com\/hr\/wp-json\/wp\/v2\/media?parent=27929"}],"wp:term":[{"taxonomy":"product_brand","embeddable":true,"href":"https:\/\/16meridianstore.com\/hr\/wp-json\/wp\/v2\/product_brand?post=27929"},{"taxonomy":"product_cat","embeddable":true,"href":"https:\/\/16meridianstore.com\/hr\/wp-json\/wp\/v2\/product_cat?post=27929"},{"taxonomy":"product_tag","embeddable":true,"href":"https:\/\/16meridianstore.com\/hr\/wp-json\/wp\/v2\/product_tag?post=27929"}],"curies":[{"name":"wp","href":"https:\/\/api.w.org\/{rel}","templated":true}]}}