{"id":27890,"date":"2026-02-11T17:40:32","date_gmt":"2026-02-11T16:40:32","guid":{"rendered":"https:\/\/16meridianstore.com\/product\/dolcevita-range-top-gasvitroceramic-trnm126-5c-brass\/"},"modified":"2026-02-11T17:41:56","modified_gmt":"2026-02-11T16:41:56","slug":"dolcevita-range-top-gasvitroceramic-trnm126-5c-brass","status":"publish","type":"product","link":"https:\/\/16meridianstore.com\/hr\/proizvod\/dolcevita-range-top-gasvitroceramic-trnm126-5c-brass\/","title":{"rendered":"DOLCEVITA PLO\u010cA ZA KUHANJE  \/ PLINSKA + VITROKERAMI\u010cKA TRNM126\/5C Mesing"},"content":{"rendered":"<p>Karakteristike<\/p>\n<p>Dimenzije: 120x60x20<\/p>\n<p>Boja: crna mat<\/p>\n<p>Zavr\u0161ne obrade: krom (29230618), bronca (29230619)<\/p>\n<p>&nbsp;<\/p>\n<p>Plo\u010da za kuhanje<\/p>\n<p>Saten zavr\u0161na obrada od nehr\u0111aju\u0107eg \u010delika<\/p>\n<p>3 plinska plamenika s ventilima<\/p>\n<p>2 dvostruka<\/p>\n<p>Za\u0161tita od zaustavljanja gasa<\/p>\n<p>1 dvozonska staklokerami\u010dka plo\u010da za kuhanje<\/p>\n<p>\u0160ifra: 29230611<\/p>\n","protected":false},"excerpt":{"rendered":"<p>Karakteristike Dimenzije: 120x60x20 Boja: crna mat Zavr\u0161ne obrade: krom (29230618), bronca (29230619) &nbsp; Plo\u010da za kuhanje Saten zavr\u0161na obrada od<\/p>\n","protected":false},"featured_media":27887,"template":"","meta":[],"product_brand":[],"product_cat":[1359],"product_tag":[],"class_list":{"0":"post-27890","1":"product","2":"type-product","3":"status-publish","4":"has-post-thumbnail","6":"product_cat-ugradbeni-uredjaji","8":"first","9":"instock","10":"taxable","11":"shipping-taxable","12":"purchasable","13":"product-type-simple"},"yoast_head":"<!-- This site is optimized with the Yoast SEO plugin v26.5 - https:\/\/yoast.com\/wordpress\/plugins\/seo\/ -->\n<title>DOLCEVITA PLO\u010cA ZA KUHANJE \/ PLINSKA + VITROKERAMI\u010cKA TRNM126\/5C Mesing - 16meridianstore.com<\/title>\n<meta name=\"robots\" content=\"index, follow, max-snippet:-1, max-image-preview:large, max-video-preview:-1\" \/>\n<link rel=\"canonical\" href=\"https:\/\/16meridianstore.com\/hr\/proizvod\/dolcevita-range-top-gasvitroceramic-trnm126-5c-brass\/\" \/>\n<meta property=\"og:locale\" content=\"hr_HR\" \/>\n<meta property=\"og:type\" content=\"article\" \/>\n<meta property=\"og:title\" content=\"DOLCEVITA PLO\u010cA ZA KUHANJE \/ PLINSKA + VITROKERAMI\u010cKA TRNM126\/5C Mesing - 16meridianstore.com\" \/>\n<meta property=\"og:description\" content=\"Karakteristike Dimenzije: 120x60x20 Boja: crna mat Zavr\u0161ne obrade: krom (29230618), bronca (29230619) &nbsp; Plo\u010da za kuhanje Saten zavr\u0161na obrada od\" \/>\n<meta property=\"og:url\" content=\"https:\/\/16meridianstore.com\/hr\/proizvod\/dolcevita-range-top-gasvitroceramic-trnm126-5c-brass\/\" \/>\n<meta property=\"og:site_name\" content=\"16meridianstore.com\" \/>\n<meta property=\"article:modified_time\" content=\"2026-02-11T16:41:56+00:00\" \/>\n<meta property=\"og:image\" content=\"https:\/\/16meridianstore.com\/wp-content\/uploads\/2026\/02\/TRNM126-5C.jpg\" \/>\n\t<meta property=\"og:image:width\" content=\"542\" \/>\n\t<meta property=\"og:image:height\" content=\"232\" \/>\n\t<meta property=\"og:image:type\" content=\"image\/jpeg\" \/>\n<meta name=\"twitter:card\" content=\"summary_large_image\" \/>\n<meta name=\"twitter:label1\" content=\"Procijenjeno vrijeme \u010ditanja\" \/>\n\t<meta name=\"twitter:data1\" content=\"1 minuta\" \/>\n<script type=\"application\/ld+json\" class=\"yoast-schema-graph\">{\"@context\":\"https:\/\/schema.org\",\"@graph\":[{\"@type\":\"WebPage\",\"@id\":\"https:\/\/16meridianstore.com\/hr\/proizvod\/dolcevita-range-top-gasvitroceramic-trnm126-5c-brass\/\",\"url\":\"https:\/\/16meridianstore.com\/hr\/proizvod\/dolcevita-range-top-gasvitroceramic-trnm126-5c-brass\/\",\"name\":\"DOLCEVITA PLO\u010cA ZA KUHANJE \/ PLINSKA + VITROKERAMI\u010cKA TRNM126\/5C Mesing - 16meridianstore.com\",\"isPartOf\":{\"@id\":\"https:\/\/16meridianstore.com\/#website\"},\"primaryImageOfPage\":{\"@id\":\"https:\/\/16meridianstore.com\/hr\/proizvod\/dolcevita-range-top-gasvitroceramic-trnm126-5c-brass\/#primaryimage\"},\"image\":{\"@id\":\"https:\/\/16meridianstore.com\/hr\/proizvod\/dolcevita-range-top-gasvitroceramic-trnm126-5c-brass\/#primaryimage\"},\"thumbnailUrl\":\"https:\/\/16meridianstore.com\/wp-content\/uploads\/2026\/02\/TRNM126-5C.jpg\",\"datePublished\":\"2026-02-11T16:40:32+00:00\",\"dateModified\":\"2026-02-11T16:41:56+00:00\",\"breadcrumb\":{\"@id\":\"https:\/\/16meridianstore.com\/hr\/proizvod\/dolcevita-range-top-gasvitroceramic-trnm126-5c-brass\/#breadcrumb\"},\"inLanguage\":\"hr\",\"potentialAction\":[{\"@type\":\"ReadAction\",\"target\":[\"https:\/\/16meridianstore.com\/hr\/proizvod\/dolcevita-range-top-gasvitroceramic-trnm126-5c-brass\/\"]}]},{\"@type\":\"ImageObject\",\"inLanguage\":\"hr\",\"@id\":\"https:\/\/16meridianstore.com\/hr\/proizvod\/dolcevita-range-top-gasvitroceramic-trnm126-5c-brass\/#primaryimage\",\"url\":\"https:\/\/16meridianstore.com\/wp-content\/uploads\/2026\/02\/TRNM126-5C.jpg\",\"contentUrl\":\"https:\/\/16meridianstore.com\/wp-content\/uploads\/2026\/02\/TRNM126-5C.jpg\",\"width\":542,\"height\":232},{\"@type\":\"BreadcrumbList\",\"@id\":\"https:\/\/16meridianstore.com\/hr\/proizvod\/dolcevita-range-top-gasvitroceramic-trnm126-5c-brass\/#breadcrumb\",\"itemListElement\":[{\"@type\":\"ListItem\",\"position\":1,\"name\":\"Home\",\"item\":\"https:\/\/16meridianstore.com\/hr\/\"},{\"@type\":\"ListItem\",\"position\":2,\"name\":\"Shop\",\"item\":\"https:\/\/16meridianstore.com\/hr\/shop\/\"},{\"@type\":\"ListItem\",\"position\":3,\"name\":\"DOLCEVITA PLO\u010cA ZA KUHANJE \/ PLINSKA + VITROKERAMI\u010cKA TRNM126\/5C Mesing\"}]},{\"@type\":\"WebSite\",\"@id\":\"https:\/\/16meridianstore.com\/#website\",\"url\":\"https:\/\/16meridianstore.com\/\",\"name\":\"16meridianstore.com\",\"description\":\"Store\",\"publisher\":{\"@id\":\"https:\/\/16meridianstore.com\/#organization\"},\"potentialAction\":[{\"@type\":\"SearchAction\",\"target\":{\"@type\":\"EntryPoint\",\"urlTemplate\":\"https:\/\/16meridianstore.com\/?s={search_term_string}\"},\"query-input\":{\"@type\":\"PropertyValueSpecification\",\"valueRequired\":true,\"valueName\":\"search_term_string\"}}],\"inLanguage\":\"hr\"},{\"@type\":\"Organization\",\"@id\":\"https:\/\/16meridianstore.com\/#organization\",\"name\":\"16meridianstore.com\",\"url\":\"https:\/\/16meridianstore.com\/\",\"logo\":{\"@type\":\"ImageObject\",\"inLanguage\":\"hr\",\"@id\":\"https:\/\/16meridianstore.com\/#\/schema\/logo\/image\/\",\"url\":\"https:\/\/16meridianstore.com\/wp-content\/uploads\/2020\/11\/logo_16_200-1.jpg\",\"contentUrl\":\"https:\/\/16meridianstore.com\/wp-content\/uploads\/2020\/11\/logo_16_200-1.jpg\",\"width\":123,\"height\":95,\"caption\":\"16meridianstore.com\"},\"image\":{\"@id\":\"https:\/\/16meridianstore.com\/#\/schema\/logo\/image\/\"}}]}<\/script>\n<!-- \/ Yoast SEO plugin. -->","yoast_head_json":{"title":"DOLCEVITA PLO\u010cA ZA KUHANJE \/ PLINSKA + VITROKERAMI\u010cKA TRNM126\/5C Mesing - 16meridianstore.com","robots":{"index":"index","follow":"follow","max-snippet":"max-snippet:-1","max-image-preview":"max-image-preview:large","max-video-preview":"max-video-preview:-1"},"canonical":"https:\/\/16meridianstore.com\/hr\/proizvod\/dolcevita-range-top-gasvitroceramic-trnm126-5c-brass\/","og_locale":"hr_HR","og_type":"article","og_title":"DOLCEVITA PLO\u010cA ZA KUHANJE \/ PLINSKA + VITROKERAMI\u010cKA TRNM126\/5C Mesing - 16meridianstore.com","og_description":"Karakteristike Dimenzije: 120x60x20 Boja: crna mat Zavr\u0161ne obrade: krom (29230618), bronca (29230619) &nbsp; Plo\u010da za kuhanje Saten zavr\u0161na obrada od","og_url":"https:\/\/16meridianstore.com\/hr\/proizvod\/dolcevita-range-top-gasvitroceramic-trnm126-5c-brass\/","og_site_name":"16meridianstore.com","article_modified_time":"2026-02-11T16:41:56+00:00","og_image":[{"width":542,"height":232,"url":"https:\/\/16meridianstore.com\/wp-content\/uploads\/2026\/02\/TRNM126-5C.jpg","type":"image\/jpeg"}],"twitter_card":"summary_large_image","twitter_misc":{"Procijenjeno vrijeme \u010ditanja":"1 minuta"},"schema":{"@context":"https:\/\/schema.org","@graph":[{"@type":"WebPage","@id":"https:\/\/16meridianstore.com\/hr\/proizvod\/dolcevita-range-top-gasvitroceramic-trnm126-5c-brass\/","url":"https:\/\/16meridianstore.com\/hr\/proizvod\/dolcevita-range-top-gasvitroceramic-trnm126-5c-brass\/","name":"DOLCEVITA PLO\u010cA ZA KUHANJE \/ PLINSKA + VITROKERAMI\u010cKA TRNM126\/5C Mesing - 16meridianstore.com","isPartOf":{"@id":"https:\/\/16meridianstore.com\/#website"},"primaryImageOfPage":{"@id":"https:\/\/16meridianstore.com\/hr\/proizvod\/dolcevita-range-top-gasvitroceramic-trnm126-5c-brass\/#primaryimage"},"image":{"@id":"https:\/\/16meridianstore.com\/hr\/proizvod\/dolcevita-range-top-gasvitroceramic-trnm126-5c-brass\/#primaryimage"},"thumbnailUrl":"https:\/\/16meridianstore.com\/wp-content\/uploads\/2026\/02\/TRNM126-5C.jpg","datePublished":"2026-02-11T16:40:32+00:00","dateModified":"2026-02-11T16:41:56+00:00","breadcrumb":{"@id":"https:\/\/16meridianstore.com\/hr\/proizvod\/dolcevita-range-top-gasvitroceramic-trnm126-5c-brass\/#breadcrumb"},"inLanguage":"hr","potentialAction":[{"@type":"ReadAction","target":["https:\/\/16meridianstore.com\/hr\/proizvod\/dolcevita-range-top-gasvitroceramic-trnm126-5c-brass\/"]}]},{"@type":"ImageObject","inLanguage":"hr","@id":"https:\/\/16meridianstore.com\/hr\/proizvod\/dolcevita-range-top-gasvitroceramic-trnm126-5c-brass\/#primaryimage","url":"https:\/\/16meridianstore.com\/wp-content\/uploads\/2026\/02\/TRNM126-5C.jpg","contentUrl":"https:\/\/16meridianstore.com\/wp-content\/uploads\/2026\/02\/TRNM126-5C.jpg","width":542,"height":232},{"@type":"BreadcrumbList","@id":"https:\/\/16meridianstore.com\/hr\/proizvod\/dolcevita-range-top-gasvitroceramic-trnm126-5c-brass\/#breadcrumb","itemListElement":[{"@type":"ListItem","position":1,"name":"Home","item":"https:\/\/16meridianstore.com\/hr\/"},{"@type":"ListItem","position":2,"name":"Shop","item":"https:\/\/16meridianstore.com\/hr\/shop\/"},{"@type":"ListItem","position":3,"name":"DOLCEVITA PLO\u010cA ZA KUHANJE \/ PLINSKA + VITROKERAMI\u010cKA TRNM126\/5C Mesing"}]},{"@type":"WebSite","@id":"https:\/\/16meridianstore.com\/#website","url":"https:\/\/16meridianstore.com\/","name":"16meridianstore.com","description":"Store","publisher":{"@id":"https:\/\/16meridianstore.com\/#organization"},"potentialAction":[{"@type":"SearchAction","target":{"@type":"EntryPoint","urlTemplate":"https:\/\/16meridianstore.com\/?s={search_term_string}"},"query-input":{"@type":"PropertyValueSpecification","valueRequired":true,"valueName":"search_term_string"}}],"inLanguage":"hr"},{"@type":"Organization","@id":"https:\/\/16meridianstore.com\/#organization","name":"16meridianstore.com","url":"https:\/\/16meridianstore.com\/","logo":{"@type":"ImageObject","inLanguage":"hr","@id":"https:\/\/16meridianstore.com\/#\/schema\/logo\/image\/","url":"https:\/\/16meridianstore.com\/wp-content\/uploads\/2020\/11\/logo_16_200-1.jpg","contentUrl":"https:\/\/16meridianstore.com\/wp-content\/uploads\/2020\/11\/logo_16_200-1.jpg","width":123,"height":95,"caption":"16meridianstore.com"},"image":{"@id":"https:\/\/16meridianstore.com\/#\/schema\/logo\/image\/"}}]}},"_links":{"self":[{"href":"https:\/\/16meridianstore.com\/hr\/wp-json\/wp\/v2\/product\/27890","targetHints":{"allow":["GET"]}}],"collection":[{"href":"https:\/\/16meridianstore.com\/hr\/wp-json\/wp\/v2\/product"}],"about":[{"href":"https:\/\/16meridianstore.com\/hr\/wp-json\/wp\/v2\/types\/product"}],"wp:featuredmedia":[{"embeddable":true,"href":"https:\/\/16meridianstore.com\/hr\/wp-json\/wp\/v2\/media\/27887"}],"wp:attachment":[{"href":"https:\/\/16meridianstore.com\/hr\/wp-json\/wp\/v2\/media?parent=27890"}],"wp:term":[{"taxonomy":"product_brand","embeddable":true,"href":"https:\/\/16meridianstore.com\/hr\/wp-json\/wp\/v2\/product_brand?post=27890"},{"taxonomy":"product_cat","embeddable":true,"href":"https:\/\/16meridianstore.com\/hr\/wp-json\/wp\/v2\/product_cat?post=27890"},{"taxonomy":"product_tag","embeddable":true,"href":"https:\/\/16meridianstore.com\/hr\/wp-json\/wp\/v2\/product_tag?post=27890"}],"curies":[{"name":"wp","href":"https:\/\/api.w.org\/{rel}","templated":true}]}}