{"id":27818,"date":"2026-02-11T14:19:02","date_gmt":"2026-02-11T13:19:02","guid":{"rendered":"https:\/\/16meridianstore.com\/product\/gaia-electric-oven-fos69ee\/"},"modified":"2026-02-11T14:20:18","modified_gmt":"2026-02-11T13:20:18","slug":"gaia-electric-oven-fos69ee","status":"publish","type":"product","link":"https:\/\/16meridianstore.com\/hr\/proizvod\/gaia-electric-oven-fos69ee\/","title":{"rendered":"GAIA ELEKTRI\u010cNA PE\u0106NICA FOS69EE"},"content":{"rendered":"<p>Zna\u010dajke<\/p>\n<p>Dimenzije: 60 x 60 x 52,6<\/p>\n<p>Boja: Nehr\u0111aju\u0107i \u010delik<\/p>\n<p>&nbsp;<\/p>\n<p>Pe\u0107nica<\/p>\n<p>Vi\u0161enamjenska elektri\u010dna pe\u0107nica<\/p>\n<p>10 programa kuhanja<\/p>\n<p>Bruto kapacitet 72 l<\/p>\n<p>Maksimalna temperatura: 250\u00b0C<\/p>\n<p>Gumbice na pritisak<\/p>\n<p>Elektroni\u010dki digitalni timer<\/p>\n<p>Dodirno upravljanje<\/p>\n<p>Teleskopske vodilice pe\u0107nice<\/p>\n<p>Emajl pe\u0107nice koji se lako \u010disti<\/p>\n<p>Tangencijalni ventilator za hla\u0111enje<\/p>\n<p>Opcionalno: Ra\u017eanj<\/p>\n<p>\u0160ifra 29320155<\/p>\n","protected":false},"excerpt":{"rendered":"<p>Zna\u010dajke Dimenzije: 60 x 60 x 52,6 Boja: Nehr\u0111aju\u0107i \u010delik &nbsp; Pe\u0107nica Vi\u0161enamjenska elektri\u010dna pe\u0107nica 10 programa kuhanja Bruto kapacitet<\/p>\n","protected":false},"featured_media":27815,"template":"","meta":[],"product_brand":[],"product_cat":[1359],"product_tag":[],"class_list":{"0":"post-27818","1":"product","2":"type-product","3":"status-publish","4":"has-post-thumbnail","6":"product_cat-ugradbeni-uredjaji","8":"first","9":"instock","10":"taxable","11":"shipping-taxable","12":"purchasable","13":"product-type-simple"},"yoast_head":"<!-- This site is optimized with the Yoast SEO plugin v26.5 - https:\/\/yoast.com\/wordpress\/plugins\/seo\/ -->\n<title>GAIA ELEKTRI\u010cNA PE\u0106NICA FOS69EE - 16meridianstore.com<\/title>\n<meta name=\"robots\" content=\"index, follow, max-snippet:-1, max-image-preview:large, max-video-preview:-1\" \/>\n<link rel=\"canonical\" href=\"https:\/\/16meridianstore.com\/hr\/proizvod\/gaia-electric-oven-fos69ee\/\" \/>\n<meta property=\"og:locale\" content=\"hr_HR\" \/>\n<meta property=\"og:type\" content=\"article\" \/>\n<meta property=\"og:title\" content=\"GAIA ELEKTRI\u010cNA PE\u0106NICA FOS69EE - 16meridianstore.com\" \/>\n<meta property=\"og:description\" content=\"Zna\u010dajke Dimenzije: 60 x 60 x 52,6 Boja: Nehr\u0111aju\u0107i \u010delik &nbsp; Pe\u0107nica Vi\u0161enamjenska elektri\u010dna pe\u0107nica 10 programa kuhanja Bruto kapacitet\" \/>\n<meta property=\"og:url\" content=\"https:\/\/16meridianstore.com\/hr\/proizvod\/gaia-electric-oven-fos69ee\/\" \/>\n<meta property=\"og:site_name\" content=\"16meridianstore.com\" \/>\n<meta property=\"article:modified_time\" content=\"2026-02-11T13:20:18+00:00\" \/>\n<meta property=\"og:image\" content=\"https:\/\/16meridianstore.com\/wp-content\/uploads\/2026\/02\/FOS69EE.jpg\" \/>\n\t<meta property=\"og:image:width\" content=\"572\" \/>\n\t<meta property=\"og:image:height\" content=\"575\" \/>\n\t<meta property=\"og:image:type\" content=\"image\/jpeg\" \/>\n<meta name=\"twitter:card\" content=\"summary_large_image\" \/>\n<meta name=\"twitter:label1\" content=\"Procijenjeno vrijeme \u010ditanja\" \/>\n\t<meta name=\"twitter:data1\" content=\"1 minuta\" \/>\n<script type=\"application\/ld+json\" class=\"yoast-schema-graph\">{\"@context\":\"https:\/\/schema.org\",\"@graph\":[{\"@type\":\"WebPage\",\"@id\":\"https:\/\/16meridianstore.com\/hr\/proizvod\/gaia-electric-oven-fos69ee\/\",\"url\":\"https:\/\/16meridianstore.com\/hr\/proizvod\/gaia-electric-oven-fos69ee\/\",\"name\":\"GAIA ELEKTRI\u010cNA PE\u0106NICA FOS69EE - 16meridianstore.com\",\"isPartOf\":{\"@id\":\"https:\/\/16meridianstore.com\/#website\"},\"primaryImageOfPage\":{\"@id\":\"https:\/\/16meridianstore.com\/hr\/proizvod\/gaia-electric-oven-fos69ee\/#primaryimage\"},\"image\":{\"@id\":\"https:\/\/16meridianstore.com\/hr\/proizvod\/gaia-electric-oven-fos69ee\/#primaryimage\"},\"thumbnailUrl\":\"https:\/\/16meridianstore.com\/wp-content\/uploads\/2026\/02\/FOS69EE.jpg\",\"datePublished\":\"2026-02-11T13:19:02+00:00\",\"dateModified\":\"2026-02-11T13:20:18+00:00\",\"breadcrumb\":{\"@id\":\"https:\/\/16meridianstore.com\/hr\/proizvod\/gaia-electric-oven-fos69ee\/#breadcrumb\"},\"inLanguage\":\"hr\",\"potentialAction\":[{\"@type\":\"ReadAction\",\"target\":[\"https:\/\/16meridianstore.com\/hr\/proizvod\/gaia-electric-oven-fos69ee\/\"]}]},{\"@type\":\"ImageObject\",\"inLanguage\":\"hr\",\"@id\":\"https:\/\/16meridianstore.com\/hr\/proizvod\/gaia-electric-oven-fos69ee\/#primaryimage\",\"url\":\"https:\/\/16meridianstore.com\/wp-content\/uploads\/2026\/02\/FOS69EE.jpg\",\"contentUrl\":\"https:\/\/16meridianstore.com\/wp-content\/uploads\/2026\/02\/FOS69EE.jpg\",\"width\":572,\"height\":575},{\"@type\":\"BreadcrumbList\",\"@id\":\"https:\/\/16meridianstore.com\/hr\/proizvod\/gaia-electric-oven-fos69ee\/#breadcrumb\",\"itemListElement\":[{\"@type\":\"ListItem\",\"position\":1,\"name\":\"Home\",\"item\":\"https:\/\/16meridianstore.com\/hr\/\"},{\"@type\":\"ListItem\",\"position\":2,\"name\":\"Shop\",\"item\":\"https:\/\/16meridianstore.com\/hr\/shop\/\"},{\"@type\":\"ListItem\",\"position\":3,\"name\":\"GAIA ELEKTRI\u010cNA PE\u0106NICA FOS69EE\"}]},{\"@type\":\"WebSite\",\"@id\":\"https:\/\/16meridianstore.com\/#website\",\"url\":\"https:\/\/16meridianstore.com\/\",\"name\":\"16meridianstore.com\",\"description\":\"Store\",\"publisher\":{\"@id\":\"https:\/\/16meridianstore.com\/#organization\"},\"potentialAction\":[{\"@type\":\"SearchAction\",\"target\":{\"@type\":\"EntryPoint\",\"urlTemplate\":\"https:\/\/16meridianstore.com\/?s={search_term_string}\"},\"query-input\":{\"@type\":\"PropertyValueSpecification\",\"valueRequired\":true,\"valueName\":\"search_term_string\"}}],\"inLanguage\":\"hr\"},{\"@type\":\"Organization\",\"@id\":\"https:\/\/16meridianstore.com\/#organization\",\"name\":\"16meridianstore.com\",\"url\":\"https:\/\/16meridianstore.com\/\",\"logo\":{\"@type\":\"ImageObject\",\"inLanguage\":\"hr\",\"@id\":\"https:\/\/16meridianstore.com\/#\/schema\/logo\/image\/\",\"url\":\"https:\/\/16meridianstore.com\/wp-content\/uploads\/2020\/11\/logo_16_200-1.jpg\",\"contentUrl\":\"https:\/\/16meridianstore.com\/wp-content\/uploads\/2020\/11\/logo_16_200-1.jpg\",\"width\":123,\"height\":95,\"caption\":\"16meridianstore.com\"},\"image\":{\"@id\":\"https:\/\/16meridianstore.com\/#\/schema\/logo\/image\/\"}}]}<\/script>\n<!-- \/ Yoast SEO plugin. -->","yoast_head_json":{"title":"GAIA ELEKTRI\u010cNA PE\u0106NICA FOS69EE - 16meridianstore.com","robots":{"index":"index","follow":"follow","max-snippet":"max-snippet:-1","max-image-preview":"max-image-preview:large","max-video-preview":"max-video-preview:-1"},"canonical":"https:\/\/16meridianstore.com\/hr\/proizvod\/gaia-electric-oven-fos69ee\/","og_locale":"hr_HR","og_type":"article","og_title":"GAIA ELEKTRI\u010cNA PE\u0106NICA FOS69EE - 16meridianstore.com","og_description":"Zna\u010dajke Dimenzije: 60 x 60 x 52,6 Boja: Nehr\u0111aju\u0107i \u010delik &nbsp; Pe\u0107nica Vi\u0161enamjenska elektri\u010dna pe\u0107nica 10 programa kuhanja Bruto kapacitet","og_url":"https:\/\/16meridianstore.com\/hr\/proizvod\/gaia-electric-oven-fos69ee\/","og_site_name":"16meridianstore.com","article_modified_time":"2026-02-11T13:20:18+00:00","og_image":[{"width":572,"height":575,"url":"https:\/\/16meridianstore.com\/wp-content\/uploads\/2026\/02\/FOS69EE.jpg","type":"image\/jpeg"}],"twitter_card":"summary_large_image","twitter_misc":{"Procijenjeno vrijeme \u010ditanja":"1 minuta"},"schema":{"@context":"https:\/\/schema.org","@graph":[{"@type":"WebPage","@id":"https:\/\/16meridianstore.com\/hr\/proizvod\/gaia-electric-oven-fos69ee\/","url":"https:\/\/16meridianstore.com\/hr\/proizvod\/gaia-electric-oven-fos69ee\/","name":"GAIA ELEKTRI\u010cNA PE\u0106NICA FOS69EE - 16meridianstore.com","isPartOf":{"@id":"https:\/\/16meridianstore.com\/#website"},"primaryImageOfPage":{"@id":"https:\/\/16meridianstore.com\/hr\/proizvod\/gaia-electric-oven-fos69ee\/#primaryimage"},"image":{"@id":"https:\/\/16meridianstore.com\/hr\/proizvod\/gaia-electric-oven-fos69ee\/#primaryimage"},"thumbnailUrl":"https:\/\/16meridianstore.com\/wp-content\/uploads\/2026\/02\/FOS69EE.jpg","datePublished":"2026-02-11T13:19:02+00:00","dateModified":"2026-02-11T13:20:18+00:00","breadcrumb":{"@id":"https:\/\/16meridianstore.com\/hr\/proizvod\/gaia-electric-oven-fos69ee\/#breadcrumb"},"inLanguage":"hr","potentialAction":[{"@type":"ReadAction","target":["https:\/\/16meridianstore.com\/hr\/proizvod\/gaia-electric-oven-fos69ee\/"]}]},{"@type":"ImageObject","inLanguage":"hr","@id":"https:\/\/16meridianstore.com\/hr\/proizvod\/gaia-electric-oven-fos69ee\/#primaryimage","url":"https:\/\/16meridianstore.com\/wp-content\/uploads\/2026\/02\/FOS69EE.jpg","contentUrl":"https:\/\/16meridianstore.com\/wp-content\/uploads\/2026\/02\/FOS69EE.jpg","width":572,"height":575},{"@type":"BreadcrumbList","@id":"https:\/\/16meridianstore.com\/hr\/proizvod\/gaia-electric-oven-fos69ee\/#breadcrumb","itemListElement":[{"@type":"ListItem","position":1,"name":"Home","item":"https:\/\/16meridianstore.com\/hr\/"},{"@type":"ListItem","position":2,"name":"Shop","item":"https:\/\/16meridianstore.com\/hr\/shop\/"},{"@type":"ListItem","position":3,"name":"GAIA ELEKTRI\u010cNA PE\u0106NICA FOS69EE"}]},{"@type":"WebSite","@id":"https:\/\/16meridianstore.com\/#website","url":"https:\/\/16meridianstore.com\/","name":"16meridianstore.com","description":"Store","publisher":{"@id":"https:\/\/16meridianstore.com\/#organization"},"potentialAction":[{"@type":"SearchAction","target":{"@type":"EntryPoint","urlTemplate":"https:\/\/16meridianstore.com\/?s={search_term_string}"},"query-input":{"@type":"PropertyValueSpecification","valueRequired":true,"valueName":"search_term_string"}}],"inLanguage":"hr"},{"@type":"Organization","@id":"https:\/\/16meridianstore.com\/#organization","name":"16meridianstore.com","url":"https:\/\/16meridianstore.com\/","logo":{"@type":"ImageObject","inLanguage":"hr","@id":"https:\/\/16meridianstore.com\/#\/schema\/logo\/image\/","url":"https:\/\/16meridianstore.com\/wp-content\/uploads\/2020\/11\/logo_16_200-1.jpg","contentUrl":"https:\/\/16meridianstore.com\/wp-content\/uploads\/2020\/11\/logo_16_200-1.jpg","width":123,"height":95,"caption":"16meridianstore.com"},"image":{"@id":"https:\/\/16meridianstore.com\/#\/schema\/logo\/image\/"}}]}},"_links":{"self":[{"href":"https:\/\/16meridianstore.com\/hr\/wp-json\/wp\/v2\/product\/27818","targetHints":{"allow":["GET"]}}],"collection":[{"href":"https:\/\/16meridianstore.com\/hr\/wp-json\/wp\/v2\/product"}],"about":[{"href":"https:\/\/16meridianstore.com\/hr\/wp-json\/wp\/v2\/types\/product"}],"wp:featuredmedia":[{"embeddable":true,"href":"https:\/\/16meridianstore.com\/hr\/wp-json\/wp\/v2\/media\/27815"}],"wp:attachment":[{"href":"https:\/\/16meridianstore.com\/hr\/wp-json\/wp\/v2\/media?parent=27818"}],"wp:term":[{"taxonomy":"product_brand","embeddable":true,"href":"https:\/\/16meridianstore.com\/hr\/wp-json\/wp\/v2\/product_brand?post=27818"},{"taxonomy":"product_cat","embeddable":true,"href":"https:\/\/16meridianstore.com\/hr\/wp-json\/wp\/v2\/product_cat?post=27818"},{"taxonomy":"product_tag","embeddable":true,"href":"https:\/\/16meridianstore.com\/hr\/wp-json\/wp\/v2\/product_tag?post=27818"}],"curies":[{"name":"wp","href":"https:\/\/api.w.org\/{rel}","templated":true}]}}