{"id":27753,"date":"2026-02-11T13:36:59","date_gmt":"2026-02-11T12:36:59","guid":{"rendered":"https:\/\/16meridianstore.com\/product\/hob-dolcevita-gas-hrbp9a0-chrome\/"},"modified":"2026-02-11T13:38:20","modified_gmt":"2026-02-11T12:38:20","slug":"hob-dolcevita-gas-hrbp9a0-chrome","status":"publish","type":"product","link":"https:\/\/16meridianstore.com\/hr\/proizvod\/hob-dolcevita-gas-hrbp9a0-chrome\/","title":{"rendered":"PLO\u010cA ZA KUHANJE DOLCEVITA \/ PLIN HRBP9A0 Krom"},"content":{"rendered":"<p>Karakteristike<\/p>\n<p>Dimenzije 90 x 50<\/p>\n<p>Boja: Biserno bijela<\/p>\n<p>Zavr\u0161eci : bronca (29230253)<\/p>\n<p>&nbsp;<\/p>\n<p>Plo\u010da za kuhanje<\/p>\n<p>Dimenzije plo\u010de za kuhanje: 90 x 50 cm<\/p>\n<p>Polu-ugradbena plo\u010da za kuhanje<\/p>\n<p>5 plinskih plamenika s ventilima, uklju\u010duju\u0107i 1 trostruki prsten<\/p>\n<p>Potpuna za\u0161tita od zaustavljanja plina<\/p>\n<p>Integrirano elektroni\u010dko paljenje s gumbom<\/p>\n<p>Prednje kontrole plo\u010de za kuhanje<\/p>\n<p>5 nosa\u010da za posu\u0111e od lijevanog \u017eeljeza<\/p>\n<p>\u0160ifra 29230252<\/p>\n","protected":false},"excerpt":{"rendered":"<p>Karakteristike Dimenzije 90 x 50 Boja: Biserno bijela Zavr\u0161eci : bronca (29230253) &nbsp; Plo\u010da za kuhanje Dimenzije plo\u010de za kuhanje:<\/p>\n","protected":false},"featured_media":27750,"template":"","meta":[],"product_brand":[],"product_cat":[1359],"product_tag":[],"class_list":{"0":"post-27753","1":"product","2":"type-product","3":"status-publish","4":"has-post-thumbnail","6":"product_cat-ugradbeni-uredjaji","8":"first","9":"instock","10":"taxable","11":"shipping-taxable","12":"purchasable","13":"product-type-simple"},"yoast_head":"<!-- This site is optimized with the Yoast SEO plugin v26.5 - https:\/\/yoast.com\/wordpress\/plugins\/seo\/ -->\n<title>PLO\u010cA ZA KUHANJE DOLCEVITA \/ PLIN HRBP9A0 Krom - 16meridianstore.com<\/title>\n<meta name=\"robots\" content=\"index, follow, max-snippet:-1, max-image-preview:large, max-video-preview:-1\" \/>\n<link rel=\"canonical\" href=\"https:\/\/16meridianstore.com\/hr\/proizvod\/hob-dolcevita-gas-hrbp9a0-chrome\/\" \/>\n<meta property=\"og:locale\" content=\"hr_HR\" \/>\n<meta property=\"og:type\" content=\"article\" \/>\n<meta property=\"og:title\" content=\"PLO\u010cA ZA KUHANJE DOLCEVITA \/ PLIN HRBP9A0 Krom - 16meridianstore.com\" \/>\n<meta property=\"og:description\" content=\"Karakteristike Dimenzije 90 x 50 Boja: Biserno bijela Zavr\u0161eci : bronca (29230253) &nbsp; Plo\u010da za kuhanje Dimenzije plo\u010de za kuhanje:\" \/>\n<meta property=\"og:url\" content=\"https:\/\/16meridianstore.com\/hr\/proizvod\/hob-dolcevita-gas-hrbp9a0-chrome\/\" \/>\n<meta property=\"og:site_name\" content=\"16meridianstore.com\" \/>\n<meta property=\"article:modified_time\" content=\"2026-02-11T12:38:20+00:00\" \/>\n<meta property=\"og:image\" content=\"https:\/\/16meridianstore.com\/wp-content\/uploads\/2026\/02\/HRBP9AO.jpg\" \/>\n\t<meta property=\"og:image:width\" content=\"528\" \/>\n\t<meta property=\"og:image:height\" content=\"319\" \/>\n\t<meta property=\"og:image:type\" content=\"image\/jpeg\" \/>\n<meta name=\"twitter:card\" content=\"summary_large_image\" \/>\n<meta name=\"twitter:label1\" content=\"Procijenjeno vrijeme \u010ditanja\" \/>\n\t<meta name=\"twitter:data1\" content=\"1 minuta\" \/>\n<script type=\"application\/ld+json\" class=\"yoast-schema-graph\">{\"@context\":\"https:\/\/schema.org\",\"@graph\":[{\"@type\":\"WebPage\",\"@id\":\"https:\/\/16meridianstore.com\/hr\/proizvod\/hob-dolcevita-gas-hrbp9a0-chrome\/\",\"url\":\"https:\/\/16meridianstore.com\/hr\/proizvod\/hob-dolcevita-gas-hrbp9a0-chrome\/\",\"name\":\"PLO\u010cA ZA KUHANJE DOLCEVITA \/ PLIN HRBP9A0 Krom - 16meridianstore.com\",\"isPartOf\":{\"@id\":\"https:\/\/16meridianstore.com\/#website\"},\"primaryImageOfPage\":{\"@id\":\"https:\/\/16meridianstore.com\/hr\/proizvod\/hob-dolcevita-gas-hrbp9a0-chrome\/#primaryimage\"},\"image\":{\"@id\":\"https:\/\/16meridianstore.com\/hr\/proizvod\/hob-dolcevita-gas-hrbp9a0-chrome\/#primaryimage\"},\"thumbnailUrl\":\"https:\/\/16meridianstore.com\/wp-content\/uploads\/2026\/02\/HRBP9AO.jpg\",\"datePublished\":\"2026-02-11T12:36:59+00:00\",\"dateModified\":\"2026-02-11T12:38:20+00:00\",\"breadcrumb\":{\"@id\":\"https:\/\/16meridianstore.com\/hr\/proizvod\/hob-dolcevita-gas-hrbp9a0-chrome\/#breadcrumb\"},\"inLanguage\":\"hr\",\"potentialAction\":[{\"@type\":\"ReadAction\",\"target\":[\"https:\/\/16meridianstore.com\/hr\/proizvod\/hob-dolcevita-gas-hrbp9a0-chrome\/\"]}]},{\"@type\":\"ImageObject\",\"inLanguage\":\"hr\",\"@id\":\"https:\/\/16meridianstore.com\/hr\/proizvod\/hob-dolcevita-gas-hrbp9a0-chrome\/#primaryimage\",\"url\":\"https:\/\/16meridianstore.com\/wp-content\/uploads\/2026\/02\/HRBP9AO.jpg\",\"contentUrl\":\"https:\/\/16meridianstore.com\/wp-content\/uploads\/2026\/02\/HRBP9AO.jpg\",\"width\":528,\"height\":319},{\"@type\":\"BreadcrumbList\",\"@id\":\"https:\/\/16meridianstore.com\/hr\/proizvod\/hob-dolcevita-gas-hrbp9a0-chrome\/#breadcrumb\",\"itemListElement\":[{\"@type\":\"ListItem\",\"position\":1,\"name\":\"Home\",\"item\":\"https:\/\/16meridianstore.com\/hr\/\"},{\"@type\":\"ListItem\",\"position\":2,\"name\":\"Shop\",\"item\":\"https:\/\/16meridianstore.com\/hr\/shop\/\"},{\"@type\":\"ListItem\",\"position\":3,\"name\":\"PLO\u010cA ZA KUHANJE DOLCEVITA \/ PLIN HRBP9A0 Krom\"}]},{\"@type\":\"WebSite\",\"@id\":\"https:\/\/16meridianstore.com\/#website\",\"url\":\"https:\/\/16meridianstore.com\/\",\"name\":\"16meridianstore.com\",\"description\":\"Store\",\"publisher\":{\"@id\":\"https:\/\/16meridianstore.com\/#organization\"},\"potentialAction\":[{\"@type\":\"SearchAction\",\"target\":{\"@type\":\"EntryPoint\",\"urlTemplate\":\"https:\/\/16meridianstore.com\/?s={search_term_string}\"},\"query-input\":{\"@type\":\"PropertyValueSpecification\",\"valueRequired\":true,\"valueName\":\"search_term_string\"}}],\"inLanguage\":\"hr\"},{\"@type\":\"Organization\",\"@id\":\"https:\/\/16meridianstore.com\/#organization\",\"name\":\"16meridianstore.com\",\"url\":\"https:\/\/16meridianstore.com\/\",\"logo\":{\"@type\":\"ImageObject\",\"inLanguage\":\"hr\",\"@id\":\"https:\/\/16meridianstore.com\/#\/schema\/logo\/image\/\",\"url\":\"https:\/\/16meridianstore.com\/wp-content\/uploads\/2020\/11\/logo_16_200-1.jpg\",\"contentUrl\":\"https:\/\/16meridianstore.com\/wp-content\/uploads\/2020\/11\/logo_16_200-1.jpg\",\"width\":123,\"height\":95,\"caption\":\"16meridianstore.com\"},\"image\":{\"@id\":\"https:\/\/16meridianstore.com\/#\/schema\/logo\/image\/\"}}]}<\/script>\n<!-- \/ Yoast SEO plugin. -->","yoast_head_json":{"title":"PLO\u010cA ZA KUHANJE DOLCEVITA \/ PLIN HRBP9A0 Krom - 16meridianstore.com","robots":{"index":"index","follow":"follow","max-snippet":"max-snippet:-1","max-image-preview":"max-image-preview:large","max-video-preview":"max-video-preview:-1"},"canonical":"https:\/\/16meridianstore.com\/hr\/proizvod\/hob-dolcevita-gas-hrbp9a0-chrome\/","og_locale":"hr_HR","og_type":"article","og_title":"PLO\u010cA ZA KUHANJE DOLCEVITA \/ PLIN HRBP9A0 Krom - 16meridianstore.com","og_description":"Karakteristike Dimenzije 90 x 50 Boja: Biserno bijela Zavr\u0161eci : bronca (29230253) &nbsp; Plo\u010da za kuhanje Dimenzije plo\u010de za kuhanje:","og_url":"https:\/\/16meridianstore.com\/hr\/proizvod\/hob-dolcevita-gas-hrbp9a0-chrome\/","og_site_name":"16meridianstore.com","article_modified_time":"2026-02-11T12:38:20+00:00","og_image":[{"width":528,"height":319,"url":"https:\/\/16meridianstore.com\/wp-content\/uploads\/2026\/02\/HRBP9AO.jpg","type":"image\/jpeg"}],"twitter_card":"summary_large_image","twitter_misc":{"Procijenjeno vrijeme \u010ditanja":"1 minuta"},"schema":{"@context":"https:\/\/schema.org","@graph":[{"@type":"WebPage","@id":"https:\/\/16meridianstore.com\/hr\/proizvod\/hob-dolcevita-gas-hrbp9a0-chrome\/","url":"https:\/\/16meridianstore.com\/hr\/proizvod\/hob-dolcevita-gas-hrbp9a0-chrome\/","name":"PLO\u010cA ZA KUHANJE DOLCEVITA \/ PLIN HRBP9A0 Krom - 16meridianstore.com","isPartOf":{"@id":"https:\/\/16meridianstore.com\/#website"},"primaryImageOfPage":{"@id":"https:\/\/16meridianstore.com\/hr\/proizvod\/hob-dolcevita-gas-hrbp9a0-chrome\/#primaryimage"},"image":{"@id":"https:\/\/16meridianstore.com\/hr\/proizvod\/hob-dolcevita-gas-hrbp9a0-chrome\/#primaryimage"},"thumbnailUrl":"https:\/\/16meridianstore.com\/wp-content\/uploads\/2026\/02\/HRBP9AO.jpg","datePublished":"2026-02-11T12:36:59+00:00","dateModified":"2026-02-11T12:38:20+00:00","breadcrumb":{"@id":"https:\/\/16meridianstore.com\/hr\/proizvod\/hob-dolcevita-gas-hrbp9a0-chrome\/#breadcrumb"},"inLanguage":"hr","potentialAction":[{"@type":"ReadAction","target":["https:\/\/16meridianstore.com\/hr\/proizvod\/hob-dolcevita-gas-hrbp9a0-chrome\/"]}]},{"@type":"ImageObject","inLanguage":"hr","@id":"https:\/\/16meridianstore.com\/hr\/proizvod\/hob-dolcevita-gas-hrbp9a0-chrome\/#primaryimage","url":"https:\/\/16meridianstore.com\/wp-content\/uploads\/2026\/02\/HRBP9AO.jpg","contentUrl":"https:\/\/16meridianstore.com\/wp-content\/uploads\/2026\/02\/HRBP9AO.jpg","width":528,"height":319},{"@type":"BreadcrumbList","@id":"https:\/\/16meridianstore.com\/hr\/proizvod\/hob-dolcevita-gas-hrbp9a0-chrome\/#breadcrumb","itemListElement":[{"@type":"ListItem","position":1,"name":"Home","item":"https:\/\/16meridianstore.com\/hr\/"},{"@type":"ListItem","position":2,"name":"Shop","item":"https:\/\/16meridianstore.com\/hr\/shop\/"},{"@type":"ListItem","position":3,"name":"PLO\u010cA ZA KUHANJE DOLCEVITA \/ PLIN HRBP9A0 Krom"}]},{"@type":"WebSite","@id":"https:\/\/16meridianstore.com\/#website","url":"https:\/\/16meridianstore.com\/","name":"16meridianstore.com","description":"Store","publisher":{"@id":"https:\/\/16meridianstore.com\/#organization"},"potentialAction":[{"@type":"SearchAction","target":{"@type":"EntryPoint","urlTemplate":"https:\/\/16meridianstore.com\/?s={search_term_string}"},"query-input":{"@type":"PropertyValueSpecification","valueRequired":true,"valueName":"search_term_string"}}],"inLanguage":"hr"},{"@type":"Organization","@id":"https:\/\/16meridianstore.com\/#organization","name":"16meridianstore.com","url":"https:\/\/16meridianstore.com\/","logo":{"@type":"ImageObject","inLanguage":"hr","@id":"https:\/\/16meridianstore.com\/#\/schema\/logo\/image\/","url":"https:\/\/16meridianstore.com\/wp-content\/uploads\/2020\/11\/logo_16_200-1.jpg","contentUrl":"https:\/\/16meridianstore.com\/wp-content\/uploads\/2020\/11\/logo_16_200-1.jpg","width":123,"height":95,"caption":"16meridianstore.com"},"image":{"@id":"https:\/\/16meridianstore.com\/#\/schema\/logo\/image\/"}}]}},"_links":{"self":[{"href":"https:\/\/16meridianstore.com\/hr\/wp-json\/wp\/v2\/product\/27753","targetHints":{"allow":["GET"]}}],"collection":[{"href":"https:\/\/16meridianstore.com\/hr\/wp-json\/wp\/v2\/product"}],"about":[{"href":"https:\/\/16meridianstore.com\/hr\/wp-json\/wp\/v2\/types\/product"}],"wp:featuredmedia":[{"embeddable":true,"href":"https:\/\/16meridianstore.com\/hr\/wp-json\/wp\/v2\/media\/27750"}],"wp:attachment":[{"href":"https:\/\/16meridianstore.com\/hr\/wp-json\/wp\/v2\/media?parent=27753"}],"wp:term":[{"taxonomy":"product_brand","embeddable":true,"href":"https:\/\/16meridianstore.com\/hr\/wp-json\/wp\/v2\/product_brand?post=27753"},{"taxonomy":"product_cat","embeddable":true,"href":"https:\/\/16meridianstore.com\/hr\/wp-json\/wp\/v2\/product_cat?post=27753"},{"taxonomy":"product_tag","embeddable":true,"href":"https:\/\/16meridianstore.com\/hr\/wp-json\/wp\/v2\/product_tag?post=27753"}],"curies":[{"name":"wp","href":"https:\/\/api.w.org\/{rel}","templated":true}]}}