{"id":27383,"date":"2025-05-18T20:49:13","date_gmt":"2025-05-18T18:49:13","guid":{"rendered":"https:\/\/16meridianstore.com\/?post_type=product&#038;p=27383"},"modified":"2025-11-08T18:37:00","modified_gmt":"2025-11-08T17:37:00","slug":"dolcevita-samostojeci-stednjak-multifunkcionalna-pecnica-plin-rnmg96gvgt-ci","status":"publish","type":"product","link":"https:\/\/16meridianstore.com\/hr\/proizvod\/dolcevita-samostojeci-stednjak-multifunkcionalna-pecnica-plin-rnmg96gvgt-ci\/","title":{"rendered":"DOLCEVITA SAMOSTOJE\u0106I \u0160TEDNJAK + MULTIFUNKCIONALNA PE\u0106NICA (PLIN) RNMG96GVGT\/ CI"},"content":{"rendered":"<pre id=\"tw-target-text\" class=\"tw-data-text tw-text-large tw-ta\" dir=\"ltr\" data-placeholder=\"Prijevod\" data-ved=\"2ahUKEwjf_L_c0K2NAxXBAxAIHaNRGLwQ3ewLegQICRAW\" aria-label=\"Prevedeni tekst: Opis Dimenzije: 90x60x85\/90,5 Boja: mat crna Zavr\u0161eci: mesing podesive noge Plo\u010da za kuhanje 4 plinska plamenika s ventilima 1 trostruka kruna Gas-Stop za\u0161tita Pe\u0107nica plin s ventilatorom gas-stop za\u0161tita bruto kapacitet 101 lt maksimalna temperatura: 260\u00b0 ro\u0161tilj na plin rotisserie analogni programator za po\u010detak i kraj kuhanja teleskopske vodilice za pe\u0107nicu Emajliranje pe\u0107nice \u201cLako za \u010di\u0161\u0107enje\u201d. tangencijalni ventilator za hla\u0111enje Dodatno: postolje, Splashback 90, napa Dolcevita 90, Teppanyaki, stakleni poklopac Bakalar. 41060106 Crti\u010dni kod 8022389020198\"><span class=\"Y2IQFc\" lang=\"hr\">Opis\r\nDimenzije: 90x60x85\/90,5\r\nBoja: mat crna\r\nZavr\u0161eci: mesing, krom, bron\u010dani\r\nPodesive noge\r\n\r\nPlo\u010da za kuhanje\r\n4 plinska plamenika s ventilima\r\n1 trostruka kruna\r\nGas-Stop za\u0161tita\r\n\r\nPe\u0107nica\r\nPlin s ventilatorom\r\nGas-stop za\u0161tita\r\nBruto kapacitet 101 lt\r\nMaksimalna temperatura: 260\u00b0\r\nRo\u0161tilj na plin\r\nRa\u017eanj\r\nAnalogni programator za po\u010detak i kraj kuhanja\r\nTeleskopske vodilice za pe\u0107nicu\r\nEmajliranje pe\u0107nice \u201cLako za \u010di\u0161\u0107enje\u201d.\r\nTangencijalni ventilator za hla\u0111enje\r\nDodatno: postolje, Splashback 90, napa Dolcevita 90, Teppanyaki, stakleni poklopac\r\n\r\n\u0160irfe zavr\u0161etaka : 41060106,41060107,41060111\r\nBarkod 8022389020198\r\n\r\nJamstvo je 24 mjeseca.\r\nProizvod je namjenjen isklju\u010divo za kori\u0161tenje u ku\u0107anstvu.\r\n<\/span><\/pre>\n","protected":false},"excerpt":{"rendered":"<p>Opis Dimenzije: 90x60x85\/90,5 Boja: mat crna Zavr\u0161eci: mesing, krom, bron\u010dani Podesive noge Plo\u010da za kuhanje 4 plinska plamenika s ventilima<\/p>\n","protected":false},"featured_media":27378,"template":"","meta":[],"product_brand":[],"product_cat":[1358],"product_tag":[],"class_list":{"0":"post-27383","1":"product","2":"type-product","3":"status-publish","4":"has-post-thumbnail","6":"product_cat-samostojeci-uredjaji","8":"first","9":"instock","10":"taxable","11":"shipping-taxable","12":"purchasable","13":"product-type-simple"},"yoast_head":"<!-- This site is optimized with the Yoast SEO plugin v26.5 - https:\/\/yoast.com\/wordpress\/plugins\/seo\/ -->\n<title>DOLCEVITA SAMOSTOJE\u0106I \u0160TEDNJAK + MULTIFUNKCIONALNA PE\u0106NICA (PLIN) RNMG96GVGT\/ CI - 16meridianstore.com<\/title>\n<meta name=\"robots\" content=\"index, follow, max-snippet:-1, max-image-preview:large, max-video-preview:-1\" \/>\n<link rel=\"canonical\" href=\"https:\/\/16meridianstore.com\/proizvod\/dolcevita-freestanding-cooker-multifuntional-gas-oven-rnmg96gvgt-ci\/\" \/>\n<meta property=\"og:locale\" content=\"hr_HR\" \/>\n<meta property=\"og:type\" content=\"article\" \/>\n<meta property=\"og:title\" content=\"DOLCEVITA SAMOSTOJE\u0106I \u0160TEDNJAK + MULTIFUNKCIONALNA PE\u0106NICA (PLIN) RNMG96GVGT\/ CI - 16meridianstore.com\" \/>\n<meta property=\"og:description\" content=\"Opis Dimenzije: 90x60x85\/90,5 Boja: mat crna Zavr\u0161eci: mesing, krom, bron\u010dani Podesive noge Plo\u010da za kuhanje 4 plinska plamenika s ventilima\" \/>\n<meta property=\"og:url\" content=\"https:\/\/16meridianstore.com\/proizvod\/dolcevita-freestanding-cooker-multifuntional-gas-oven-rnmg96gvgt-ci\/\" \/>\n<meta property=\"og:site_name\" content=\"16meridianstore.com\" \/>\n<meta property=\"article:modified_time\" content=\"2025-11-08T17:37:00+00:00\" \/>\n<meta property=\"og:image\" content=\"https:\/\/16meridianstore.com\/wp-content\/uploads\/2025\/05\/RNMG96GVGT_CI_41060106-931x1030-1.jpg\" \/>\n\t<meta property=\"og:image:width\" content=\"931\" \/>\n\t<meta property=\"og:image:height\" content=\"1030\" \/>\n\t<meta property=\"og:image:type\" content=\"image\/jpeg\" \/>\n<meta name=\"twitter:card\" content=\"summary_large_image\" \/>\n<meta name=\"twitter:label1\" content=\"Procijenjeno vrijeme \u010ditanja\" \/>\n\t<meta name=\"twitter:data1\" content=\"1 minuta\" \/>\n<script type=\"application\/ld+json\" class=\"yoast-schema-graph\">{\"@context\":\"https:\/\/schema.org\",\"@graph\":[{\"@type\":\"WebPage\",\"@id\":\"https:\/\/16meridianstore.com\/proizvod\/dolcevita-freestanding-cooker-multifuntional-gas-oven-rnmg96gvgt-ci\/\",\"url\":\"https:\/\/16meridianstore.com\/proizvod\/dolcevita-freestanding-cooker-multifuntional-gas-oven-rnmg96gvgt-ci\/\",\"name\":\"DOLCEVITA SAMOSTOJE\u0106I \u0160TEDNJAK + MULTIFUNKCIONALNA PE\u0106NICA (PLIN) RNMG96GVGT\/ CI - 16meridianstore.com\",\"isPartOf\":{\"@id\":\"https:\/\/16meridianstore.com\/#website\"},\"primaryImageOfPage\":{\"@id\":\"https:\/\/16meridianstore.com\/proizvod\/dolcevita-freestanding-cooker-multifuntional-gas-oven-rnmg96gvgt-ci\/#primaryimage\"},\"image\":{\"@id\":\"https:\/\/16meridianstore.com\/proizvod\/dolcevita-freestanding-cooker-multifuntional-gas-oven-rnmg96gvgt-ci\/#primaryimage\"},\"thumbnailUrl\":\"https:\/\/16meridianstore.com\/wp-content\/uploads\/2025\/05\/RNMG96GVGT_CI_41060106-931x1030-1.jpg\",\"datePublished\":\"2025-05-18T18:49:13+00:00\",\"dateModified\":\"2025-11-08T17:37:00+00:00\",\"breadcrumb\":{\"@id\":\"https:\/\/16meridianstore.com\/proizvod\/dolcevita-freestanding-cooker-multifuntional-gas-oven-rnmg96gvgt-ci\/#breadcrumb\"},\"inLanguage\":\"hr\",\"potentialAction\":[{\"@type\":\"ReadAction\",\"target\":[\"https:\/\/16meridianstore.com\/proizvod\/dolcevita-freestanding-cooker-multifuntional-gas-oven-rnmg96gvgt-ci\/\"]}]},{\"@type\":\"ImageObject\",\"inLanguage\":\"hr\",\"@id\":\"https:\/\/16meridianstore.com\/proizvod\/dolcevita-freestanding-cooker-multifuntional-gas-oven-rnmg96gvgt-ci\/#primaryimage\",\"url\":\"https:\/\/16meridianstore.com\/wp-content\/uploads\/2025\/05\/RNMG96GVGT_CI_41060106-931x1030-1.jpg\",\"contentUrl\":\"https:\/\/16meridianstore.com\/wp-content\/uploads\/2025\/05\/RNMG96GVGT_CI_41060106-931x1030-1.jpg\",\"width\":931,\"height\":1030},{\"@type\":\"BreadcrumbList\",\"@id\":\"https:\/\/16meridianstore.com\/proizvod\/dolcevita-freestanding-cooker-multifuntional-gas-oven-rnmg96gvgt-ci\/#breadcrumb\",\"itemListElement\":[{\"@type\":\"ListItem\",\"position\":1,\"name\":\"Home\",\"item\":\"https:\/\/16meridianstore.com\/hr\/\"},{\"@type\":\"ListItem\",\"position\":2,\"name\":\"Shop\",\"item\":\"https:\/\/16meridianstore.com\/hr\/shop\/\"},{\"@type\":\"ListItem\",\"position\":3,\"name\":\"DOLCEVITA SAMOSTOJE\u0106I \u0160TEDNJAK + MULTIFUNKCIONALNA PE\u0106NICA (PLIN) RNMG96GVGT\/ CI\"}]},{\"@type\":\"WebSite\",\"@id\":\"https:\/\/16meridianstore.com\/#website\",\"url\":\"https:\/\/16meridianstore.com\/\",\"name\":\"16meridianstore.com\",\"description\":\"Store\",\"publisher\":{\"@id\":\"https:\/\/16meridianstore.com\/#organization\"},\"potentialAction\":[{\"@type\":\"SearchAction\",\"target\":{\"@type\":\"EntryPoint\",\"urlTemplate\":\"https:\/\/16meridianstore.com\/?s={search_term_string}\"},\"query-input\":{\"@type\":\"PropertyValueSpecification\",\"valueRequired\":true,\"valueName\":\"search_term_string\"}}],\"inLanguage\":\"hr\"},{\"@type\":\"Organization\",\"@id\":\"https:\/\/16meridianstore.com\/#organization\",\"name\":\"16meridianstore.com\",\"url\":\"https:\/\/16meridianstore.com\/\",\"logo\":{\"@type\":\"ImageObject\",\"inLanguage\":\"hr\",\"@id\":\"https:\/\/16meridianstore.com\/#\/schema\/logo\/image\/\",\"url\":\"https:\/\/16meridianstore.com\/wp-content\/uploads\/2020\/11\/logo_16_200-1.jpg\",\"contentUrl\":\"https:\/\/16meridianstore.com\/wp-content\/uploads\/2020\/11\/logo_16_200-1.jpg\",\"width\":123,\"height\":95,\"caption\":\"16meridianstore.com\"},\"image\":{\"@id\":\"https:\/\/16meridianstore.com\/#\/schema\/logo\/image\/\"}}]}<\/script>\n<!-- \/ Yoast SEO plugin. -->","yoast_head_json":{"title":"DOLCEVITA SAMOSTOJE\u0106I \u0160TEDNJAK + MULTIFUNKCIONALNA PE\u0106NICA (PLIN) RNMG96GVGT\/ CI - 16meridianstore.com","robots":{"index":"index","follow":"follow","max-snippet":"max-snippet:-1","max-image-preview":"max-image-preview:large","max-video-preview":"max-video-preview:-1"},"canonical":"https:\/\/16meridianstore.com\/proizvod\/dolcevita-freestanding-cooker-multifuntional-gas-oven-rnmg96gvgt-ci\/","og_locale":"hr_HR","og_type":"article","og_title":"DOLCEVITA SAMOSTOJE\u0106I \u0160TEDNJAK + MULTIFUNKCIONALNA PE\u0106NICA (PLIN) RNMG96GVGT\/ CI - 16meridianstore.com","og_description":"Opis Dimenzije: 90x60x85\/90,5 Boja: mat crna Zavr\u0161eci: mesing, krom, bron\u010dani Podesive noge Plo\u010da za kuhanje 4 plinska plamenika s ventilima","og_url":"https:\/\/16meridianstore.com\/proizvod\/dolcevita-freestanding-cooker-multifuntional-gas-oven-rnmg96gvgt-ci\/","og_site_name":"16meridianstore.com","article_modified_time":"2025-11-08T17:37:00+00:00","og_image":[{"width":931,"height":1030,"url":"https:\/\/16meridianstore.com\/wp-content\/uploads\/2025\/05\/RNMG96GVGT_CI_41060106-931x1030-1.jpg","type":"image\/jpeg"}],"twitter_card":"summary_large_image","twitter_misc":{"Procijenjeno vrijeme \u010ditanja":"1 minuta"},"schema":{"@context":"https:\/\/schema.org","@graph":[{"@type":"WebPage","@id":"https:\/\/16meridianstore.com\/proizvod\/dolcevita-freestanding-cooker-multifuntional-gas-oven-rnmg96gvgt-ci\/","url":"https:\/\/16meridianstore.com\/proizvod\/dolcevita-freestanding-cooker-multifuntional-gas-oven-rnmg96gvgt-ci\/","name":"DOLCEVITA SAMOSTOJE\u0106I \u0160TEDNJAK + MULTIFUNKCIONALNA PE\u0106NICA (PLIN) RNMG96GVGT\/ CI - 16meridianstore.com","isPartOf":{"@id":"https:\/\/16meridianstore.com\/#website"},"primaryImageOfPage":{"@id":"https:\/\/16meridianstore.com\/proizvod\/dolcevita-freestanding-cooker-multifuntional-gas-oven-rnmg96gvgt-ci\/#primaryimage"},"image":{"@id":"https:\/\/16meridianstore.com\/proizvod\/dolcevita-freestanding-cooker-multifuntional-gas-oven-rnmg96gvgt-ci\/#primaryimage"},"thumbnailUrl":"https:\/\/16meridianstore.com\/wp-content\/uploads\/2025\/05\/RNMG96GVGT_CI_41060106-931x1030-1.jpg","datePublished":"2025-05-18T18:49:13+00:00","dateModified":"2025-11-08T17:37:00+00:00","breadcrumb":{"@id":"https:\/\/16meridianstore.com\/proizvod\/dolcevita-freestanding-cooker-multifuntional-gas-oven-rnmg96gvgt-ci\/#breadcrumb"},"inLanguage":"hr","potentialAction":[{"@type":"ReadAction","target":["https:\/\/16meridianstore.com\/proizvod\/dolcevita-freestanding-cooker-multifuntional-gas-oven-rnmg96gvgt-ci\/"]}]},{"@type":"ImageObject","inLanguage":"hr","@id":"https:\/\/16meridianstore.com\/proizvod\/dolcevita-freestanding-cooker-multifuntional-gas-oven-rnmg96gvgt-ci\/#primaryimage","url":"https:\/\/16meridianstore.com\/wp-content\/uploads\/2025\/05\/RNMG96GVGT_CI_41060106-931x1030-1.jpg","contentUrl":"https:\/\/16meridianstore.com\/wp-content\/uploads\/2025\/05\/RNMG96GVGT_CI_41060106-931x1030-1.jpg","width":931,"height":1030},{"@type":"BreadcrumbList","@id":"https:\/\/16meridianstore.com\/proizvod\/dolcevita-freestanding-cooker-multifuntional-gas-oven-rnmg96gvgt-ci\/#breadcrumb","itemListElement":[{"@type":"ListItem","position":1,"name":"Home","item":"https:\/\/16meridianstore.com\/hr\/"},{"@type":"ListItem","position":2,"name":"Shop","item":"https:\/\/16meridianstore.com\/hr\/shop\/"},{"@type":"ListItem","position":3,"name":"DOLCEVITA SAMOSTOJE\u0106I \u0160TEDNJAK + MULTIFUNKCIONALNA PE\u0106NICA (PLIN) RNMG96GVGT\/ CI"}]},{"@type":"WebSite","@id":"https:\/\/16meridianstore.com\/#website","url":"https:\/\/16meridianstore.com\/","name":"16meridianstore.com","description":"Store","publisher":{"@id":"https:\/\/16meridianstore.com\/#organization"},"potentialAction":[{"@type":"SearchAction","target":{"@type":"EntryPoint","urlTemplate":"https:\/\/16meridianstore.com\/?s={search_term_string}"},"query-input":{"@type":"PropertyValueSpecification","valueRequired":true,"valueName":"search_term_string"}}],"inLanguage":"hr"},{"@type":"Organization","@id":"https:\/\/16meridianstore.com\/#organization","name":"16meridianstore.com","url":"https:\/\/16meridianstore.com\/","logo":{"@type":"ImageObject","inLanguage":"hr","@id":"https:\/\/16meridianstore.com\/#\/schema\/logo\/image\/","url":"https:\/\/16meridianstore.com\/wp-content\/uploads\/2020\/11\/logo_16_200-1.jpg","contentUrl":"https:\/\/16meridianstore.com\/wp-content\/uploads\/2020\/11\/logo_16_200-1.jpg","width":123,"height":95,"caption":"16meridianstore.com"},"image":{"@id":"https:\/\/16meridianstore.com\/#\/schema\/logo\/image\/"}}]}},"_links":{"self":[{"href":"https:\/\/16meridianstore.com\/hr\/wp-json\/wp\/v2\/product\/27383","targetHints":{"allow":["GET"]}}],"collection":[{"href":"https:\/\/16meridianstore.com\/hr\/wp-json\/wp\/v2\/product"}],"about":[{"href":"https:\/\/16meridianstore.com\/hr\/wp-json\/wp\/v2\/types\/product"}],"wp:featuredmedia":[{"embeddable":true,"href":"https:\/\/16meridianstore.com\/hr\/wp-json\/wp\/v2\/media\/27378"}],"wp:attachment":[{"href":"https:\/\/16meridianstore.com\/hr\/wp-json\/wp\/v2\/media?parent=27383"}],"wp:term":[{"taxonomy":"product_brand","embeddable":true,"href":"https:\/\/16meridianstore.com\/hr\/wp-json\/wp\/v2\/product_brand?post=27383"},{"taxonomy":"product_cat","embeddable":true,"href":"https:\/\/16meridianstore.com\/hr\/wp-json\/wp\/v2\/product_cat?post=27383"},{"taxonomy":"product_tag","embeddable":true,"href":"https:\/\/16meridianstore.com\/hr\/wp-json\/wp\/v2\/product_tag?post=27383"}],"curies":[{"name":"wp","href":"https:\/\/api.w.org\/{rel}","templated":true}]}}