{"id":27289,"date":"2025-01-10T09:39:53","date_gmt":"2025-01-10T08:39:53","guid":{"rendered":"https:\/\/16meridianstore.com\/?post_type=product&#038;p=27289"},"modified":"2026-01-26T19:18:30","modified_gmt":"2026-01-26T18:18:30","slug":"dolcevita-samostojeci-stednjak-rnm66mft-4i","status":"publish","type":"product","link":"https:\/\/16meridianstore.com\/hr\/proizvod\/dolcevita-samostojeci-stednjak-rnm66mft-4i\/","title":{"rendered":"DOLCEVITA SAMOSTOJE\u0106I \u0160TEDNJAK RNM66MFT\/4I"},"content":{"rendered":"<p>RNM66MFT\/4I<\/p>\n<pre id=\"tw-target-text\" class=\"tw-data-text tw-text-large tw-ta\" dir=\"ltr\" data-placeholder=\"Prijevod\" data-ved=\"2ahUKEwjdw5_e2uqKAxVG_rsIHUx9M7AQ3ewLegQICxAU\" aria-label=\"Prevedeni tekst: RNM66MFT\/4I Veli\u010dina: 60x60x85\/90,5* Boja: mat crna Zavr\u0161eci: mesing Podesive noge Plo\u010da za kuhanje \u2022 Indukcija \u2022 4 zone za kuhanje \u2022 Za\u0161tita za djecu \u2022 Svjetlo indikatora preostale topline Glavna pe\u0107nica \u2022 Vi\u0161enamjenski elektri\u010dni \u2022 9 programa kuhanja \u2022 Bruto zapremina 72 l \u2022 Maksimalna temperatura: 270\u00b0 \u2022 Elektri\u010dni ro\u0161tilj \u2022 Rotisserie \u2022 Digitalni po\u010detni i zavr\u0161ni programator kuhanje \u2022 teleskopske vodilice pe\u0107nice Broj artikla: 60020055 EAN \u0161ifra: 8022389019697\"><span class=\"Y2IQFc\" lang=\"hr\">RNM66MFT\/4I\r\n\r\nVeli\u010dina: 60x60x85\/90,5*\r\nBoja: mat crna\r\nZavr\u0161eci: mesing\r\nPodesive noge\r\n\r\nPlo\u010da za kuhanje\r\n\u2022 Indukcija\r\n\u2022 4 zone za kuhanje\r\n\u2022 Za\u0161tita za djecu\r\n\u2022 Svjetlo indikatora preostale topline\r\n\r\nPe\u0107nica\r\n\u2022 Vi\u0161enamjenska elektri\u010dna\r\n\u2022 9 programa kuhanja\r\n\u2022 Bruto zapremina 72 l\r\n\u2022 Maksimalna temperatura: 270\u00b0\r\n\u2022 Elektri\u010dni ro\u0161tilj\r\n\u2022 Ra\u017eanj\r\n\u2022 Digitalni po\u010detni i zavr\u0161ni programator\r\nkuhanje\r\n\u2022 Teleskopske vodilice pe\u0107nice\r\n\r\nBroj artikla: 60020055\r\nEAN \u0161ifra: 8022389019697<\/span><\/pre>\n<p>Jamstvo je 24 mjeseca.<br \/>\nProizvod je namjenjen isklju\u010divo za kori\u0161tenje u ku\u0107anstvu.<\/p>\n","protected":false},"excerpt":{"rendered":"<p>RNM66MFT\/4I RNM66MFT\/4I Veli\u010dina: 60x60x85\/90,5* Boja: mat crna Zavr\u0161eci: mesing Podesive noge Plo\u010da za kuhanje \u2022 Indukcija \u2022 4 zone za<\/p>\n","protected":false},"featured_media":27292,"template":"","meta":[],"product_brand":[],"product_cat":[1358],"product_tag":[],"class_list":{"0":"post-27289","1":"product","2":"type-product","3":"status-publish","4":"has-post-thumbnail","6":"product_cat-samostojeci-uredjaji","8":"first","9":"instock","10":"taxable","11":"shipping-taxable","12":"purchasable","13":"product-type-simple"},"yoast_head":"<!-- This site is optimized with the Yoast SEO plugin v26.5 - https:\/\/yoast.com\/wordpress\/plugins\/seo\/ -->\n<title>DOLCEVITA SAMOSTOJE\u0106I \u0160TEDNJAK RNM66MFT\/4I - 16meridianstore.com<\/title>\n<meta name=\"robots\" content=\"index, follow, max-snippet:-1, max-image-preview:large, max-video-preview:-1\" \/>\n<link rel=\"canonical\" href=\"https:\/\/16meridianstore.com\/hr\/proizvod\/dolcevita-samostojeci-stednjak-rnm66mft-4i\/\" \/>\n<meta property=\"og:locale\" content=\"hr_HR\" \/>\n<meta property=\"og:type\" content=\"article\" \/>\n<meta property=\"og:title\" content=\"DOLCEVITA SAMOSTOJE\u0106I \u0160TEDNJAK RNM66MFT\/4I - 16meridianstore.com\" \/>\n<meta property=\"og:description\" content=\"RNM66MFT\/4I RNM66MFT\/4I Veli\u010dina: 60x60x85\/90,5* Boja: mat crna Zavr\u0161eci: mesing Podesive noge Plo\u010da za kuhanje \u2022 Indukcija \u2022 4 zone za\" \/>\n<meta property=\"og:url\" content=\"https:\/\/16meridianstore.com\/hr\/proizvod\/dolcevita-samostojeci-stednjak-rnm66mft-4i\/\" \/>\n<meta property=\"og:site_name\" content=\"16meridianstore.com\" \/>\n<meta property=\"article:modified_time\" content=\"2026-01-26T18:18:30+00:00\" \/>\n<meta property=\"og:image\" content=\"https:\/\/16meridianstore.com\/wp-content\/uploads\/2025\/01\/Snimka-zaslona_10-1-2025_9633_-1.jpeg\" \/>\n\t<meta property=\"og:image:width\" content=\"357\" \/>\n\t<meta property=\"og:image:height\" content=\"573\" \/>\n\t<meta property=\"og:image:type\" content=\"image\/jpeg\" \/>\n<meta name=\"twitter:card\" content=\"summary_large_image\" \/>\n<meta name=\"twitter:label1\" content=\"Procijenjeno vrijeme \u010ditanja\" \/>\n\t<meta name=\"twitter:data1\" content=\"1 minuta\" \/>\n<script type=\"application\/ld+json\" class=\"yoast-schema-graph\">{\"@context\":\"https:\/\/schema.org\",\"@graph\":[{\"@type\":\"WebPage\",\"@id\":\"https:\/\/16meridianstore.com\/hr\/proizvod\/dolcevita-samostojeci-stednjak-rnm66mft-4i\/\",\"url\":\"https:\/\/16meridianstore.com\/hr\/proizvod\/dolcevita-samostojeci-stednjak-rnm66mft-4i\/\",\"name\":\"DOLCEVITA SAMOSTOJE\u0106I \u0160TEDNJAK RNM66MFT\/4I - 16meridianstore.com\",\"isPartOf\":{\"@id\":\"https:\/\/16meridianstore.com\/#website\"},\"primaryImageOfPage\":{\"@id\":\"https:\/\/16meridianstore.com\/hr\/proizvod\/dolcevita-samostojeci-stednjak-rnm66mft-4i\/#primaryimage\"},\"image\":{\"@id\":\"https:\/\/16meridianstore.com\/hr\/proizvod\/dolcevita-samostojeci-stednjak-rnm66mft-4i\/#primaryimage\"},\"thumbnailUrl\":\"https:\/\/16meridianstore.com\/wp-content\/uploads\/2025\/01\/Snimka-zaslona_10-1-2025_9633_-1.jpeg\",\"datePublished\":\"2025-01-10T08:39:53+00:00\",\"dateModified\":\"2026-01-26T18:18:30+00:00\",\"breadcrumb\":{\"@id\":\"https:\/\/16meridianstore.com\/hr\/proizvod\/dolcevita-samostojeci-stednjak-rnm66mft-4i\/#breadcrumb\"},\"inLanguage\":\"hr\",\"potentialAction\":[{\"@type\":\"ReadAction\",\"target\":[\"https:\/\/16meridianstore.com\/hr\/proizvod\/dolcevita-samostojeci-stednjak-rnm66mft-4i\/\"]}]},{\"@type\":\"ImageObject\",\"inLanguage\":\"hr\",\"@id\":\"https:\/\/16meridianstore.com\/hr\/proizvod\/dolcevita-samostojeci-stednjak-rnm66mft-4i\/#primaryimage\",\"url\":\"https:\/\/16meridianstore.com\/wp-content\/uploads\/2025\/01\/Snimka-zaslona_10-1-2025_9633_-1.jpeg\",\"contentUrl\":\"https:\/\/16meridianstore.com\/wp-content\/uploads\/2025\/01\/Snimka-zaslona_10-1-2025_9633_-1.jpeg\",\"width\":357,\"height\":573},{\"@type\":\"BreadcrumbList\",\"@id\":\"https:\/\/16meridianstore.com\/hr\/proizvod\/dolcevita-samostojeci-stednjak-rnm66mft-4i\/#breadcrumb\",\"itemListElement\":[{\"@type\":\"ListItem\",\"position\":1,\"name\":\"Home\",\"item\":\"https:\/\/16meridianstore.com\/hr\/\"},{\"@type\":\"ListItem\",\"position\":2,\"name\":\"Shop\",\"item\":\"https:\/\/16meridianstore.com\/hr\/shop\/\"},{\"@type\":\"ListItem\",\"position\":3,\"name\":\"DOLCEVITA SAMOSTOJE\u0106I \u0160TEDNJAK RNM66MFT\/4I\"}]},{\"@type\":\"WebSite\",\"@id\":\"https:\/\/16meridianstore.com\/#website\",\"url\":\"https:\/\/16meridianstore.com\/\",\"name\":\"16meridianstore.com\",\"description\":\"Store\",\"publisher\":{\"@id\":\"https:\/\/16meridianstore.com\/#organization\"},\"potentialAction\":[{\"@type\":\"SearchAction\",\"target\":{\"@type\":\"EntryPoint\",\"urlTemplate\":\"https:\/\/16meridianstore.com\/?s={search_term_string}\"},\"query-input\":{\"@type\":\"PropertyValueSpecification\",\"valueRequired\":true,\"valueName\":\"search_term_string\"}}],\"inLanguage\":\"hr\"},{\"@type\":\"Organization\",\"@id\":\"https:\/\/16meridianstore.com\/#organization\",\"name\":\"16meridianstore.com\",\"url\":\"https:\/\/16meridianstore.com\/\",\"logo\":{\"@type\":\"ImageObject\",\"inLanguage\":\"hr\",\"@id\":\"https:\/\/16meridianstore.com\/#\/schema\/logo\/image\/\",\"url\":\"https:\/\/16meridianstore.com\/wp-content\/uploads\/2020\/11\/logo_16_200-1.jpg\",\"contentUrl\":\"https:\/\/16meridianstore.com\/wp-content\/uploads\/2020\/11\/logo_16_200-1.jpg\",\"width\":123,\"height\":95,\"caption\":\"16meridianstore.com\"},\"image\":{\"@id\":\"https:\/\/16meridianstore.com\/#\/schema\/logo\/image\/\"}}]}<\/script>\n<!-- \/ Yoast SEO plugin. -->","yoast_head_json":{"title":"DOLCEVITA SAMOSTOJE\u0106I \u0160TEDNJAK RNM66MFT\/4I - 16meridianstore.com","robots":{"index":"index","follow":"follow","max-snippet":"max-snippet:-1","max-image-preview":"max-image-preview:large","max-video-preview":"max-video-preview:-1"},"canonical":"https:\/\/16meridianstore.com\/hr\/proizvod\/dolcevita-samostojeci-stednjak-rnm66mft-4i\/","og_locale":"hr_HR","og_type":"article","og_title":"DOLCEVITA SAMOSTOJE\u0106I \u0160TEDNJAK RNM66MFT\/4I - 16meridianstore.com","og_description":"RNM66MFT\/4I RNM66MFT\/4I Veli\u010dina: 60x60x85\/90,5* Boja: mat crna Zavr\u0161eci: mesing Podesive noge Plo\u010da za kuhanje \u2022 Indukcija \u2022 4 zone za","og_url":"https:\/\/16meridianstore.com\/hr\/proizvod\/dolcevita-samostojeci-stednjak-rnm66mft-4i\/","og_site_name":"16meridianstore.com","article_modified_time":"2026-01-26T18:18:30+00:00","og_image":[{"width":357,"height":573,"url":"https:\/\/16meridianstore.com\/wp-content\/uploads\/2025\/01\/Snimka-zaslona_10-1-2025_9633_-1.jpeg","type":"image\/jpeg"}],"twitter_card":"summary_large_image","twitter_misc":{"Procijenjeno vrijeme \u010ditanja":"1 minuta"},"schema":{"@context":"https:\/\/schema.org","@graph":[{"@type":"WebPage","@id":"https:\/\/16meridianstore.com\/hr\/proizvod\/dolcevita-samostojeci-stednjak-rnm66mft-4i\/","url":"https:\/\/16meridianstore.com\/hr\/proizvod\/dolcevita-samostojeci-stednjak-rnm66mft-4i\/","name":"DOLCEVITA SAMOSTOJE\u0106I \u0160TEDNJAK RNM66MFT\/4I - 16meridianstore.com","isPartOf":{"@id":"https:\/\/16meridianstore.com\/#website"},"primaryImageOfPage":{"@id":"https:\/\/16meridianstore.com\/hr\/proizvod\/dolcevita-samostojeci-stednjak-rnm66mft-4i\/#primaryimage"},"image":{"@id":"https:\/\/16meridianstore.com\/hr\/proizvod\/dolcevita-samostojeci-stednjak-rnm66mft-4i\/#primaryimage"},"thumbnailUrl":"https:\/\/16meridianstore.com\/wp-content\/uploads\/2025\/01\/Snimka-zaslona_10-1-2025_9633_-1.jpeg","datePublished":"2025-01-10T08:39:53+00:00","dateModified":"2026-01-26T18:18:30+00:00","breadcrumb":{"@id":"https:\/\/16meridianstore.com\/hr\/proizvod\/dolcevita-samostojeci-stednjak-rnm66mft-4i\/#breadcrumb"},"inLanguage":"hr","potentialAction":[{"@type":"ReadAction","target":["https:\/\/16meridianstore.com\/hr\/proizvod\/dolcevita-samostojeci-stednjak-rnm66mft-4i\/"]}]},{"@type":"ImageObject","inLanguage":"hr","@id":"https:\/\/16meridianstore.com\/hr\/proizvod\/dolcevita-samostojeci-stednjak-rnm66mft-4i\/#primaryimage","url":"https:\/\/16meridianstore.com\/wp-content\/uploads\/2025\/01\/Snimka-zaslona_10-1-2025_9633_-1.jpeg","contentUrl":"https:\/\/16meridianstore.com\/wp-content\/uploads\/2025\/01\/Snimka-zaslona_10-1-2025_9633_-1.jpeg","width":357,"height":573},{"@type":"BreadcrumbList","@id":"https:\/\/16meridianstore.com\/hr\/proizvod\/dolcevita-samostojeci-stednjak-rnm66mft-4i\/#breadcrumb","itemListElement":[{"@type":"ListItem","position":1,"name":"Home","item":"https:\/\/16meridianstore.com\/hr\/"},{"@type":"ListItem","position":2,"name":"Shop","item":"https:\/\/16meridianstore.com\/hr\/shop\/"},{"@type":"ListItem","position":3,"name":"DOLCEVITA SAMOSTOJE\u0106I \u0160TEDNJAK RNM66MFT\/4I"}]},{"@type":"WebSite","@id":"https:\/\/16meridianstore.com\/#website","url":"https:\/\/16meridianstore.com\/","name":"16meridianstore.com","description":"Store","publisher":{"@id":"https:\/\/16meridianstore.com\/#organization"},"potentialAction":[{"@type":"SearchAction","target":{"@type":"EntryPoint","urlTemplate":"https:\/\/16meridianstore.com\/?s={search_term_string}"},"query-input":{"@type":"PropertyValueSpecification","valueRequired":true,"valueName":"search_term_string"}}],"inLanguage":"hr"},{"@type":"Organization","@id":"https:\/\/16meridianstore.com\/#organization","name":"16meridianstore.com","url":"https:\/\/16meridianstore.com\/","logo":{"@type":"ImageObject","inLanguage":"hr","@id":"https:\/\/16meridianstore.com\/#\/schema\/logo\/image\/","url":"https:\/\/16meridianstore.com\/wp-content\/uploads\/2020\/11\/logo_16_200-1.jpg","contentUrl":"https:\/\/16meridianstore.com\/wp-content\/uploads\/2020\/11\/logo_16_200-1.jpg","width":123,"height":95,"caption":"16meridianstore.com"},"image":{"@id":"https:\/\/16meridianstore.com\/#\/schema\/logo\/image\/"}}]}},"_links":{"self":[{"href":"https:\/\/16meridianstore.com\/hr\/wp-json\/wp\/v2\/product\/27289","targetHints":{"allow":["GET"]}}],"collection":[{"href":"https:\/\/16meridianstore.com\/hr\/wp-json\/wp\/v2\/product"}],"about":[{"href":"https:\/\/16meridianstore.com\/hr\/wp-json\/wp\/v2\/types\/product"}],"wp:featuredmedia":[{"embeddable":true,"href":"https:\/\/16meridianstore.com\/hr\/wp-json\/wp\/v2\/media\/27292"}],"wp:attachment":[{"href":"https:\/\/16meridianstore.com\/hr\/wp-json\/wp\/v2\/media?parent=27289"}],"wp:term":[{"taxonomy":"product_brand","embeddable":true,"href":"https:\/\/16meridianstore.com\/hr\/wp-json\/wp\/v2\/product_brand?post=27289"},{"taxonomy":"product_cat","embeddable":true,"href":"https:\/\/16meridianstore.com\/hr\/wp-json\/wp\/v2\/product_cat?post=27289"},{"taxonomy":"product_tag","embeddable":true,"href":"https:\/\/16meridianstore.com\/hr\/wp-json\/wp\/v2\/product_tag?post=27289"}],"curies":[{"name":"wp","href":"https:\/\/api.w.org\/{rel}","templated":true}]}}