{"id":27261,"date":"2024-11-19T18:40:04","date_gmt":"2024-11-19T17:39:46","guid":{"rendered":"https:\/\/16meridianstore.com\/?post_type=product&#038;p=27261"},"modified":"2025-03-10T12:36:29","modified_gmt":"2025-03-10T11:36:29","slug":"kuhalna-ploca-90-hgn950","status":"publish","type":"product","link":"https:\/\/16meridianstore.com\/hr\/proizvod\/kuhalna-ploca-90-hgn950\/","title":{"rendered":"KUHALNA PLO\u010cA 90 HGN950"},"content":{"rendered":"<pre id=\"tw-target-text\" class=\"tw-data-text tw-text-large tw-ta\" dir=\"ltr\" data-placeholder=\"Prijevod\" data-ved=\"2ahUKEwiT4oi_8eiJAxVOcfEDHbs5MvMQ3ewLegQICRAW\" aria-label=\"Prevedeni tekst: Opis Dimenzije: 90\u00d750 Boja: crno staklo Zavr\u0161na obrada: nehr\u0111aju\u0107i \u010delik Plo\u010da za kuhanje zako\u0161eni rub 4 plinska plamenika s ventilima 1 trostruka kruna Gas-Stop za\u0161tita frontalne kontrole Dodatno: adapter za Wok \u0160ifra 29230207 Crti\u010dni kod 8022389008288\"><span class=\"Y2IQFc\" lang=\"hr\">Opis\nDimenzije: 90\u00d750\nBoja: crno staklo\nZavr\u0161na obrada: nehr\u0111aju\u0107i \u010delik\nPlo\u010da za kuhanje\nZako\u0161eni rub\n4 plinska plamenika s ventilima\n1 trostruka kruna\nGas-Stop za\u0161tita\nFrontalne kontrole\nDodatno: adapter za Wok\n\n\u0160ifra 29230207\nBarkod 8022389008288<\/span><\/pre>\n<p>Jamstvo je 24 mjeseca.<br \/>\nProizvod je namjenjen isklju\u010divo za kori\u0161tenje u ku\u0107anstvu.<\/p>\n","protected":false},"excerpt":{"rendered":"<p>Opis Dimenzije: 90\u00d750 Boja: crno staklo Zavr\u0161na obrada: nehr\u0111aju\u0107i \u010delik Plo\u010da za kuhanje Zako\u0161eni rub 4 plinska plamenika s ventilima<\/p>\n","protected":false},"featured_media":27259,"template":"","meta":[],"product_brand":[],"product_cat":[1359],"product_tag":[],"class_list":{"0":"post-27261","1":"product","2":"type-product","3":"status-publish","4":"has-post-thumbnail","6":"product_cat-ugradbeni-uredjaji","8":"first","9":"instock","10":"taxable","11":"shipping-taxable","12":"purchasable","13":"product-type-simple"},"yoast_head":"<!-- This site is optimized with the Yoast SEO plugin v26.5 - https:\/\/yoast.com\/wordpress\/plugins\/seo\/ -->\n<title>KUHALNA PLO\u010cA 90 HGN950 - 16meridianstore.com<\/title>\n<meta name=\"robots\" content=\"index, follow, max-snippet:-1, max-image-preview:large, max-video-preview:-1\" \/>\n<link rel=\"canonical\" href=\"https:\/\/16meridianstore.com\/hr\/proizvod\/kuhalna-ploca-90-hgn950\/\" \/>\n<meta property=\"og:locale\" content=\"hr_HR\" \/>\n<meta property=\"og:type\" content=\"article\" \/>\n<meta property=\"og:title\" content=\"KUHALNA PLO\u010cA 90 HGN950 - 16meridianstore.com\" \/>\n<meta property=\"og:description\" content=\"Opis Dimenzije: 90\u00d750 Boja: crno staklo Zavr\u0161na obrada: nehr\u0111aju\u0107i \u010delik Plo\u010da za kuhanje Zako\u0161eni rub 4 plinska plamenika s ventilima\" \/>\n<meta property=\"og:url\" content=\"https:\/\/16meridianstore.com\/hr\/proizvod\/kuhalna-ploca-90-hgn950\/\" \/>\n<meta property=\"og:site_name\" content=\"16meridianstore.com\" \/>\n<meta property=\"article:modified_time\" content=\"2025-03-10T11:36:29+00:00\" \/>\n<meta property=\"og:image\" content=\"https:\/\/16meridianstore.com\/wp-content\/uploads\/2024\/11\/HGN950.png\" \/>\n\t<meta property=\"og:image:width\" content=\"600\" \/>\n\t<meta property=\"og:image:height\" content=\"600\" \/>\n\t<meta property=\"og:image:type\" content=\"image\/png\" \/>\n<meta name=\"twitter:card\" content=\"summary_large_image\" \/>\n<meta name=\"twitter:label1\" content=\"Procijenjeno vrijeme \u010ditanja\" \/>\n\t<meta name=\"twitter:data1\" content=\"1 minuta\" \/>\n<script type=\"application\/ld+json\" class=\"yoast-schema-graph\">{\"@context\":\"https:\/\/schema.org\",\"@graph\":[{\"@type\":\"WebPage\",\"@id\":\"https:\/\/16meridianstore.com\/hr\/proizvod\/kuhalna-ploca-90-hgn950\/\",\"url\":\"https:\/\/16meridianstore.com\/hr\/proizvod\/kuhalna-ploca-90-hgn950\/\",\"name\":\"KUHALNA PLO\u010cA 90 HGN950 - 16meridianstore.com\",\"isPartOf\":{\"@id\":\"https:\/\/16meridianstore.com\/#website\"},\"primaryImageOfPage\":{\"@id\":\"https:\/\/16meridianstore.com\/hr\/proizvod\/kuhalna-ploca-90-hgn950\/#primaryimage\"},\"image\":{\"@id\":\"https:\/\/16meridianstore.com\/hr\/proizvod\/kuhalna-ploca-90-hgn950\/#primaryimage\"},\"thumbnailUrl\":\"https:\/\/16meridianstore.com\/wp-content\/uploads\/2024\/11\/HGN950.png\",\"datePublished\":\"2024-11-19T17:39:46+00:00\",\"dateModified\":\"2025-03-10T11:36:29+00:00\",\"breadcrumb\":{\"@id\":\"https:\/\/16meridianstore.com\/hr\/proizvod\/kuhalna-ploca-90-hgn950\/#breadcrumb\"},\"inLanguage\":\"hr\",\"potentialAction\":[{\"@type\":\"ReadAction\",\"target\":[\"https:\/\/16meridianstore.com\/hr\/proizvod\/kuhalna-ploca-90-hgn950\/\"]}]},{\"@type\":\"ImageObject\",\"inLanguage\":\"hr\",\"@id\":\"https:\/\/16meridianstore.com\/hr\/proizvod\/kuhalna-ploca-90-hgn950\/#primaryimage\",\"url\":\"https:\/\/16meridianstore.com\/wp-content\/uploads\/2024\/11\/HGN950.png\",\"contentUrl\":\"https:\/\/16meridianstore.com\/wp-content\/uploads\/2024\/11\/HGN950.png\",\"width\":600,\"height\":600},{\"@type\":\"BreadcrumbList\",\"@id\":\"https:\/\/16meridianstore.com\/hr\/proizvod\/kuhalna-ploca-90-hgn950\/#breadcrumb\",\"itemListElement\":[{\"@type\":\"ListItem\",\"position\":1,\"name\":\"Home\",\"item\":\"https:\/\/16meridianstore.com\/hr\/\"},{\"@type\":\"ListItem\",\"position\":2,\"name\":\"Shop\",\"item\":\"https:\/\/16meridianstore.com\/hr\/shop\/\"},{\"@type\":\"ListItem\",\"position\":3,\"name\":\"KUHALNA PLO\u010cA 90 HGN950\"}]},{\"@type\":\"WebSite\",\"@id\":\"https:\/\/16meridianstore.com\/#website\",\"url\":\"https:\/\/16meridianstore.com\/\",\"name\":\"16meridianstore.com\",\"description\":\"Store\",\"publisher\":{\"@id\":\"https:\/\/16meridianstore.com\/#organization\"},\"potentialAction\":[{\"@type\":\"SearchAction\",\"target\":{\"@type\":\"EntryPoint\",\"urlTemplate\":\"https:\/\/16meridianstore.com\/?s={search_term_string}\"},\"query-input\":{\"@type\":\"PropertyValueSpecification\",\"valueRequired\":true,\"valueName\":\"search_term_string\"}}],\"inLanguage\":\"hr\"},{\"@type\":\"Organization\",\"@id\":\"https:\/\/16meridianstore.com\/#organization\",\"name\":\"16meridianstore.com\",\"url\":\"https:\/\/16meridianstore.com\/\",\"logo\":{\"@type\":\"ImageObject\",\"inLanguage\":\"hr\",\"@id\":\"https:\/\/16meridianstore.com\/#\/schema\/logo\/image\/\",\"url\":\"https:\/\/16meridianstore.com\/wp-content\/uploads\/2020\/11\/logo_16_200-1.jpg\",\"contentUrl\":\"https:\/\/16meridianstore.com\/wp-content\/uploads\/2020\/11\/logo_16_200-1.jpg\",\"width\":123,\"height\":95,\"caption\":\"16meridianstore.com\"},\"image\":{\"@id\":\"https:\/\/16meridianstore.com\/#\/schema\/logo\/image\/\"}}]}<\/script>\n<!-- \/ Yoast SEO plugin. -->","yoast_head_json":{"title":"KUHALNA PLO\u010cA 90 HGN950 - 16meridianstore.com","robots":{"index":"index","follow":"follow","max-snippet":"max-snippet:-1","max-image-preview":"max-image-preview:large","max-video-preview":"max-video-preview:-1"},"canonical":"https:\/\/16meridianstore.com\/hr\/proizvod\/kuhalna-ploca-90-hgn950\/","og_locale":"hr_HR","og_type":"article","og_title":"KUHALNA PLO\u010cA 90 HGN950 - 16meridianstore.com","og_description":"Opis Dimenzije: 90\u00d750 Boja: crno staklo Zavr\u0161na obrada: nehr\u0111aju\u0107i \u010delik Plo\u010da za kuhanje Zako\u0161eni rub 4 plinska plamenika s ventilima","og_url":"https:\/\/16meridianstore.com\/hr\/proizvod\/kuhalna-ploca-90-hgn950\/","og_site_name":"16meridianstore.com","article_modified_time":"2025-03-10T11:36:29+00:00","og_image":[{"width":600,"height":600,"url":"https:\/\/16meridianstore.com\/wp-content\/uploads\/2024\/11\/HGN950.png","type":"image\/png"}],"twitter_card":"summary_large_image","twitter_misc":{"Procijenjeno vrijeme \u010ditanja":"1 minuta"},"schema":{"@context":"https:\/\/schema.org","@graph":[{"@type":"WebPage","@id":"https:\/\/16meridianstore.com\/hr\/proizvod\/kuhalna-ploca-90-hgn950\/","url":"https:\/\/16meridianstore.com\/hr\/proizvod\/kuhalna-ploca-90-hgn950\/","name":"KUHALNA PLO\u010cA 90 HGN950 - 16meridianstore.com","isPartOf":{"@id":"https:\/\/16meridianstore.com\/#website"},"primaryImageOfPage":{"@id":"https:\/\/16meridianstore.com\/hr\/proizvod\/kuhalna-ploca-90-hgn950\/#primaryimage"},"image":{"@id":"https:\/\/16meridianstore.com\/hr\/proizvod\/kuhalna-ploca-90-hgn950\/#primaryimage"},"thumbnailUrl":"https:\/\/16meridianstore.com\/wp-content\/uploads\/2024\/11\/HGN950.png","datePublished":"2024-11-19T17:39:46+00:00","dateModified":"2025-03-10T11:36:29+00:00","breadcrumb":{"@id":"https:\/\/16meridianstore.com\/hr\/proizvod\/kuhalna-ploca-90-hgn950\/#breadcrumb"},"inLanguage":"hr","potentialAction":[{"@type":"ReadAction","target":["https:\/\/16meridianstore.com\/hr\/proizvod\/kuhalna-ploca-90-hgn950\/"]}]},{"@type":"ImageObject","inLanguage":"hr","@id":"https:\/\/16meridianstore.com\/hr\/proizvod\/kuhalna-ploca-90-hgn950\/#primaryimage","url":"https:\/\/16meridianstore.com\/wp-content\/uploads\/2024\/11\/HGN950.png","contentUrl":"https:\/\/16meridianstore.com\/wp-content\/uploads\/2024\/11\/HGN950.png","width":600,"height":600},{"@type":"BreadcrumbList","@id":"https:\/\/16meridianstore.com\/hr\/proizvod\/kuhalna-ploca-90-hgn950\/#breadcrumb","itemListElement":[{"@type":"ListItem","position":1,"name":"Home","item":"https:\/\/16meridianstore.com\/hr\/"},{"@type":"ListItem","position":2,"name":"Shop","item":"https:\/\/16meridianstore.com\/hr\/shop\/"},{"@type":"ListItem","position":3,"name":"KUHALNA PLO\u010cA 90 HGN950"}]},{"@type":"WebSite","@id":"https:\/\/16meridianstore.com\/#website","url":"https:\/\/16meridianstore.com\/","name":"16meridianstore.com","description":"Store","publisher":{"@id":"https:\/\/16meridianstore.com\/#organization"},"potentialAction":[{"@type":"SearchAction","target":{"@type":"EntryPoint","urlTemplate":"https:\/\/16meridianstore.com\/?s={search_term_string}"},"query-input":{"@type":"PropertyValueSpecification","valueRequired":true,"valueName":"search_term_string"}}],"inLanguage":"hr"},{"@type":"Organization","@id":"https:\/\/16meridianstore.com\/#organization","name":"16meridianstore.com","url":"https:\/\/16meridianstore.com\/","logo":{"@type":"ImageObject","inLanguage":"hr","@id":"https:\/\/16meridianstore.com\/#\/schema\/logo\/image\/","url":"https:\/\/16meridianstore.com\/wp-content\/uploads\/2020\/11\/logo_16_200-1.jpg","contentUrl":"https:\/\/16meridianstore.com\/wp-content\/uploads\/2020\/11\/logo_16_200-1.jpg","width":123,"height":95,"caption":"16meridianstore.com"},"image":{"@id":"https:\/\/16meridianstore.com\/#\/schema\/logo\/image\/"}}]}},"_links":{"self":[{"href":"https:\/\/16meridianstore.com\/hr\/wp-json\/wp\/v2\/product\/27261","targetHints":{"allow":["GET"]}}],"collection":[{"href":"https:\/\/16meridianstore.com\/hr\/wp-json\/wp\/v2\/product"}],"about":[{"href":"https:\/\/16meridianstore.com\/hr\/wp-json\/wp\/v2\/types\/product"}],"wp:featuredmedia":[{"embeddable":true,"href":"https:\/\/16meridianstore.com\/hr\/wp-json\/wp\/v2\/media\/27259"}],"wp:attachment":[{"href":"https:\/\/16meridianstore.com\/hr\/wp-json\/wp\/v2\/media?parent=27261"}],"wp:term":[{"taxonomy":"product_brand","embeddable":true,"href":"https:\/\/16meridianstore.com\/hr\/wp-json\/wp\/v2\/product_brand?post=27261"},{"taxonomy":"product_cat","embeddable":true,"href":"https:\/\/16meridianstore.com\/hr\/wp-json\/wp\/v2\/product_cat?post=27261"},{"taxonomy":"product_tag","embeddable":true,"href":"https:\/\/16meridianstore.com\/hr\/wp-json\/wp\/v2\/product_tag?post=27261"}],"curies":[{"name":"wp","href":"https:\/\/api.w.org\/{rel}","templated":true}]}}