{"id":27076,"date":"2024-05-16T17:11:43","date_gmt":"2024-05-16T15:11:43","guid":{"rendered":"https:\/\/16meridianstore.com\/?post_type=product&#038;p=27076"},"modified":"2025-03-10T12:36:53","modified_gmt":"2025-03-10T11:36:53","slug":"venezia-freestanding-cooker-pbig96wfmt-aeo","status":"publish","type":"product","link":"https:\/\/16meridianstore.com\/hr\/proizvod\/venezia-freestanding-cooker-pbig96wfmt-aeo\/","title":{"rendered":"VENEZIA SAMOSTOJE\u0106I \u0160TEDNJAK PBIG96WFMT\/ AEO"},"content":{"rendered":"<p>Opis<\/p>\n<ul>\n<li>Dimenzije: 90 x 60<\/li>\n<li>Boja: Pearl<\/li>\n<li>Zavr\u0161etak: mesing<\/li>\n<li>Tako\u0111er dostupan s bron\u010danom ili kromiranom zavr\u0161nom obradom<\/li>\n<li>Podesive noge<\/li>\n<\/ul>\n<p>Plo\u010da za kuhanje<\/p>\n<ul>\n<li>Zrcalno polirani \u010delik<\/li>\n<li>5 plinskih plamenika s ventilima<\/li>\n<li>1 trostruka kruna<\/li>\n<li>Gas-Stop za\u0161tita<\/li>\n<li>1 elektri\u010dna pe\u0107nica<\/li>\n<\/ul>\n<p>Glavna pe\u0107nica<\/p>\n<ul>\n<li>Elektri\u010dna vi\u0161enamjenska<\/li>\n<li>Bruto zapremina 130 l<\/li>\n<li>Elektri\u010dni ro\u0161tilj<\/li>\n<li>Vodilice na izvla\u010denje<\/li>\n<li>Programator za kraj kuhanja<\/li>\n<li>Emajlirana pe\u0107nica \u201e Easy to clean\u201c<\/li>\n<li>Dvostruki tangencijalni ventilator za hla\u0111enje<\/li>\n<\/ul>\n<p>&nbsp;<\/p>\n<p>Kod.60060074<br \/>\nBarkod 8022389021447<\/p>\n<p>Jamstvo je 24 mjeseca.<br \/>\nProizvod je namjenjen isklju\u010divo za kori\u0161tenje u ku\u0107anstvu.<\/p>\n","protected":false},"excerpt":{"rendered":"<p>Opis Dimenzije: 90 x 60 Boja: Pearl Zavr\u0161etak: mesing Tako\u0111er dostupan s bron\u010danom ili kromiranom zavr\u0161nom obradom Podesive noge Plo\u010da<\/p>\n","protected":false},"featured_media":27072,"template":"","meta":[],"product_brand":[],"product_cat":[1358],"product_tag":[],"class_list":{"0":"post-27076","1":"product","2":"type-product","3":"status-publish","4":"has-post-thumbnail","6":"product_cat-samostojeci-uredjaji","8":"first","9":"instock","10":"taxable","11":"shipping-taxable","12":"purchasable","13":"product-type-simple"},"yoast_head":"<!-- This site is optimized with the Yoast SEO plugin v26.5 - https:\/\/yoast.com\/wordpress\/plugins\/seo\/ -->\n<title>VENEZIA SAMOSTOJE\u0106I \u0160TEDNJAK PBIG96WFMT\/ AEO - 16meridianstore.com<\/title>\n<meta name=\"robots\" content=\"index, follow, max-snippet:-1, max-image-preview:large, max-video-preview:-1\" \/>\n<link rel=\"canonical\" href=\"https:\/\/16meridianstore.com\/hr\/proizvod\/venezia-freestanding-cooker-pbig96wfmt-aeo\/\" \/>\n<meta property=\"og:locale\" content=\"hr_HR\" \/>\n<meta property=\"og:type\" content=\"article\" \/>\n<meta property=\"og:title\" content=\"VENEZIA SAMOSTOJE\u0106I \u0160TEDNJAK PBIG96WFMT\/ AEO - 16meridianstore.com\" \/>\n<meta property=\"og:description\" content=\"Opis Dimenzije: 90 x 60 Boja: Pearl Zavr\u0161etak: mesing Tako\u0111er dostupan s bron\u010danom ili kromiranom zavr\u0161nom obradom Podesive noge Plo\u010da\" \/>\n<meta property=\"og:url\" content=\"https:\/\/16meridianstore.com\/hr\/proizvod\/venezia-freestanding-cooker-pbig96wfmt-aeo\/\" \/>\n<meta property=\"og:site_name\" content=\"16meridianstore.com\" \/>\n<meta property=\"article:modified_time\" content=\"2025-03-10T11:36:53+00:00\" \/>\n<meta property=\"og:image\" content=\"https:\/\/16meridianstore.com\/wp-content\/uploads\/2024\/05\/pbig96mft_5i_photo-1030x1030-1.jpg\" \/>\n\t<meta property=\"og:image:width\" content=\"1030\" \/>\n\t<meta property=\"og:image:height\" content=\"1030\" \/>\n\t<meta property=\"og:image:type\" content=\"image\/jpeg\" \/>\n<meta name=\"twitter:card\" content=\"summary_large_image\" \/>\n<meta name=\"twitter:label1\" content=\"Procijenjeno vrijeme \u010ditanja\" \/>\n\t<meta name=\"twitter:data1\" content=\"1 minuta\" \/>\n<script type=\"application\/ld+json\" class=\"yoast-schema-graph\">{\"@context\":\"https:\/\/schema.org\",\"@graph\":[{\"@type\":\"WebPage\",\"@id\":\"https:\/\/16meridianstore.com\/hr\/proizvod\/venezia-freestanding-cooker-pbig96wfmt-aeo\/\",\"url\":\"https:\/\/16meridianstore.com\/hr\/proizvod\/venezia-freestanding-cooker-pbig96wfmt-aeo\/\",\"name\":\"VENEZIA SAMOSTOJE\u0106I \u0160TEDNJAK PBIG96WFMT\/ AEO - 16meridianstore.com\",\"isPartOf\":{\"@id\":\"https:\/\/16meridianstore.com\/#website\"},\"primaryImageOfPage\":{\"@id\":\"https:\/\/16meridianstore.com\/hr\/proizvod\/venezia-freestanding-cooker-pbig96wfmt-aeo\/#primaryimage\"},\"image\":{\"@id\":\"https:\/\/16meridianstore.com\/hr\/proizvod\/venezia-freestanding-cooker-pbig96wfmt-aeo\/#primaryimage\"},\"thumbnailUrl\":\"https:\/\/16meridianstore.com\/wp-content\/uploads\/2024\/05\/pbig96mft_5i_photo-1030x1030-1.jpg\",\"datePublished\":\"2024-05-16T15:11:43+00:00\",\"dateModified\":\"2025-03-10T11:36:53+00:00\",\"breadcrumb\":{\"@id\":\"https:\/\/16meridianstore.com\/hr\/proizvod\/venezia-freestanding-cooker-pbig96wfmt-aeo\/#breadcrumb\"},\"inLanguage\":\"hr\",\"potentialAction\":[{\"@type\":\"ReadAction\",\"target\":[\"https:\/\/16meridianstore.com\/hr\/proizvod\/venezia-freestanding-cooker-pbig96wfmt-aeo\/\"]}]},{\"@type\":\"ImageObject\",\"inLanguage\":\"hr\",\"@id\":\"https:\/\/16meridianstore.com\/hr\/proizvod\/venezia-freestanding-cooker-pbig96wfmt-aeo\/#primaryimage\",\"url\":\"https:\/\/16meridianstore.com\/wp-content\/uploads\/2024\/05\/pbig96mft_5i_photo-1030x1030-1.jpg\",\"contentUrl\":\"https:\/\/16meridianstore.com\/wp-content\/uploads\/2024\/05\/pbig96mft_5i_photo-1030x1030-1.jpg\",\"width\":1030,\"height\":1030},{\"@type\":\"BreadcrumbList\",\"@id\":\"https:\/\/16meridianstore.com\/hr\/proizvod\/venezia-freestanding-cooker-pbig96wfmt-aeo\/#breadcrumb\",\"itemListElement\":[{\"@type\":\"ListItem\",\"position\":1,\"name\":\"Home\",\"item\":\"https:\/\/16meridianstore.com\/hr\/\"},{\"@type\":\"ListItem\",\"position\":2,\"name\":\"Shop\",\"item\":\"https:\/\/16meridianstore.com\/hr\/shop\/\"},{\"@type\":\"ListItem\",\"position\":3,\"name\":\"VENEZIA SAMOSTOJE\u0106I \u0160TEDNJAK PBIG96WFMT\/ AEO\"}]},{\"@type\":\"WebSite\",\"@id\":\"https:\/\/16meridianstore.com\/#website\",\"url\":\"https:\/\/16meridianstore.com\/\",\"name\":\"16meridianstore.com\",\"description\":\"Store\",\"publisher\":{\"@id\":\"https:\/\/16meridianstore.com\/#organization\"},\"potentialAction\":[{\"@type\":\"SearchAction\",\"target\":{\"@type\":\"EntryPoint\",\"urlTemplate\":\"https:\/\/16meridianstore.com\/?s={search_term_string}\"},\"query-input\":{\"@type\":\"PropertyValueSpecification\",\"valueRequired\":true,\"valueName\":\"search_term_string\"}}],\"inLanguage\":\"hr\"},{\"@type\":\"Organization\",\"@id\":\"https:\/\/16meridianstore.com\/#organization\",\"name\":\"16meridianstore.com\",\"url\":\"https:\/\/16meridianstore.com\/\",\"logo\":{\"@type\":\"ImageObject\",\"inLanguage\":\"hr\",\"@id\":\"https:\/\/16meridianstore.com\/#\/schema\/logo\/image\/\",\"url\":\"https:\/\/16meridianstore.com\/wp-content\/uploads\/2020\/11\/logo_16_200-1.jpg\",\"contentUrl\":\"https:\/\/16meridianstore.com\/wp-content\/uploads\/2020\/11\/logo_16_200-1.jpg\",\"width\":123,\"height\":95,\"caption\":\"16meridianstore.com\"},\"image\":{\"@id\":\"https:\/\/16meridianstore.com\/#\/schema\/logo\/image\/\"}}]}<\/script>\n<!-- \/ Yoast SEO plugin. -->","yoast_head_json":{"title":"VENEZIA SAMOSTOJE\u0106I \u0160TEDNJAK PBIG96WFMT\/ AEO - 16meridianstore.com","robots":{"index":"index","follow":"follow","max-snippet":"max-snippet:-1","max-image-preview":"max-image-preview:large","max-video-preview":"max-video-preview:-1"},"canonical":"https:\/\/16meridianstore.com\/hr\/proizvod\/venezia-freestanding-cooker-pbig96wfmt-aeo\/","og_locale":"hr_HR","og_type":"article","og_title":"VENEZIA SAMOSTOJE\u0106I \u0160TEDNJAK PBIG96WFMT\/ AEO - 16meridianstore.com","og_description":"Opis Dimenzije: 90 x 60 Boja: Pearl Zavr\u0161etak: mesing Tako\u0111er dostupan s bron\u010danom ili kromiranom zavr\u0161nom obradom Podesive noge Plo\u010da","og_url":"https:\/\/16meridianstore.com\/hr\/proizvod\/venezia-freestanding-cooker-pbig96wfmt-aeo\/","og_site_name":"16meridianstore.com","article_modified_time":"2025-03-10T11:36:53+00:00","og_image":[{"width":1030,"height":1030,"url":"https:\/\/16meridianstore.com\/wp-content\/uploads\/2024\/05\/pbig96mft_5i_photo-1030x1030-1.jpg","type":"image\/jpeg"}],"twitter_card":"summary_large_image","twitter_misc":{"Procijenjeno vrijeme \u010ditanja":"1 minuta"},"schema":{"@context":"https:\/\/schema.org","@graph":[{"@type":"WebPage","@id":"https:\/\/16meridianstore.com\/hr\/proizvod\/venezia-freestanding-cooker-pbig96wfmt-aeo\/","url":"https:\/\/16meridianstore.com\/hr\/proizvod\/venezia-freestanding-cooker-pbig96wfmt-aeo\/","name":"VENEZIA SAMOSTOJE\u0106I \u0160TEDNJAK PBIG96WFMT\/ AEO - 16meridianstore.com","isPartOf":{"@id":"https:\/\/16meridianstore.com\/#website"},"primaryImageOfPage":{"@id":"https:\/\/16meridianstore.com\/hr\/proizvod\/venezia-freestanding-cooker-pbig96wfmt-aeo\/#primaryimage"},"image":{"@id":"https:\/\/16meridianstore.com\/hr\/proizvod\/venezia-freestanding-cooker-pbig96wfmt-aeo\/#primaryimage"},"thumbnailUrl":"https:\/\/16meridianstore.com\/wp-content\/uploads\/2024\/05\/pbig96mft_5i_photo-1030x1030-1.jpg","datePublished":"2024-05-16T15:11:43+00:00","dateModified":"2025-03-10T11:36:53+00:00","breadcrumb":{"@id":"https:\/\/16meridianstore.com\/hr\/proizvod\/venezia-freestanding-cooker-pbig96wfmt-aeo\/#breadcrumb"},"inLanguage":"hr","potentialAction":[{"@type":"ReadAction","target":["https:\/\/16meridianstore.com\/hr\/proizvod\/venezia-freestanding-cooker-pbig96wfmt-aeo\/"]}]},{"@type":"ImageObject","inLanguage":"hr","@id":"https:\/\/16meridianstore.com\/hr\/proizvod\/venezia-freestanding-cooker-pbig96wfmt-aeo\/#primaryimage","url":"https:\/\/16meridianstore.com\/wp-content\/uploads\/2024\/05\/pbig96mft_5i_photo-1030x1030-1.jpg","contentUrl":"https:\/\/16meridianstore.com\/wp-content\/uploads\/2024\/05\/pbig96mft_5i_photo-1030x1030-1.jpg","width":1030,"height":1030},{"@type":"BreadcrumbList","@id":"https:\/\/16meridianstore.com\/hr\/proizvod\/venezia-freestanding-cooker-pbig96wfmt-aeo\/#breadcrumb","itemListElement":[{"@type":"ListItem","position":1,"name":"Home","item":"https:\/\/16meridianstore.com\/hr\/"},{"@type":"ListItem","position":2,"name":"Shop","item":"https:\/\/16meridianstore.com\/hr\/shop\/"},{"@type":"ListItem","position":3,"name":"VENEZIA SAMOSTOJE\u0106I \u0160TEDNJAK PBIG96WFMT\/ AEO"}]},{"@type":"WebSite","@id":"https:\/\/16meridianstore.com\/#website","url":"https:\/\/16meridianstore.com\/","name":"16meridianstore.com","description":"Store","publisher":{"@id":"https:\/\/16meridianstore.com\/#organization"},"potentialAction":[{"@type":"SearchAction","target":{"@type":"EntryPoint","urlTemplate":"https:\/\/16meridianstore.com\/?s={search_term_string}"},"query-input":{"@type":"PropertyValueSpecification","valueRequired":true,"valueName":"search_term_string"}}],"inLanguage":"hr"},{"@type":"Organization","@id":"https:\/\/16meridianstore.com\/#organization","name":"16meridianstore.com","url":"https:\/\/16meridianstore.com\/","logo":{"@type":"ImageObject","inLanguage":"hr","@id":"https:\/\/16meridianstore.com\/#\/schema\/logo\/image\/","url":"https:\/\/16meridianstore.com\/wp-content\/uploads\/2020\/11\/logo_16_200-1.jpg","contentUrl":"https:\/\/16meridianstore.com\/wp-content\/uploads\/2020\/11\/logo_16_200-1.jpg","width":123,"height":95,"caption":"16meridianstore.com"},"image":{"@id":"https:\/\/16meridianstore.com\/#\/schema\/logo\/image\/"}}]}},"_links":{"self":[{"href":"https:\/\/16meridianstore.com\/hr\/wp-json\/wp\/v2\/product\/27076","targetHints":{"allow":["GET"]}}],"collection":[{"href":"https:\/\/16meridianstore.com\/hr\/wp-json\/wp\/v2\/product"}],"about":[{"href":"https:\/\/16meridianstore.com\/hr\/wp-json\/wp\/v2\/types\/product"}],"wp:featuredmedia":[{"embeddable":true,"href":"https:\/\/16meridianstore.com\/hr\/wp-json\/wp\/v2\/media\/27072"}],"wp:attachment":[{"href":"https:\/\/16meridianstore.com\/hr\/wp-json\/wp\/v2\/media?parent=27076"}],"wp:term":[{"taxonomy":"product_brand","embeddable":true,"href":"https:\/\/16meridianstore.com\/hr\/wp-json\/wp\/v2\/product_brand?post=27076"},{"taxonomy":"product_cat","embeddable":true,"href":"https:\/\/16meridianstore.com\/hr\/wp-json\/wp\/v2\/product_cat?post=27076"},{"taxonomy":"product_tag","embeddable":true,"href":"https:\/\/16meridianstore.com\/hr\/wp-json\/wp\/v2\/product_tag?post=27076"}],"curies":[{"name":"wp","href":"https:\/\/api.w.org\/{rel}","templated":true}]}}