{"id":26818,"date":"2024-04-15T14:46:27","date_gmt":"2024-04-15T12:46:27","guid":{"rendered":"https:\/\/16meridianstore.com\/?post_type=product&#038;p=26818"},"modified":"2025-03-10T12:37:32","modified_gmt":"2025-03-10T11:37:32","slug":"maxima-samostojeci-stednjak-m76gv-c","status":"publish","type":"product","link":"https:\/\/16meridianstore.com\/hr\/proizvod\/maxima-samostojeci-stednjak-m76gv-c\/","title":{"rendered":"MAXIMA SAMOSTOJE\u0106I \u0160TEDNJAK M76GV\/C"},"content":{"rendered":"<p>Opis<\/p>\n<p>Dimenzije: 70x60x85\/90,5<\/p>\n<p>Boja: nehr\u0111aju\u0107i \u010delik<\/p>\n<p>Zavr\u0161na obrada: nehr\u0111aju\u0107i \u010delik<\/p>\n<p>Podesive noge<\/p>\n<p>&nbsp;<\/p>\n<p>Plo\u010da za kuhanje<\/p>\n<p>Polirana povr\u0161ina<\/p>\n<p>4 plinska plamenika s ventilima<\/p>\n<p>Visokou\u010dinkoviti plamenici serije Sabaf III<\/p>\n<p>1 trostruka kruna<\/p>\n<p>Gas-Stop za\u0161tita<\/p>\n<p>&nbsp;<\/p>\n<p>Pe\u0107nica<\/p>\n<p>Ventilirani plin<\/p>\n<p>Gas-Stop za\u0161tita<\/p>\n<p>Bruto zapremnina 70,5 l<\/p>\n<p>Max. temperatura: 270<\/p>\n<p>Elektri\u010dni ro\u0161tilj<\/p>\n<p>Mjera\u010d vremena<\/p>\n<p>Opcija: Teppanyaki, stakleni poklopac<\/p>\n<p>&nbsp;<\/p>\n<p>Cod. 41110095<br \/>\nBarcode 8022389012377<\/p>\n<p>Jamstvo je 24 mjeseca.<br \/>\nProizvod je namjenjen isklju\u010divo za kori\u0161tenje u ku\u0107anstvu.<\/p>\n","protected":false},"excerpt":{"rendered":"<p>Opis Dimenzije: 70x60x85\/90,5 Boja: nehr\u0111aju\u0107i \u010delik Zavr\u0161na obrada: nehr\u0111aju\u0107i \u010delik Podesive noge &nbsp; Plo\u010da za kuhanje Polirana povr\u0161ina 4 plinska<\/p>\n","protected":false},"featured_media":26812,"template":"","meta":[],"product_brand":[],"product_cat":[1358],"product_tag":[],"class_list":{"0":"post-26818","1":"product","2":"type-product","3":"status-publish","4":"has-post-thumbnail","6":"product_cat-samostojeci-uredjaji","8":"first","9":"instock","10":"taxable","11":"shipping-taxable","12":"purchasable","13":"product-type-simple"},"yoast_head":"<!-- This site is optimized with the Yoast SEO plugin v26.5 - https:\/\/yoast.com\/wordpress\/plugins\/seo\/ -->\n<title>MAXIMA SAMOSTOJE\u0106I \u0160TEDNJAK M76GV\/C - 16meridianstore.com<\/title>\n<meta name=\"robots\" content=\"index, follow, max-snippet:-1, max-image-preview:large, max-video-preview:-1\" \/>\n<link rel=\"canonical\" href=\"https:\/\/16meridianstore.com\/hr\/proizvod\/maxima-samostojeci-stednjak-m76gv-c\/\" \/>\n<meta property=\"og:locale\" content=\"hr_HR\" \/>\n<meta property=\"og:type\" content=\"article\" \/>\n<meta property=\"og:title\" content=\"MAXIMA SAMOSTOJE\u0106I \u0160TEDNJAK M76GV\/C - 16meridianstore.com\" \/>\n<meta property=\"og:description\" content=\"Opis Dimenzije: 70x60x85\/90,5 Boja: nehr\u0111aju\u0107i \u010delik Zavr\u0161na obrada: nehr\u0111aju\u0107i \u010delik Podesive noge &nbsp; Plo\u010da za kuhanje Polirana povr\u0161ina 4 plinska\" \/>\n<meta property=\"og:url\" content=\"https:\/\/16meridianstore.com\/hr\/proizvod\/maxima-samostojeci-stednjak-m76gv-c\/\" \/>\n<meta property=\"og:site_name\" content=\"16meridianstore.com\" \/>\n<meta property=\"article:modified_time\" content=\"2025-03-10T11:37:32+00:00\" \/>\n<meta property=\"og:image\" content=\"https:\/\/16meridianstore.com\/wp-content\/uploads\/2024\/04\/maxima-m76gv-c.jpg\" \/>\n\t<meta property=\"og:image:width\" content=\"450\" \/>\n\t<meta property=\"og:image:height\" content=\"594\" \/>\n\t<meta property=\"og:image:type\" content=\"image\/jpeg\" \/>\n<meta name=\"twitter:card\" content=\"summary_large_image\" \/>\n<meta name=\"twitter:label1\" content=\"Procijenjeno vrijeme \u010ditanja\" \/>\n\t<meta name=\"twitter:data1\" content=\"1 minuta\" \/>\n<script type=\"application\/ld+json\" class=\"yoast-schema-graph\">{\"@context\":\"https:\/\/schema.org\",\"@graph\":[{\"@type\":\"WebPage\",\"@id\":\"https:\/\/16meridianstore.com\/hr\/proizvod\/maxima-samostojeci-stednjak-m76gv-c\/\",\"url\":\"https:\/\/16meridianstore.com\/hr\/proizvod\/maxima-samostojeci-stednjak-m76gv-c\/\",\"name\":\"MAXIMA SAMOSTOJE\u0106I \u0160TEDNJAK M76GV\/C - 16meridianstore.com\",\"isPartOf\":{\"@id\":\"https:\/\/16meridianstore.com\/#website\"},\"primaryImageOfPage\":{\"@id\":\"https:\/\/16meridianstore.com\/hr\/proizvod\/maxima-samostojeci-stednjak-m76gv-c\/#primaryimage\"},\"image\":{\"@id\":\"https:\/\/16meridianstore.com\/hr\/proizvod\/maxima-samostojeci-stednjak-m76gv-c\/#primaryimage\"},\"thumbnailUrl\":\"https:\/\/16meridianstore.com\/wp-content\/uploads\/2024\/04\/maxima-m76gv-c.jpg\",\"datePublished\":\"2024-04-15T12:46:27+00:00\",\"dateModified\":\"2025-03-10T11:37:32+00:00\",\"breadcrumb\":{\"@id\":\"https:\/\/16meridianstore.com\/hr\/proizvod\/maxima-samostojeci-stednjak-m76gv-c\/#breadcrumb\"},\"inLanguage\":\"hr\",\"potentialAction\":[{\"@type\":\"ReadAction\",\"target\":[\"https:\/\/16meridianstore.com\/hr\/proizvod\/maxima-samostojeci-stednjak-m76gv-c\/\"]}]},{\"@type\":\"ImageObject\",\"inLanguage\":\"hr\",\"@id\":\"https:\/\/16meridianstore.com\/hr\/proizvod\/maxima-samostojeci-stednjak-m76gv-c\/#primaryimage\",\"url\":\"https:\/\/16meridianstore.com\/wp-content\/uploads\/2024\/04\/maxima-m76gv-c.jpg\",\"contentUrl\":\"https:\/\/16meridianstore.com\/wp-content\/uploads\/2024\/04\/maxima-m76gv-c.jpg\",\"width\":450,\"height\":594},{\"@type\":\"BreadcrumbList\",\"@id\":\"https:\/\/16meridianstore.com\/hr\/proizvod\/maxima-samostojeci-stednjak-m76gv-c\/#breadcrumb\",\"itemListElement\":[{\"@type\":\"ListItem\",\"position\":1,\"name\":\"Home\",\"item\":\"https:\/\/16meridianstore.com\/hr\/\"},{\"@type\":\"ListItem\",\"position\":2,\"name\":\"Shop\",\"item\":\"https:\/\/16meridianstore.com\/hr\/shop\/\"},{\"@type\":\"ListItem\",\"position\":3,\"name\":\"MAXIMA SAMOSTOJE\u0106I \u0160TEDNJAK M76GV\/C\"}]},{\"@type\":\"WebSite\",\"@id\":\"https:\/\/16meridianstore.com\/#website\",\"url\":\"https:\/\/16meridianstore.com\/\",\"name\":\"16meridianstore.com\",\"description\":\"Store\",\"publisher\":{\"@id\":\"https:\/\/16meridianstore.com\/#organization\"},\"potentialAction\":[{\"@type\":\"SearchAction\",\"target\":{\"@type\":\"EntryPoint\",\"urlTemplate\":\"https:\/\/16meridianstore.com\/?s={search_term_string}\"},\"query-input\":{\"@type\":\"PropertyValueSpecification\",\"valueRequired\":true,\"valueName\":\"search_term_string\"}}],\"inLanguage\":\"hr\"},{\"@type\":\"Organization\",\"@id\":\"https:\/\/16meridianstore.com\/#organization\",\"name\":\"16meridianstore.com\",\"url\":\"https:\/\/16meridianstore.com\/\",\"logo\":{\"@type\":\"ImageObject\",\"inLanguage\":\"hr\",\"@id\":\"https:\/\/16meridianstore.com\/#\/schema\/logo\/image\/\",\"url\":\"https:\/\/16meridianstore.com\/wp-content\/uploads\/2020\/11\/logo_16_200-1.jpg\",\"contentUrl\":\"https:\/\/16meridianstore.com\/wp-content\/uploads\/2020\/11\/logo_16_200-1.jpg\",\"width\":123,\"height\":95,\"caption\":\"16meridianstore.com\"},\"image\":{\"@id\":\"https:\/\/16meridianstore.com\/#\/schema\/logo\/image\/\"}}]}<\/script>\n<!-- \/ Yoast SEO plugin. -->","yoast_head_json":{"title":"MAXIMA SAMOSTOJE\u0106I \u0160TEDNJAK M76GV\/C - 16meridianstore.com","robots":{"index":"index","follow":"follow","max-snippet":"max-snippet:-1","max-image-preview":"max-image-preview:large","max-video-preview":"max-video-preview:-1"},"canonical":"https:\/\/16meridianstore.com\/hr\/proizvod\/maxima-samostojeci-stednjak-m76gv-c\/","og_locale":"hr_HR","og_type":"article","og_title":"MAXIMA SAMOSTOJE\u0106I \u0160TEDNJAK M76GV\/C - 16meridianstore.com","og_description":"Opis Dimenzije: 70x60x85\/90,5 Boja: nehr\u0111aju\u0107i \u010delik Zavr\u0161na obrada: nehr\u0111aju\u0107i \u010delik Podesive noge &nbsp; Plo\u010da za kuhanje Polirana povr\u0161ina 4 plinska","og_url":"https:\/\/16meridianstore.com\/hr\/proizvod\/maxima-samostojeci-stednjak-m76gv-c\/","og_site_name":"16meridianstore.com","article_modified_time":"2025-03-10T11:37:32+00:00","og_image":[{"width":450,"height":594,"url":"https:\/\/16meridianstore.com\/wp-content\/uploads\/2024\/04\/maxima-m76gv-c.jpg","type":"image\/jpeg"}],"twitter_card":"summary_large_image","twitter_misc":{"Procijenjeno vrijeme \u010ditanja":"1 minuta"},"schema":{"@context":"https:\/\/schema.org","@graph":[{"@type":"WebPage","@id":"https:\/\/16meridianstore.com\/hr\/proizvod\/maxima-samostojeci-stednjak-m76gv-c\/","url":"https:\/\/16meridianstore.com\/hr\/proizvod\/maxima-samostojeci-stednjak-m76gv-c\/","name":"MAXIMA SAMOSTOJE\u0106I \u0160TEDNJAK M76GV\/C - 16meridianstore.com","isPartOf":{"@id":"https:\/\/16meridianstore.com\/#website"},"primaryImageOfPage":{"@id":"https:\/\/16meridianstore.com\/hr\/proizvod\/maxima-samostojeci-stednjak-m76gv-c\/#primaryimage"},"image":{"@id":"https:\/\/16meridianstore.com\/hr\/proizvod\/maxima-samostojeci-stednjak-m76gv-c\/#primaryimage"},"thumbnailUrl":"https:\/\/16meridianstore.com\/wp-content\/uploads\/2024\/04\/maxima-m76gv-c.jpg","datePublished":"2024-04-15T12:46:27+00:00","dateModified":"2025-03-10T11:37:32+00:00","breadcrumb":{"@id":"https:\/\/16meridianstore.com\/hr\/proizvod\/maxima-samostojeci-stednjak-m76gv-c\/#breadcrumb"},"inLanguage":"hr","potentialAction":[{"@type":"ReadAction","target":["https:\/\/16meridianstore.com\/hr\/proizvod\/maxima-samostojeci-stednjak-m76gv-c\/"]}]},{"@type":"ImageObject","inLanguage":"hr","@id":"https:\/\/16meridianstore.com\/hr\/proizvod\/maxima-samostojeci-stednjak-m76gv-c\/#primaryimage","url":"https:\/\/16meridianstore.com\/wp-content\/uploads\/2024\/04\/maxima-m76gv-c.jpg","contentUrl":"https:\/\/16meridianstore.com\/wp-content\/uploads\/2024\/04\/maxima-m76gv-c.jpg","width":450,"height":594},{"@type":"BreadcrumbList","@id":"https:\/\/16meridianstore.com\/hr\/proizvod\/maxima-samostojeci-stednjak-m76gv-c\/#breadcrumb","itemListElement":[{"@type":"ListItem","position":1,"name":"Home","item":"https:\/\/16meridianstore.com\/hr\/"},{"@type":"ListItem","position":2,"name":"Shop","item":"https:\/\/16meridianstore.com\/hr\/shop\/"},{"@type":"ListItem","position":3,"name":"MAXIMA SAMOSTOJE\u0106I \u0160TEDNJAK M76GV\/C"}]},{"@type":"WebSite","@id":"https:\/\/16meridianstore.com\/#website","url":"https:\/\/16meridianstore.com\/","name":"16meridianstore.com","description":"Store","publisher":{"@id":"https:\/\/16meridianstore.com\/#organization"},"potentialAction":[{"@type":"SearchAction","target":{"@type":"EntryPoint","urlTemplate":"https:\/\/16meridianstore.com\/?s={search_term_string}"},"query-input":{"@type":"PropertyValueSpecification","valueRequired":true,"valueName":"search_term_string"}}],"inLanguage":"hr"},{"@type":"Organization","@id":"https:\/\/16meridianstore.com\/#organization","name":"16meridianstore.com","url":"https:\/\/16meridianstore.com\/","logo":{"@type":"ImageObject","inLanguage":"hr","@id":"https:\/\/16meridianstore.com\/#\/schema\/logo\/image\/","url":"https:\/\/16meridianstore.com\/wp-content\/uploads\/2020\/11\/logo_16_200-1.jpg","contentUrl":"https:\/\/16meridianstore.com\/wp-content\/uploads\/2020\/11\/logo_16_200-1.jpg","width":123,"height":95,"caption":"16meridianstore.com"},"image":{"@id":"https:\/\/16meridianstore.com\/#\/schema\/logo\/image\/"}}]}},"_links":{"self":[{"href":"https:\/\/16meridianstore.com\/hr\/wp-json\/wp\/v2\/product\/26818","targetHints":{"allow":["GET"]}}],"collection":[{"href":"https:\/\/16meridianstore.com\/hr\/wp-json\/wp\/v2\/product"}],"about":[{"href":"https:\/\/16meridianstore.com\/hr\/wp-json\/wp\/v2\/types\/product"}],"wp:featuredmedia":[{"embeddable":true,"href":"https:\/\/16meridianstore.com\/hr\/wp-json\/wp\/v2\/media\/26812"}],"wp:attachment":[{"href":"https:\/\/16meridianstore.com\/hr\/wp-json\/wp\/v2\/media?parent=26818"}],"wp:term":[{"taxonomy":"product_brand","embeddable":true,"href":"https:\/\/16meridianstore.com\/hr\/wp-json\/wp\/v2\/product_brand?post=26818"},{"taxonomy":"product_cat","embeddable":true,"href":"https:\/\/16meridianstore.com\/hr\/wp-json\/wp\/v2\/product_cat?post=26818"},{"taxonomy":"product_tag","embeddable":true,"href":"https:\/\/16meridianstore.com\/hr\/wp-json\/wp\/v2\/product_tag?post=26818"}],"curies":[{"name":"wp","href":"https:\/\/api.w.org\/{rel}","templated":true}]}}