{"id":26775,"date":"2024-04-15T14:46:29","date_gmt":"2024-04-15T12:46:29","guid":{"rendered":"https:\/\/16meridianstore.com\/?post_type=product&#038;p=26775"},"modified":"2025-03-10T12:37:35","modified_gmt":"2025-03-10T11:37:35","slug":"dolcevita-samostojeci-stednjak-rrd156mftmft-aeov","status":"publish","type":"product","link":"https:\/\/16meridianstore.com\/hr\/proizvod\/dolcevita-samostojeci-stednjak-rrd156mftmft-aeov\/","title":{"rendered":"DOLCEVITA SAMOSTOJE\u0106I \u0160TEDNJAK RRD156MFT+MFT\/AEOV"},"content":{"rendered":"<p>RRD156MFT+MFT\/AEOV<\/p>\n<ul>\n<li>Dimenzije: 150x60x85\/90,5<\/li>\n<li>Boja: bordo crvena<\/li>\n<li>Zavr\u0161etak: mesing<\/li>\n<li>Podesive noge<\/li>\n<\/ul>\n<p>Plo\u010da za kuhanje<\/p>\n<ul>\n<li>6 plinskih plamenika s ventilima<\/li>\n<li>1 dvostruka kruna Dual<\/li>\n<li>Gas-Stop za\u0161tita<\/li>\n<li>1 dvozonska staklokerami\u010dka plo\u010da za kuhanje<\/li>\n<\/ul>\n<p>Glavna pe\u0107nica<\/p>\n<ul>\n<li>Elektri\u010dni vi\u0161enamjenski<\/li>\n<li>9 programa kuhanja<\/li>\n<li>Bruto zapremina 101 litra<\/li>\n<li>Max. temperatura: 270<\/li>\n<li>Elektri\u010dni ro\u0161tilj<\/li>\n<li>Ra\u017eanj<\/li>\n<li>Mjera\u010d vremena za kraj kuhanja<\/li>\n<li>Teleskopske kliza\u010de pe\u0107nice<\/li>\n<\/ul>\n<p>Sekundarna pe\u0107nica<\/p>\n<ul>\n<li>Elektri\u010dni vi\u0161enamjenski<\/li>\n<li>9 programa kuhanja<\/li>\n<li>Bruto kapacitet 72 lt<\/li>\n<li>Max. temperatura: 270\u00b0<\/li>\n<li>Ra\u017eanj<\/li>\n<li>Digitalni programator za po\u010detak i kraj vremena kuhanja<\/li>\n<li>Teleskopske vodilice za pe\u0107nicu<\/li>\n<li>Emajlirana pe\u0107nica \u201eEasy to clean\u201c<\/li>\n<li>Dvostruki tangencijalni ventilator za hla\u0111enje<\/li>\n<li>Dodatno: postolje, Splashback 150, Dolcevita napa 150, Teppanyaki<\/li>\n<\/ul>\n<p>\u0160ifre za boje zavr\u0161ne obrade upravljanja:<\/p>\n<ul>\n<li>Mesing\u00a0 63010003<\/li>\n<li>Bronca 63010012<\/li>\n<li>Krom 63010011<\/li>\n<\/ul>\n<p>Barkod 8022389017822<\/p>\n<p>Jamstvo je 24 mjeseca.<br \/>\nProizvod je namjenjen isklju\u010divo za kori\u0161tenje u ku\u0107anstvu.<\/p>\n","protected":false},"excerpt":{"rendered":"<p>RRD156MFT+MFT\/AEOV Dimenzije: 150x60x85\/90,5 Boja: bordo crvena Zavr\u0161etak: mesing Podesive noge Plo\u010da za kuhanje 6 plinskih plamenika s ventilima 1 dvostruka<\/p>\n","protected":false},"featured_media":26772,"template":"","meta":[],"product_brand":[],"product_cat":[1358],"product_tag":[],"class_list":{"0":"post-26775","1":"product","2":"type-product","3":"status-publish","4":"has-post-thumbnail","6":"product_cat-samostojeci-uredjaji","8":"first","9":"instock","10":"taxable","11":"shipping-taxable","12":"purchasable","13":"product-type-simple"},"yoast_head":"<!-- This site is optimized with the Yoast SEO plugin v26.5 - https:\/\/yoast.com\/wordpress\/plugins\/seo\/ -->\n<title>DOLCEVITA SAMOSTOJE\u0106I \u0160TEDNJAK RRD156MFT+MFT\/AEOV - 16meridianstore.com<\/title>\n<meta name=\"robots\" content=\"index, follow, max-snippet:-1, max-image-preview:large, max-video-preview:-1\" \/>\n<link rel=\"canonical\" href=\"https:\/\/16meridianstore.com\/hr\/proizvod\/dolcevita-samostojeci-stednjak-rrd156mftmft-aeov\/\" \/>\n<meta property=\"og:locale\" content=\"hr_HR\" \/>\n<meta property=\"og:type\" content=\"article\" \/>\n<meta property=\"og:title\" content=\"DOLCEVITA SAMOSTOJE\u0106I \u0160TEDNJAK RRD156MFT+MFT\/AEOV - 16meridianstore.com\" \/>\n<meta property=\"og:description\" content=\"RRD156MFT+MFT\/AEOV Dimenzije: 150x60x85\/90,5 Boja: bordo crvena Zavr\u0161etak: mesing Podesive noge Plo\u010da za kuhanje 6 plinskih plamenika s ventilima 1 dvostruka\" \/>\n<meta property=\"og:url\" content=\"https:\/\/16meridianstore.com\/hr\/proizvod\/dolcevita-samostojeci-stednjak-rrd156mftmft-aeov\/\" \/>\n<meta property=\"og:site_name\" content=\"16meridianstore.com\" \/>\n<meta property=\"article:modified_time\" content=\"2025-03-10T11:37:35+00:00\" \/>\n<meta property=\"og:image\" content=\"https:\/\/16meridianstore.com\/wp-content\/uploads\/2024\/03\/rrd156mftmftaeov.jpg\" \/>\n\t<meta property=\"og:image:width\" content=\"400\" \/>\n\t<meta property=\"og:image:height\" content=\"302\" \/>\n\t<meta property=\"og:image:type\" content=\"image\/jpeg\" \/>\n<meta name=\"twitter:card\" content=\"summary_large_image\" \/>\n<meta name=\"twitter:label1\" content=\"Procijenjeno vrijeme \u010ditanja\" \/>\n\t<meta name=\"twitter:data1\" content=\"1 minuta\" \/>\n<script type=\"application\/ld+json\" class=\"yoast-schema-graph\">{\"@context\":\"https:\/\/schema.org\",\"@graph\":[{\"@type\":\"WebPage\",\"@id\":\"https:\/\/16meridianstore.com\/hr\/proizvod\/dolcevita-samostojeci-stednjak-rrd156mftmft-aeov\/\",\"url\":\"https:\/\/16meridianstore.com\/hr\/proizvod\/dolcevita-samostojeci-stednjak-rrd156mftmft-aeov\/\",\"name\":\"DOLCEVITA SAMOSTOJE\u0106I \u0160TEDNJAK RRD156MFT+MFT\/AEOV - 16meridianstore.com\",\"isPartOf\":{\"@id\":\"https:\/\/16meridianstore.com\/#website\"},\"primaryImageOfPage\":{\"@id\":\"https:\/\/16meridianstore.com\/hr\/proizvod\/dolcevita-samostojeci-stednjak-rrd156mftmft-aeov\/#primaryimage\"},\"image\":{\"@id\":\"https:\/\/16meridianstore.com\/hr\/proizvod\/dolcevita-samostojeci-stednjak-rrd156mftmft-aeov\/#primaryimage\"},\"thumbnailUrl\":\"https:\/\/16meridianstore.com\/wp-content\/uploads\/2024\/03\/rrd156mftmftaeov.jpg\",\"datePublished\":\"2024-04-15T12:46:29+00:00\",\"dateModified\":\"2025-03-10T11:37:35+00:00\",\"breadcrumb\":{\"@id\":\"https:\/\/16meridianstore.com\/hr\/proizvod\/dolcevita-samostojeci-stednjak-rrd156mftmft-aeov\/#breadcrumb\"},\"inLanguage\":\"hr\",\"potentialAction\":[{\"@type\":\"ReadAction\",\"target\":[\"https:\/\/16meridianstore.com\/hr\/proizvod\/dolcevita-samostojeci-stednjak-rrd156mftmft-aeov\/\"]}]},{\"@type\":\"ImageObject\",\"inLanguage\":\"hr\",\"@id\":\"https:\/\/16meridianstore.com\/hr\/proizvod\/dolcevita-samostojeci-stednjak-rrd156mftmft-aeov\/#primaryimage\",\"url\":\"https:\/\/16meridianstore.com\/wp-content\/uploads\/2024\/03\/rrd156mftmftaeov.jpg\",\"contentUrl\":\"https:\/\/16meridianstore.com\/wp-content\/uploads\/2024\/03\/rrd156mftmftaeov.jpg\",\"width\":400,\"height\":302},{\"@type\":\"BreadcrumbList\",\"@id\":\"https:\/\/16meridianstore.com\/hr\/proizvod\/dolcevita-samostojeci-stednjak-rrd156mftmft-aeov\/#breadcrumb\",\"itemListElement\":[{\"@type\":\"ListItem\",\"position\":1,\"name\":\"Home\",\"item\":\"https:\/\/16meridianstore.com\/hr\/\"},{\"@type\":\"ListItem\",\"position\":2,\"name\":\"Shop\",\"item\":\"https:\/\/16meridianstore.com\/hr\/shop\/\"},{\"@type\":\"ListItem\",\"position\":3,\"name\":\"DOLCEVITA SAMOSTOJE\u0106I \u0160TEDNJAK RRD156MFT+MFT\/AEOV\"}]},{\"@type\":\"WebSite\",\"@id\":\"https:\/\/16meridianstore.com\/#website\",\"url\":\"https:\/\/16meridianstore.com\/\",\"name\":\"16meridianstore.com\",\"description\":\"Store\",\"publisher\":{\"@id\":\"https:\/\/16meridianstore.com\/#organization\"},\"potentialAction\":[{\"@type\":\"SearchAction\",\"target\":{\"@type\":\"EntryPoint\",\"urlTemplate\":\"https:\/\/16meridianstore.com\/?s={search_term_string}\"},\"query-input\":{\"@type\":\"PropertyValueSpecification\",\"valueRequired\":true,\"valueName\":\"search_term_string\"}}],\"inLanguage\":\"hr\"},{\"@type\":\"Organization\",\"@id\":\"https:\/\/16meridianstore.com\/#organization\",\"name\":\"16meridianstore.com\",\"url\":\"https:\/\/16meridianstore.com\/\",\"logo\":{\"@type\":\"ImageObject\",\"inLanguage\":\"hr\",\"@id\":\"https:\/\/16meridianstore.com\/#\/schema\/logo\/image\/\",\"url\":\"https:\/\/16meridianstore.com\/wp-content\/uploads\/2020\/11\/logo_16_200-1.jpg\",\"contentUrl\":\"https:\/\/16meridianstore.com\/wp-content\/uploads\/2020\/11\/logo_16_200-1.jpg\",\"width\":123,\"height\":95,\"caption\":\"16meridianstore.com\"},\"image\":{\"@id\":\"https:\/\/16meridianstore.com\/#\/schema\/logo\/image\/\"}}]}<\/script>\n<!-- \/ Yoast SEO plugin. -->","yoast_head_json":{"title":"DOLCEVITA SAMOSTOJE\u0106I \u0160TEDNJAK RRD156MFT+MFT\/AEOV - 16meridianstore.com","robots":{"index":"index","follow":"follow","max-snippet":"max-snippet:-1","max-image-preview":"max-image-preview:large","max-video-preview":"max-video-preview:-1"},"canonical":"https:\/\/16meridianstore.com\/hr\/proizvod\/dolcevita-samostojeci-stednjak-rrd156mftmft-aeov\/","og_locale":"hr_HR","og_type":"article","og_title":"DOLCEVITA SAMOSTOJE\u0106I \u0160TEDNJAK RRD156MFT+MFT\/AEOV - 16meridianstore.com","og_description":"RRD156MFT+MFT\/AEOV Dimenzije: 150x60x85\/90,5 Boja: bordo crvena Zavr\u0161etak: mesing Podesive noge Plo\u010da za kuhanje 6 plinskih plamenika s ventilima 1 dvostruka","og_url":"https:\/\/16meridianstore.com\/hr\/proizvod\/dolcevita-samostojeci-stednjak-rrd156mftmft-aeov\/","og_site_name":"16meridianstore.com","article_modified_time":"2025-03-10T11:37:35+00:00","og_image":[{"width":400,"height":302,"url":"https:\/\/16meridianstore.com\/wp-content\/uploads\/2024\/03\/rrd156mftmftaeov.jpg","type":"image\/jpeg"}],"twitter_card":"summary_large_image","twitter_misc":{"Procijenjeno vrijeme \u010ditanja":"1 minuta"},"schema":{"@context":"https:\/\/schema.org","@graph":[{"@type":"WebPage","@id":"https:\/\/16meridianstore.com\/hr\/proizvod\/dolcevita-samostojeci-stednjak-rrd156mftmft-aeov\/","url":"https:\/\/16meridianstore.com\/hr\/proizvod\/dolcevita-samostojeci-stednjak-rrd156mftmft-aeov\/","name":"DOLCEVITA SAMOSTOJE\u0106I \u0160TEDNJAK RRD156MFT+MFT\/AEOV - 16meridianstore.com","isPartOf":{"@id":"https:\/\/16meridianstore.com\/#website"},"primaryImageOfPage":{"@id":"https:\/\/16meridianstore.com\/hr\/proizvod\/dolcevita-samostojeci-stednjak-rrd156mftmft-aeov\/#primaryimage"},"image":{"@id":"https:\/\/16meridianstore.com\/hr\/proizvod\/dolcevita-samostojeci-stednjak-rrd156mftmft-aeov\/#primaryimage"},"thumbnailUrl":"https:\/\/16meridianstore.com\/wp-content\/uploads\/2024\/03\/rrd156mftmftaeov.jpg","datePublished":"2024-04-15T12:46:29+00:00","dateModified":"2025-03-10T11:37:35+00:00","breadcrumb":{"@id":"https:\/\/16meridianstore.com\/hr\/proizvod\/dolcevita-samostojeci-stednjak-rrd156mftmft-aeov\/#breadcrumb"},"inLanguage":"hr","potentialAction":[{"@type":"ReadAction","target":["https:\/\/16meridianstore.com\/hr\/proizvod\/dolcevita-samostojeci-stednjak-rrd156mftmft-aeov\/"]}]},{"@type":"ImageObject","inLanguage":"hr","@id":"https:\/\/16meridianstore.com\/hr\/proizvod\/dolcevita-samostojeci-stednjak-rrd156mftmft-aeov\/#primaryimage","url":"https:\/\/16meridianstore.com\/wp-content\/uploads\/2024\/03\/rrd156mftmftaeov.jpg","contentUrl":"https:\/\/16meridianstore.com\/wp-content\/uploads\/2024\/03\/rrd156mftmftaeov.jpg","width":400,"height":302},{"@type":"BreadcrumbList","@id":"https:\/\/16meridianstore.com\/hr\/proizvod\/dolcevita-samostojeci-stednjak-rrd156mftmft-aeov\/#breadcrumb","itemListElement":[{"@type":"ListItem","position":1,"name":"Home","item":"https:\/\/16meridianstore.com\/hr\/"},{"@type":"ListItem","position":2,"name":"Shop","item":"https:\/\/16meridianstore.com\/hr\/shop\/"},{"@type":"ListItem","position":3,"name":"DOLCEVITA SAMOSTOJE\u0106I \u0160TEDNJAK RRD156MFT+MFT\/AEOV"}]},{"@type":"WebSite","@id":"https:\/\/16meridianstore.com\/#website","url":"https:\/\/16meridianstore.com\/","name":"16meridianstore.com","description":"Store","publisher":{"@id":"https:\/\/16meridianstore.com\/#organization"},"potentialAction":[{"@type":"SearchAction","target":{"@type":"EntryPoint","urlTemplate":"https:\/\/16meridianstore.com\/?s={search_term_string}"},"query-input":{"@type":"PropertyValueSpecification","valueRequired":true,"valueName":"search_term_string"}}],"inLanguage":"hr"},{"@type":"Organization","@id":"https:\/\/16meridianstore.com\/#organization","name":"16meridianstore.com","url":"https:\/\/16meridianstore.com\/","logo":{"@type":"ImageObject","inLanguage":"hr","@id":"https:\/\/16meridianstore.com\/#\/schema\/logo\/image\/","url":"https:\/\/16meridianstore.com\/wp-content\/uploads\/2020\/11\/logo_16_200-1.jpg","contentUrl":"https:\/\/16meridianstore.com\/wp-content\/uploads\/2020\/11\/logo_16_200-1.jpg","width":123,"height":95,"caption":"16meridianstore.com"},"image":{"@id":"https:\/\/16meridianstore.com\/#\/schema\/logo\/image\/"}}]}},"_links":{"self":[{"href":"https:\/\/16meridianstore.com\/hr\/wp-json\/wp\/v2\/product\/26775","targetHints":{"allow":["GET"]}}],"collection":[{"href":"https:\/\/16meridianstore.com\/hr\/wp-json\/wp\/v2\/product"}],"about":[{"href":"https:\/\/16meridianstore.com\/hr\/wp-json\/wp\/v2\/types\/product"}],"wp:featuredmedia":[{"embeddable":true,"href":"https:\/\/16meridianstore.com\/hr\/wp-json\/wp\/v2\/media\/26772"}],"wp:attachment":[{"href":"https:\/\/16meridianstore.com\/hr\/wp-json\/wp\/v2\/media?parent=26775"}],"wp:term":[{"taxonomy":"product_brand","embeddable":true,"href":"https:\/\/16meridianstore.com\/hr\/wp-json\/wp\/v2\/product_brand?post=26775"},{"taxonomy":"product_cat","embeddable":true,"href":"https:\/\/16meridianstore.com\/hr\/wp-json\/wp\/v2\/product_cat?post=26775"},{"taxonomy":"product_tag","embeddable":true,"href":"https:\/\/16meridianstore.com\/hr\/wp-json\/wp\/v2\/product_tag?post=26775"}],"curies":[{"name":"wp","href":"https:\/\/api.w.org\/{rel}","templated":true}]}}