{"id":26722,"date":"2024-04-15T14:46:33","date_gmt":"2024-04-15T12:46:33","guid":{"rendered":"https:\/\/16meridianstore.com\/?post_type=product&#038;p=26722"},"modified":"2025-03-10T12:37:50","modified_gmt":"2025-03-10T11:37:50","slug":"dolcevita-samostojeci-stednjak-rbig96mft-ci","status":"publish","type":"product","link":"https:\/\/16meridianstore.com\/hr\/proizvod\/dolcevita-samostojeci-stednjak-rbig96mft-ci\/","title":{"rendered":"DOLCEVITA SAMOSTOJE\u0106I \u0160TEDNJAK RBIG96MFT\/CI"},"content":{"rendered":"<p>RBIG96MFT\/CI<\/p>\n<ul>\n<li>Dimenzije: 90x60x85\/90,5<\/li>\n<li>Boja: Boja bjelokosti<\/li>\n<li>Zavr\u0161etak: mesing<\/li>\n<li>Podesive noge<\/li>\n<\/ul>\n<p>Plo\u010da za kuhanje<\/p>\n<ul>\n<li>Plinski plamenici s 5 ventila<\/li>\n<li>1 trostruka kruna<\/li>\n<li>Gas-Stop za\u0161tita<\/li>\n<\/ul>\n<p>Pe\u0107nica<\/p>\n<ul>\n<li>Elektri\u010dni vi\u0161enamjenski<\/li>\n<li>9 programa kuhanja<\/li>\n<li>Bruto zapremina 101 litra<\/li>\n<li>Max. temperatura: 270<\/li>\n<li>Elektri\u010dni ro\u0161tilj<\/li>\n<li>Ra\u017eanj<\/li>\n<li>Digitalni programator za po\u010detak i kraj vremena kuhanja<\/li>\n<li>Teleskopske vodilice za pe\u0107nicu<\/li>\n<li>Emajlirana pe\u0107nica \u201eEasy to clean &#8220;<\/li>\n<li>Tangencijalni ventilator za hla\u0111enje<\/li>\n<li>Opcija: Splashback 90, napa Dolcevita 90, stakleni poklopac, Teppanyaki<\/li>\n<\/ul>\n<p>\u0160ifre za boje zavr\u0161ne obrade upravljanja:<\/p>\n<ul>\n<li>Mesing 60060038<\/li>\n<li>Bronca 60060043<\/li>\n<li>Krom 60060060<\/li>\n<\/ul>\n<p>Barkod 8022389009780<\/p>\n<p>Jamstvo je 24 mjeseca.<br \/>\nProizvod je namjenjen isklju\u010divo za kori\u0161tenje u ku\u0107anstvu.<\/p>\n","protected":false},"excerpt":{"rendered":"<p>RBIG96MFT\/CI Dimenzije: 90x60x85\/90,5 Boja: Boja bjelokosti Zavr\u0161etak: mesing Podesive noge Plo\u010da za kuhanje Plinski plamenici s 5 ventila 1 trostruka<\/p>\n","protected":false},"featured_media":26717,"template":"","meta":[],"product_brand":[],"product_cat":[],"product_tag":[],"class_list":{"0":"post-26722","1":"product","2":"type-product","3":"status-publish","4":"has-post-thumbnail","7":"first","8":"instock","9":"taxable","10":"shipping-taxable","11":"purchasable","12":"product-type-simple"},"yoast_head":"<!-- This site is optimized with the Yoast SEO plugin v26.5 - https:\/\/yoast.com\/wordpress\/plugins\/seo\/ -->\n<title>DOLCEVITA SAMOSTOJE\u0106I \u0160TEDNJAK RBIG96MFT\/CI - 16meridianstore.com<\/title>\n<meta name=\"robots\" content=\"index, follow, max-snippet:-1, max-image-preview:large, max-video-preview:-1\" \/>\n<link rel=\"canonical\" href=\"https:\/\/16meridianstore.com\/hr\/proizvod\/dolcevita-samostojeci-stednjak-rbig96mft-ci\/\" \/>\n<meta property=\"og:locale\" content=\"hr_HR\" \/>\n<meta property=\"og:type\" content=\"article\" \/>\n<meta property=\"og:title\" content=\"DOLCEVITA SAMOSTOJE\u0106I \u0160TEDNJAK RBIG96MFT\/CI - 16meridianstore.com\" \/>\n<meta property=\"og:description\" content=\"RBIG96MFT\/CI Dimenzije: 90x60x85\/90,5 Boja: Boja bjelokosti Zavr\u0161etak: mesing Podesive noge Plo\u010da za kuhanje Plinski plamenici s 5 ventila 1 trostruka\" \/>\n<meta property=\"og:url\" content=\"https:\/\/16meridianstore.com\/hr\/proizvod\/dolcevita-samostojeci-stednjak-rbig96mft-ci\/\" \/>\n<meta property=\"og:site_name\" content=\"16meridianstore.com\" \/>\n<meta property=\"article:modified_time\" content=\"2025-03-10T11:37:50+00:00\" \/>\n<meta property=\"og:image\" content=\"https:\/\/16meridianstore.com\/wp-content\/uploads\/2024\/02\/RBIG96MFT_Ci.png\" \/>\n\t<meta property=\"og:image:width\" content=\"600\" \/>\n\t<meta property=\"og:image:height\" content=\"600\" \/>\n\t<meta property=\"og:image:type\" content=\"image\/png\" \/>\n<meta name=\"twitter:card\" content=\"summary_large_image\" \/>\n<meta name=\"twitter:label1\" content=\"Procijenjeno vrijeme \u010ditanja\" \/>\n\t<meta name=\"twitter:data1\" content=\"1 minuta\" \/>\n<script type=\"application\/ld+json\" class=\"yoast-schema-graph\">{\"@context\":\"https:\/\/schema.org\",\"@graph\":[{\"@type\":\"WebPage\",\"@id\":\"https:\/\/16meridianstore.com\/hr\/proizvod\/dolcevita-samostojeci-stednjak-rbig96mft-ci\/\",\"url\":\"https:\/\/16meridianstore.com\/hr\/proizvod\/dolcevita-samostojeci-stednjak-rbig96mft-ci\/\",\"name\":\"DOLCEVITA SAMOSTOJE\u0106I \u0160TEDNJAK RBIG96MFT\/CI - 16meridianstore.com\",\"isPartOf\":{\"@id\":\"https:\/\/16meridianstore.com\/#website\"},\"primaryImageOfPage\":{\"@id\":\"https:\/\/16meridianstore.com\/hr\/proizvod\/dolcevita-samostojeci-stednjak-rbig96mft-ci\/#primaryimage\"},\"image\":{\"@id\":\"https:\/\/16meridianstore.com\/hr\/proizvod\/dolcevita-samostojeci-stednjak-rbig96mft-ci\/#primaryimage\"},\"thumbnailUrl\":\"https:\/\/16meridianstore.com\/wp-content\/uploads\/2024\/02\/RBIG96MFT_Ci.png\",\"datePublished\":\"2024-04-15T12:46:33+00:00\",\"dateModified\":\"2025-03-10T11:37:50+00:00\",\"breadcrumb\":{\"@id\":\"https:\/\/16meridianstore.com\/hr\/proizvod\/dolcevita-samostojeci-stednjak-rbig96mft-ci\/#breadcrumb\"},\"inLanguage\":\"hr\",\"potentialAction\":[{\"@type\":\"ReadAction\",\"target\":[\"https:\/\/16meridianstore.com\/hr\/proizvod\/dolcevita-samostojeci-stednjak-rbig96mft-ci\/\"]}]},{\"@type\":\"ImageObject\",\"inLanguage\":\"hr\",\"@id\":\"https:\/\/16meridianstore.com\/hr\/proizvod\/dolcevita-samostojeci-stednjak-rbig96mft-ci\/#primaryimage\",\"url\":\"https:\/\/16meridianstore.com\/wp-content\/uploads\/2024\/02\/RBIG96MFT_Ci.png\",\"contentUrl\":\"https:\/\/16meridianstore.com\/wp-content\/uploads\/2024\/02\/RBIG96MFT_Ci.png\",\"width\":600,\"height\":600},{\"@type\":\"BreadcrumbList\",\"@id\":\"https:\/\/16meridianstore.com\/hr\/proizvod\/dolcevita-samostojeci-stednjak-rbig96mft-ci\/#breadcrumb\",\"itemListElement\":[{\"@type\":\"ListItem\",\"position\":1,\"name\":\"Home\",\"item\":\"https:\/\/16meridianstore.com\/hr\/\"},{\"@type\":\"ListItem\",\"position\":2,\"name\":\"Shop\",\"item\":\"https:\/\/16meridianstore.com\/hr\/shop\/\"},{\"@type\":\"ListItem\",\"position\":3,\"name\":\"DOLCEVITA SAMOSTOJE\u0106I \u0160TEDNJAK RBIG96MFT\/CI\"}]},{\"@type\":\"WebSite\",\"@id\":\"https:\/\/16meridianstore.com\/#website\",\"url\":\"https:\/\/16meridianstore.com\/\",\"name\":\"16meridianstore.com\",\"description\":\"Store\",\"publisher\":{\"@id\":\"https:\/\/16meridianstore.com\/#organization\"},\"potentialAction\":[{\"@type\":\"SearchAction\",\"target\":{\"@type\":\"EntryPoint\",\"urlTemplate\":\"https:\/\/16meridianstore.com\/?s={search_term_string}\"},\"query-input\":{\"@type\":\"PropertyValueSpecification\",\"valueRequired\":true,\"valueName\":\"search_term_string\"}}],\"inLanguage\":\"hr\"},{\"@type\":\"Organization\",\"@id\":\"https:\/\/16meridianstore.com\/#organization\",\"name\":\"16meridianstore.com\",\"url\":\"https:\/\/16meridianstore.com\/\",\"logo\":{\"@type\":\"ImageObject\",\"inLanguage\":\"hr\",\"@id\":\"https:\/\/16meridianstore.com\/#\/schema\/logo\/image\/\",\"url\":\"https:\/\/16meridianstore.com\/wp-content\/uploads\/2020\/11\/logo_16_200-1.jpg\",\"contentUrl\":\"https:\/\/16meridianstore.com\/wp-content\/uploads\/2020\/11\/logo_16_200-1.jpg\",\"width\":123,\"height\":95,\"caption\":\"16meridianstore.com\"},\"image\":{\"@id\":\"https:\/\/16meridianstore.com\/#\/schema\/logo\/image\/\"}}]}<\/script>\n<!-- \/ Yoast SEO plugin. -->","yoast_head_json":{"title":"DOLCEVITA SAMOSTOJE\u0106I \u0160TEDNJAK RBIG96MFT\/CI - 16meridianstore.com","robots":{"index":"index","follow":"follow","max-snippet":"max-snippet:-1","max-image-preview":"max-image-preview:large","max-video-preview":"max-video-preview:-1"},"canonical":"https:\/\/16meridianstore.com\/hr\/proizvod\/dolcevita-samostojeci-stednjak-rbig96mft-ci\/","og_locale":"hr_HR","og_type":"article","og_title":"DOLCEVITA SAMOSTOJE\u0106I \u0160TEDNJAK RBIG96MFT\/CI - 16meridianstore.com","og_description":"RBIG96MFT\/CI Dimenzije: 90x60x85\/90,5 Boja: Boja bjelokosti Zavr\u0161etak: mesing Podesive noge Plo\u010da za kuhanje Plinski plamenici s 5 ventila 1 trostruka","og_url":"https:\/\/16meridianstore.com\/hr\/proizvod\/dolcevita-samostojeci-stednjak-rbig96mft-ci\/","og_site_name":"16meridianstore.com","article_modified_time":"2025-03-10T11:37:50+00:00","og_image":[{"width":600,"height":600,"url":"https:\/\/16meridianstore.com\/wp-content\/uploads\/2024\/02\/RBIG96MFT_Ci.png","type":"image\/png"}],"twitter_card":"summary_large_image","twitter_misc":{"Procijenjeno vrijeme \u010ditanja":"1 minuta"},"schema":{"@context":"https:\/\/schema.org","@graph":[{"@type":"WebPage","@id":"https:\/\/16meridianstore.com\/hr\/proizvod\/dolcevita-samostojeci-stednjak-rbig96mft-ci\/","url":"https:\/\/16meridianstore.com\/hr\/proizvod\/dolcevita-samostojeci-stednjak-rbig96mft-ci\/","name":"DOLCEVITA SAMOSTOJE\u0106I \u0160TEDNJAK RBIG96MFT\/CI - 16meridianstore.com","isPartOf":{"@id":"https:\/\/16meridianstore.com\/#website"},"primaryImageOfPage":{"@id":"https:\/\/16meridianstore.com\/hr\/proizvod\/dolcevita-samostojeci-stednjak-rbig96mft-ci\/#primaryimage"},"image":{"@id":"https:\/\/16meridianstore.com\/hr\/proizvod\/dolcevita-samostojeci-stednjak-rbig96mft-ci\/#primaryimage"},"thumbnailUrl":"https:\/\/16meridianstore.com\/wp-content\/uploads\/2024\/02\/RBIG96MFT_Ci.png","datePublished":"2024-04-15T12:46:33+00:00","dateModified":"2025-03-10T11:37:50+00:00","breadcrumb":{"@id":"https:\/\/16meridianstore.com\/hr\/proizvod\/dolcevita-samostojeci-stednjak-rbig96mft-ci\/#breadcrumb"},"inLanguage":"hr","potentialAction":[{"@type":"ReadAction","target":["https:\/\/16meridianstore.com\/hr\/proizvod\/dolcevita-samostojeci-stednjak-rbig96mft-ci\/"]}]},{"@type":"ImageObject","inLanguage":"hr","@id":"https:\/\/16meridianstore.com\/hr\/proizvod\/dolcevita-samostojeci-stednjak-rbig96mft-ci\/#primaryimage","url":"https:\/\/16meridianstore.com\/wp-content\/uploads\/2024\/02\/RBIG96MFT_Ci.png","contentUrl":"https:\/\/16meridianstore.com\/wp-content\/uploads\/2024\/02\/RBIG96MFT_Ci.png","width":600,"height":600},{"@type":"BreadcrumbList","@id":"https:\/\/16meridianstore.com\/hr\/proizvod\/dolcevita-samostojeci-stednjak-rbig96mft-ci\/#breadcrumb","itemListElement":[{"@type":"ListItem","position":1,"name":"Home","item":"https:\/\/16meridianstore.com\/hr\/"},{"@type":"ListItem","position":2,"name":"Shop","item":"https:\/\/16meridianstore.com\/hr\/shop\/"},{"@type":"ListItem","position":3,"name":"DOLCEVITA SAMOSTOJE\u0106I \u0160TEDNJAK RBIG96MFT\/CI"}]},{"@type":"WebSite","@id":"https:\/\/16meridianstore.com\/#website","url":"https:\/\/16meridianstore.com\/","name":"16meridianstore.com","description":"Store","publisher":{"@id":"https:\/\/16meridianstore.com\/#organization"},"potentialAction":[{"@type":"SearchAction","target":{"@type":"EntryPoint","urlTemplate":"https:\/\/16meridianstore.com\/?s={search_term_string}"},"query-input":{"@type":"PropertyValueSpecification","valueRequired":true,"valueName":"search_term_string"}}],"inLanguage":"hr"},{"@type":"Organization","@id":"https:\/\/16meridianstore.com\/#organization","name":"16meridianstore.com","url":"https:\/\/16meridianstore.com\/","logo":{"@type":"ImageObject","inLanguage":"hr","@id":"https:\/\/16meridianstore.com\/#\/schema\/logo\/image\/","url":"https:\/\/16meridianstore.com\/wp-content\/uploads\/2020\/11\/logo_16_200-1.jpg","contentUrl":"https:\/\/16meridianstore.com\/wp-content\/uploads\/2020\/11\/logo_16_200-1.jpg","width":123,"height":95,"caption":"16meridianstore.com"},"image":{"@id":"https:\/\/16meridianstore.com\/#\/schema\/logo\/image\/"}}]}},"_links":{"self":[{"href":"https:\/\/16meridianstore.com\/hr\/wp-json\/wp\/v2\/product\/26722","targetHints":{"allow":["GET"]}}],"collection":[{"href":"https:\/\/16meridianstore.com\/hr\/wp-json\/wp\/v2\/product"}],"about":[{"href":"https:\/\/16meridianstore.com\/hr\/wp-json\/wp\/v2\/types\/product"}],"wp:featuredmedia":[{"embeddable":true,"href":"https:\/\/16meridianstore.com\/hr\/wp-json\/wp\/v2\/media\/26717"}],"wp:attachment":[{"href":"https:\/\/16meridianstore.com\/hr\/wp-json\/wp\/v2\/media?parent=26722"}],"wp:term":[{"taxonomy":"product_brand","embeddable":true,"href":"https:\/\/16meridianstore.com\/hr\/wp-json\/wp\/v2\/product_brand?post=26722"},{"taxonomy":"product_cat","embeddable":true,"href":"https:\/\/16meridianstore.com\/hr\/wp-json\/wp\/v2\/product_cat?post=26722"},{"taxonomy":"product_tag","embeddable":true,"href":"https:\/\/16meridianstore.com\/hr\/wp-json\/wp\/v2\/product_tag?post=26722"}],"curies":[{"name":"wp","href":"https:\/\/api.w.org\/{rel}","templated":true}]}}