{"id":25011,"date":"2021-12-15T22:14:42","date_gmt":"2021-12-15T21:14:42","guid":{"rendered":"https:\/\/16meridianstore.com\/?post_type=product&#038;p=25011"},"modified":"2025-03-10T12:38:22","modified_gmt":"2025-03-10T11:38:22","slug":"maxima-samostojeci-stednjak-kuhalna-ploca-plin-plinska-pecnica-m65gv","status":"publish","type":"product","link":"https:\/\/16meridianstore.com\/hr\/proizvod\/maxima-samostojeci-stednjak-kuhalna-ploca-plin-plinska-pecnica-m65gv\/","title":{"rendered":"MAXIMA SAMOSTOJE\u0106I \u0160TEDNJAK &#8211; KUHALNA PLO\u010cA \/ PLIN + PLINSKA PE\u0106NICA M65GV"},"content":{"rendered":"<p>M65GV<\/p>\n<p>60 \u00d7 50<br \/>\nVentilirana plinska pe\u0107nica od\u00a0poliranog inoxa<\/p>\n<p>Opis<\/p>\n<ul>\n<li>dimenzije:60x50x85 \/ 90,5<\/li>\n<li>boja:inox<\/li>\n<li>zavr\u0161naobrada upravljanja\u00a0:\u00a0inox<\/li>\n<li>podesive noge<\/li>\n<\/ul>\n<p>Plo\u010da za kuhanje<\/p>\n<ul>\n<li>4 plinska plamenika s ventilima<\/li>\n<li>plin stop za\u0161tita<\/li>\n<\/ul>\n<p>Pe\u0107nica<\/p>\n<ul>\n<li>ventilirana plinska<\/li>\n<li>plin stop za\u0161tita<\/li>\n<li>bruto kapacitet 63 lt<\/li>\n<li>maksimalna temperatura: 270\u00b0<\/li>\n<li>elektri\u010dni ro\u0161tilj<\/li>\n<li>mjera\u010d vremena<\/li>\n<li>fiksne vodilice pe\u0107nice<\/li>\n<li>vrata s 3 stakla, od kojih 2 reflektiraju\u0107a za manje rasipanje topline<\/li>\n<li>staklo unutarnjih vrata koje se mo\u017ee ukloniti radi lak\u0161eg \u010di\u0161\u0107enja<\/li>\n<li>Opcionalno:stakleni poklopac<\/li>\n<\/ul>\n<ul>\n<li>\u0160ifra 41010054<\/li>\n<li>Barkod 8022389012339<\/li>\n<\/ul>\n<p>Jamstvo je 24 mjeseca.<br \/>\nProizvod je namjenjen isklju\u010divo za kori\u0161tenje u ku\u0107anstvu.<\/p>\n","protected":false},"excerpt":{"rendered":"<p>M65GV 60 \u00d7 50 Ventilirana plinska pe\u0107nica od\u00a0poliranog inoxa Opis dimenzije:60x50x85 \/ 90,5 boja:inox zavr\u0161naobrada upravljanja\u00a0:\u00a0inox podesive noge Plo\u010da za<\/p>\n","protected":false},"featured_media":25009,"template":"","meta":[],"product_brand":[],"product_cat":[1358],"product_tag":[],"class_list":{"0":"post-25011","1":"product","2":"type-product","3":"status-publish","4":"has-post-thumbnail","6":"product_cat-samostojeci-uredjaji","8":"first","9":"instock","10":"taxable","11":"shipping-taxable","12":"purchasable","13":"product-type-simple"},"yoast_head":"<!-- This site is optimized with the Yoast SEO plugin v26.5 - https:\/\/yoast.com\/wordpress\/plugins\/seo\/ -->\n<title>MAXIMA SAMOSTOJE\u0106I \u0160TEDNJAK - KUHALNA PLO\u010cA \/ PLIN + PLINSKA PE\u0106NICA M65GV - 16meridianstore.com<\/title>\n<meta name=\"robots\" content=\"index, follow, max-snippet:-1, max-image-preview:large, max-video-preview:-1\" \/>\n<link rel=\"canonical\" href=\"https:\/\/16meridianstore.com\/hr\/proizvod\/maxima-samostojeci-stednjak-kuhalna-ploca-plin-plinska-pecnica-m65gv\/\" \/>\n<meta property=\"og:locale\" content=\"hr_HR\" \/>\n<meta property=\"og:type\" content=\"article\" \/>\n<meta property=\"og:title\" content=\"MAXIMA SAMOSTOJE\u0106I \u0160TEDNJAK - KUHALNA PLO\u010cA \/ PLIN + PLINSKA PE\u0106NICA M65GV - 16meridianstore.com\" \/>\n<meta property=\"og:description\" content=\"M65GV 60 \u00d7 50 Ventilirana plinska pe\u0107nica od\u00a0poliranog inoxa Opis dimenzije:60x50x85 \/ 90,5 boja:inox zavr\u0161naobrada upravljanja\u00a0:\u00a0inox podesive noge Plo\u010da za\" \/>\n<meta property=\"og:url\" content=\"https:\/\/16meridianstore.com\/hr\/proizvod\/maxima-samostojeci-stednjak-kuhalna-ploca-plin-plinska-pecnica-m65gv\/\" \/>\n<meta property=\"og:site_name\" content=\"16meridianstore.com\" \/>\n<meta property=\"article:modified_time\" content=\"2025-03-10T11:38:22+00:00\" \/>\n<meta property=\"og:image\" content=\"https:\/\/16meridianstore.com\/wp-content\/uploads\/2021\/12\/M65GV.jpg\" \/>\n\t<meta property=\"og:image:width\" content=\"1872\" \/>\n\t<meta property=\"og:image:height\" content=\"2560\" \/>\n\t<meta property=\"og:image:type\" content=\"image\/jpeg\" \/>\n<meta name=\"twitter:card\" content=\"summary_large_image\" \/>\n<meta name=\"twitter:label1\" content=\"Procijenjeno vrijeme \u010ditanja\" \/>\n\t<meta name=\"twitter:data1\" content=\"1 minuta\" \/>\n<script type=\"application\/ld+json\" class=\"yoast-schema-graph\">{\"@context\":\"https:\/\/schema.org\",\"@graph\":[{\"@type\":\"WebPage\",\"@id\":\"https:\/\/16meridianstore.com\/hr\/proizvod\/maxima-samostojeci-stednjak-kuhalna-ploca-plin-plinska-pecnica-m65gv\/\",\"url\":\"https:\/\/16meridianstore.com\/hr\/proizvod\/maxima-samostojeci-stednjak-kuhalna-ploca-plin-plinska-pecnica-m65gv\/\",\"name\":\"MAXIMA SAMOSTOJE\u0106I \u0160TEDNJAK - KUHALNA PLO\u010cA \/ PLIN + PLINSKA PE\u0106NICA M65GV - 16meridianstore.com\",\"isPartOf\":{\"@id\":\"https:\/\/16meridianstore.com\/#website\"},\"primaryImageOfPage\":{\"@id\":\"https:\/\/16meridianstore.com\/hr\/proizvod\/maxima-samostojeci-stednjak-kuhalna-ploca-plin-plinska-pecnica-m65gv\/#primaryimage\"},\"image\":{\"@id\":\"https:\/\/16meridianstore.com\/hr\/proizvod\/maxima-samostojeci-stednjak-kuhalna-ploca-plin-plinska-pecnica-m65gv\/#primaryimage\"},\"thumbnailUrl\":\"https:\/\/16meridianstore.com\/wp-content\/uploads\/2021\/12\/M65GV.jpg\",\"datePublished\":\"2021-12-15T21:14:42+00:00\",\"dateModified\":\"2025-03-10T11:38:22+00:00\",\"breadcrumb\":{\"@id\":\"https:\/\/16meridianstore.com\/hr\/proizvod\/maxima-samostojeci-stednjak-kuhalna-ploca-plin-plinska-pecnica-m65gv\/#breadcrumb\"},\"inLanguage\":\"hr\",\"potentialAction\":[{\"@type\":\"ReadAction\",\"target\":[\"https:\/\/16meridianstore.com\/hr\/proizvod\/maxima-samostojeci-stednjak-kuhalna-ploca-plin-plinska-pecnica-m65gv\/\"]}]},{\"@type\":\"ImageObject\",\"inLanguage\":\"hr\",\"@id\":\"https:\/\/16meridianstore.com\/hr\/proizvod\/maxima-samostojeci-stednjak-kuhalna-ploca-plin-plinska-pecnica-m65gv\/#primaryimage\",\"url\":\"https:\/\/16meridianstore.com\/wp-content\/uploads\/2021\/12\/M65GV.jpg\",\"contentUrl\":\"https:\/\/16meridianstore.com\/wp-content\/uploads\/2021\/12\/M65GV.jpg\",\"width\":1872,\"height\":2560},{\"@type\":\"BreadcrumbList\",\"@id\":\"https:\/\/16meridianstore.com\/hr\/proizvod\/maxima-samostojeci-stednjak-kuhalna-ploca-plin-plinska-pecnica-m65gv\/#breadcrumb\",\"itemListElement\":[{\"@type\":\"ListItem\",\"position\":1,\"name\":\"Home\",\"item\":\"https:\/\/16meridianstore.com\/hr\/\"},{\"@type\":\"ListItem\",\"position\":2,\"name\":\"Shop\",\"item\":\"https:\/\/16meridianstore.com\/hr\/shop\/\"},{\"@type\":\"ListItem\",\"position\":3,\"name\":\"MAXIMA SAMOSTOJE\u0106I \u0160TEDNJAK &#8211; KUHALNA PLO\u010cA \/ PLIN + PLINSKA PE\u0106NICA M65GV\"}]},{\"@type\":\"WebSite\",\"@id\":\"https:\/\/16meridianstore.com\/#website\",\"url\":\"https:\/\/16meridianstore.com\/\",\"name\":\"16meridianstore.com\",\"description\":\"Store\",\"publisher\":{\"@id\":\"https:\/\/16meridianstore.com\/#organization\"},\"potentialAction\":[{\"@type\":\"SearchAction\",\"target\":{\"@type\":\"EntryPoint\",\"urlTemplate\":\"https:\/\/16meridianstore.com\/?s={search_term_string}\"},\"query-input\":{\"@type\":\"PropertyValueSpecification\",\"valueRequired\":true,\"valueName\":\"search_term_string\"}}],\"inLanguage\":\"hr\"},{\"@type\":\"Organization\",\"@id\":\"https:\/\/16meridianstore.com\/#organization\",\"name\":\"16meridianstore.com\",\"url\":\"https:\/\/16meridianstore.com\/\",\"logo\":{\"@type\":\"ImageObject\",\"inLanguage\":\"hr\",\"@id\":\"https:\/\/16meridianstore.com\/#\/schema\/logo\/image\/\",\"url\":\"https:\/\/16meridianstore.com\/wp-content\/uploads\/2020\/11\/logo_16_200-1.jpg\",\"contentUrl\":\"https:\/\/16meridianstore.com\/wp-content\/uploads\/2020\/11\/logo_16_200-1.jpg\",\"width\":123,\"height\":95,\"caption\":\"16meridianstore.com\"},\"image\":{\"@id\":\"https:\/\/16meridianstore.com\/#\/schema\/logo\/image\/\"}}]}<\/script>\n<!-- \/ Yoast SEO plugin. -->","yoast_head_json":{"title":"MAXIMA SAMOSTOJE\u0106I \u0160TEDNJAK - KUHALNA PLO\u010cA \/ PLIN + PLINSKA PE\u0106NICA M65GV - 16meridianstore.com","robots":{"index":"index","follow":"follow","max-snippet":"max-snippet:-1","max-image-preview":"max-image-preview:large","max-video-preview":"max-video-preview:-1"},"canonical":"https:\/\/16meridianstore.com\/hr\/proizvod\/maxima-samostojeci-stednjak-kuhalna-ploca-plin-plinska-pecnica-m65gv\/","og_locale":"hr_HR","og_type":"article","og_title":"MAXIMA SAMOSTOJE\u0106I \u0160TEDNJAK - KUHALNA PLO\u010cA \/ PLIN + PLINSKA PE\u0106NICA M65GV - 16meridianstore.com","og_description":"M65GV 60 \u00d7 50 Ventilirana plinska pe\u0107nica od\u00a0poliranog inoxa Opis dimenzije:60x50x85 \/ 90,5 boja:inox zavr\u0161naobrada upravljanja\u00a0:\u00a0inox podesive noge Plo\u010da za","og_url":"https:\/\/16meridianstore.com\/hr\/proizvod\/maxima-samostojeci-stednjak-kuhalna-ploca-plin-plinska-pecnica-m65gv\/","og_site_name":"16meridianstore.com","article_modified_time":"2025-03-10T11:38:22+00:00","og_image":[{"width":1872,"height":2560,"url":"https:\/\/16meridianstore.com\/wp-content\/uploads\/2021\/12\/M65GV.jpg","type":"image\/jpeg"}],"twitter_card":"summary_large_image","twitter_misc":{"Procijenjeno vrijeme \u010ditanja":"1 minuta"},"schema":{"@context":"https:\/\/schema.org","@graph":[{"@type":"WebPage","@id":"https:\/\/16meridianstore.com\/hr\/proizvod\/maxima-samostojeci-stednjak-kuhalna-ploca-plin-plinska-pecnica-m65gv\/","url":"https:\/\/16meridianstore.com\/hr\/proizvod\/maxima-samostojeci-stednjak-kuhalna-ploca-plin-plinska-pecnica-m65gv\/","name":"MAXIMA SAMOSTOJE\u0106I \u0160TEDNJAK - KUHALNA PLO\u010cA \/ PLIN + PLINSKA PE\u0106NICA M65GV - 16meridianstore.com","isPartOf":{"@id":"https:\/\/16meridianstore.com\/#website"},"primaryImageOfPage":{"@id":"https:\/\/16meridianstore.com\/hr\/proizvod\/maxima-samostojeci-stednjak-kuhalna-ploca-plin-plinska-pecnica-m65gv\/#primaryimage"},"image":{"@id":"https:\/\/16meridianstore.com\/hr\/proizvod\/maxima-samostojeci-stednjak-kuhalna-ploca-plin-plinska-pecnica-m65gv\/#primaryimage"},"thumbnailUrl":"https:\/\/16meridianstore.com\/wp-content\/uploads\/2021\/12\/M65GV.jpg","datePublished":"2021-12-15T21:14:42+00:00","dateModified":"2025-03-10T11:38:22+00:00","breadcrumb":{"@id":"https:\/\/16meridianstore.com\/hr\/proizvod\/maxima-samostojeci-stednjak-kuhalna-ploca-plin-plinska-pecnica-m65gv\/#breadcrumb"},"inLanguage":"hr","potentialAction":[{"@type":"ReadAction","target":["https:\/\/16meridianstore.com\/hr\/proizvod\/maxima-samostojeci-stednjak-kuhalna-ploca-plin-plinska-pecnica-m65gv\/"]}]},{"@type":"ImageObject","inLanguage":"hr","@id":"https:\/\/16meridianstore.com\/hr\/proizvod\/maxima-samostojeci-stednjak-kuhalna-ploca-plin-plinska-pecnica-m65gv\/#primaryimage","url":"https:\/\/16meridianstore.com\/wp-content\/uploads\/2021\/12\/M65GV.jpg","contentUrl":"https:\/\/16meridianstore.com\/wp-content\/uploads\/2021\/12\/M65GV.jpg","width":1872,"height":2560},{"@type":"BreadcrumbList","@id":"https:\/\/16meridianstore.com\/hr\/proizvod\/maxima-samostojeci-stednjak-kuhalna-ploca-plin-plinska-pecnica-m65gv\/#breadcrumb","itemListElement":[{"@type":"ListItem","position":1,"name":"Home","item":"https:\/\/16meridianstore.com\/hr\/"},{"@type":"ListItem","position":2,"name":"Shop","item":"https:\/\/16meridianstore.com\/hr\/shop\/"},{"@type":"ListItem","position":3,"name":"MAXIMA SAMOSTOJE\u0106I \u0160TEDNJAK &#8211; KUHALNA PLO\u010cA \/ PLIN + PLINSKA PE\u0106NICA M65GV"}]},{"@type":"WebSite","@id":"https:\/\/16meridianstore.com\/#website","url":"https:\/\/16meridianstore.com\/","name":"16meridianstore.com","description":"Store","publisher":{"@id":"https:\/\/16meridianstore.com\/#organization"},"potentialAction":[{"@type":"SearchAction","target":{"@type":"EntryPoint","urlTemplate":"https:\/\/16meridianstore.com\/?s={search_term_string}"},"query-input":{"@type":"PropertyValueSpecification","valueRequired":true,"valueName":"search_term_string"}}],"inLanguage":"hr"},{"@type":"Organization","@id":"https:\/\/16meridianstore.com\/#organization","name":"16meridianstore.com","url":"https:\/\/16meridianstore.com\/","logo":{"@type":"ImageObject","inLanguage":"hr","@id":"https:\/\/16meridianstore.com\/#\/schema\/logo\/image\/","url":"https:\/\/16meridianstore.com\/wp-content\/uploads\/2020\/11\/logo_16_200-1.jpg","contentUrl":"https:\/\/16meridianstore.com\/wp-content\/uploads\/2020\/11\/logo_16_200-1.jpg","width":123,"height":95,"caption":"16meridianstore.com"},"image":{"@id":"https:\/\/16meridianstore.com\/#\/schema\/logo\/image\/"}}]}},"_links":{"self":[{"href":"https:\/\/16meridianstore.com\/hr\/wp-json\/wp\/v2\/product\/25011","targetHints":{"allow":["GET"]}}],"collection":[{"href":"https:\/\/16meridianstore.com\/hr\/wp-json\/wp\/v2\/product"}],"about":[{"href":"https:\/\/16meridianstore.com\/hr\/wp-json\/wp\/v2\/types\/product"}],"wp:featuredmedia":[{"embeddable":true,"href":"https:\/\/16meridianstore.com\/hr\/wp-json\/wp\/v2\/media\/25009"}],"wp:attachment":[{"href":"https:\/\/16meridianstore.com\/hr\/wp-json\/wp\/v2\/media?parent=25011"}],"wp:term":[{"taxonomy":"product_brand","embeddable":true,"href":"https:\/\/16meridianstore.com\/hr\/wp-json\/wp\/v2\/product_brand?post=25011"},{"taxonomy":"product_cat","embeddable":true,"href":"https:\/\/16meridianstore.com\/hr\/wp-json\/wp\/v2\/product_cat?post=25011"},{"taxonomy":"product_tag","embeddable":true,"href":"https:\/\/16meridianstore.com\/hr\/wp-json\/wp\/v2\/product_tag?post=25011"}],"curies":[{"name":"wp","href":"https:\/\/api.w.org\/{rel}","templated":true}]}}