{"id":24902,"date":"2021-11-27T21:06:01","date_gmt":"2021-11-27T20:06:01","guid":{"rendered":"https:\/\/16meridianstore.com\/?post_type=product&#038;p=24902"},"modified":"2025-03-10T12:38:47","modified_gmt":"2025-03-10T11:38:47","slug":"dolcevita-samostojeci-stednjak-kuhalna-ploca-plin-dvostruka-pecnica-rrd126mft-e-2aeo","status":"publish","type":"product","link":"https:\/\/16meridianstore.com\/hr\/proizvod\/dolcevita-samostojeci-stednjak-kuhalna-ploca-plin-dvostruka-pecnica-rrd126mft-e-2aeo\/","title":{"rendered":"DOLCEVITA SAMOSTOJE\u0106I \u0160TEDNJAK &#8211; KUHALNA PLO\u010cA \/ PLIN + DVOSTRUKA PE\u0106NICA RRD126MFT + E \/ 2AEO"},"content":{"rendered":"<p>RRD126MFT + E \/ 2AEO<\/p>\n<p>Multifunkcionalna elektri\u010dna pe\u0107nica\u00a0klase A\u00a01 i stati\u010dka elektri\u010dna pe\u0107nica 1<\/p>\n<p>&nbsp;<\/p>\n<p><strong>Opis<\/strong><\/p>\n<ul>\n<li>Dimenzije:120x60x85 \/ 90,5<\/li>\n<li>Boja\u00a0:Bordo\u00a0crvena<\/li>\n<li>Zavr\u0161neobrade\u00a0:\u00a0Mesing (tako\u0111er dostupan s bron\u010danim ili kromiranim zavr\u0161nim obradama)<\/li>\n<li>podesive noge<\/li>\n<li>Uti\u010dnica standard<\/li>\n<li>Montirano postolje H =90 cm<\/li>\n<\/ul>\n<p>&nbsp;<\/p>\n<p>Plo\u010da za kuhanje<\/p>\n<ul>\n<li>7 plinskih plamenika s ventilima uklju\u010duju\u0107i 1 dvostruku krunu Dual i 1 dvostruku krunu<\/li>\n<li>Gas-Stop za\u0161tita<\/li>\n<li>Glavna pe\u0107nica<\/li>\n<li>Vi\u0161enamjenski elektri\u010dni<\/li>\n<li>9 programa kuhanja<\/li>\n<li>Bruto kapacitet 101 lt<\/li>\n<li>Maksimalna temperatura: 270\u00b0<\/li>\n<li>Elektri\u010dni ro\u0161tilj<\/li>\n<li>Digitalni programer<\/li>\n<li>Teleskopske vodilice pe\u0107nice<\/li>\n<\/ul>\n<p>&nbsp;<\/p>\n<p>Sekundarna pe\u0107nica<\/p>\n<ul>\n<li>Stati\u010dki elektri\u010dni<\/li>\n<li>Bruto kapacitet 35 lt<\/li>\n<li>Maksimalna temperatura: 250\u00b0<\/li>\n<li>Ra\u017eanj<\/li>\n<li>Fiksne vodilice pe\u0107nice<\/li>\n<\/ul>\n<p>&nbsp;<\/p>\n<p>&nbsp;<\/p>\n<ul>\n<li>Vrata s 3 stakla, od kojih 2 reflektiraju\u0107a za manje raspr\u0161ivanje topline<\/li>\n<li>Staklo unutarnjih vrata koje se mo\u017ee ukloniti radi lak\u0161eg \u010di\u0161\u0107enja<\/li>\n<li>Emajlirana pe\u0107nica &#8220;Easy To Clean&#8221;.<\/li>\n<li>Tangencijalni ventilator za hla\u0111enje<\/li>\n<li>Opciono:\u00a0Splashback 120, Dolcevita 120 napa, Teppanyaki<\/li>\n<\/ul>\n<p>&nbsp;<\/p>\n<ul>\n<li>\u0160ifra 62010014<\/li>\n<li>Barkod 8022389010922<\/li>\n<\/ul>\n<p>Jamstvo je 24 mjeseca.<br \/>\nProizvod je namjenjen isklju\u010divo za kori\u0161tenje u ku\u0107anstvu.<\/p>\n","protected":false},"excerpt":{"rendered":"<p>RRD126MFT + E \/ 2AEO Multifunkcionalna elektri\u010dna pe\u0107nica\u00a0klase A\u00a01 i stati\u010dka elektri\u010dna pe\u0107nica 1 &nbsp; Opis Dimenzije:120x60x85 \/ 90,5 Boja\u00a0:Bordo\u00a0crvena<\/p>\n","protected":false},"featured_media":24900,"template":"","meta":[],"product_brand":[],"product_cat":[1358],"product_tag":[],"class_list":{"0":"post-24902","1":"product","2":"type-product","3":"status-publish","4":"has-post-thumbnail","6":"product_cat-samostojeci-uredjaji","8":"first","9":"instock","10":"taxable","11":"shipping-taxable","12":"purchasable","13":"product-type-simple"},"yoast_head":"<!-- This site is optimized with the Yoast SEO plugin v26.5 - https:\/\/yoast.com\/wordpress\/plugins\/seo\/ -->\n<title>DOLCEVITA SAMOSTOJE\u0106I \u0160TEDNJAK - KUHALNA PLO\u010cA \/ PLIN + DVOSTRUKA PE\u0106NICA RRD126MFT + E \/ 2AEO - 16meridianstore.com<\/title>\n<meta name=\"robots\" content=\"index, follow, max-snippet:-1, max-image-preview:large, max-video-preview:-1\" \/>\n<link rel=\"canonical\" href=\"https:\/\/16meridianstore.com\/hr\/proizvod\/dolcevita-samostojeci-stednjak-kuhalna-ploca-plin-dvostruka-pecnica-rrd126mft-e-2aeo\/\" \/>\n<meta property=\"og:locale\" content=\"hr_HR\" \/>\n<meta property=\"og:type\" content=\"article\" \/>\n<meta property=\"og:title\" content=\"DOLCEVITA SAMOSTOJE\u0106I \u0160TEDNJAK - KUHALNA PLO\u010cA \/ PLIN + DVOSTRUKA PE\u0106NICA RRD126MFT + E \/ 2AEO - 16meridianstore.com\" \/>\n<meta property=\"og:description\" content=\"RRD126MFT + E \/ 2AEO Multifunkcionalna elektri\u010dna pe\u0107nica\u00a0klase A\u00a01 i stati\u010dka elektri\u010dna pe\u0107nica 1 &nbsp; Opis Dimenzije:120x60x85 \/ 90,5 Boja\u00a0:Bordo\u00a0crvena\" \/>\n<meta property=\"og:url\" content=\"https:\/\/16meridianstore.com\/hr\/proizvod\/dolcevita-samostojeci-stednjak-kuhalna-ploca-plin-dvostruka-pecnica-rrd126mft-e-2aeo\/\" \/>\n<meta property=\"og:site_name\" content=\"16meridianstore.com\" \/>\n<meta property=\"article:modified_time\" content=\"2025-03-10T11:38:47+00:00\" \/>\n<meta property=\"og:image\" content=\"https:\/\/16meridianstore.com\/wp-content\/uploads\/2021\/11\/RRD126MFTE_2AEO.jpg\" \/>\n\t<meta property=\"og:image:width\" content=\"600\" \/>\n\t<meta property=\"og:image:height\" content=\"600\" \/>\n\t<meta property=\"og:image:type\" content=\"image\/jpeg\" \/>\n<meta name=\"twitter:card\" content=\"summary_large_image\" \/>\n<meta name=\"twitter:label1\" content=\"Procijenjeno vrijeme \u010ditanja\" \/>\n\t<meta name=\"twitter:data1\" content=\"1 minuta\" \/>\n<script type=\"application\/ld+json\" class=\"yoast-schema-graph\">{\"@context\":\"https:\/\/schema.org\",\"@graph\":[{\"@type\":\"WebPage\",\"@id\":\"https:\/\/16meridianstore.com\/hr\/proizvod\/dolcevita-samostojeci-stednjak-kuhalna-ploca-plin-dvostruka-pecnica-rrd126mft-e-2aeo\/\",\"url\":\"https:\/\/16meridianstore.com\/hr\/proizvod\/dolcevita-samostojeci-stednjak-kuhalna-ploca-plin-dvostruka-pecnica-rrd126mft-e-2aeo\/\",\"name\":\"DOLCEVITA SAMOSTOJE\u0106I \u0160TEDNJAK - KUHALNA PLO\u010cA \/ PLIN + DVOSTRUKA PE\u0106NICA RRD126MFT + E \/ 2AEO - 16meridianstore.com\",\"isPartOf\":{\"@id\":\"https:\/\/16meridianstore.com\/#website\"},\"primaryImageOfPage\":{\"@id\":\"https:\/\/16meridianstore.com\/hr\/proizvod\/dolcevita-samostojeci-stednjak-kuhalna-ploca-plin-dvostruka-pecnica-rrd126mft-e-2aeo\/#primaryimage\"},\"image\":{\"@id\":\"https:\/\/16meridianstore.com\/hr\/proizvod\/dolcevita-samostojeci-stednjak-kuhalna-ploca-plin-dvostruka-pecnica-rrd126mft-e-2aeo\/#primaryimage\"},\"thumbnailUrl\":\"https:\/\/16meridianstore.com\/wp-content\/uploads\/2021\/11\/RRD126MFTE_2AEO.jpg\",\"datePublished\":\"2021-11-27T20:06:01+00:00\",\"dateModified\":\"2025-03-10T11:38:47+00:00\",\"breadcrumb\":{\"@id\":\"https:\/\/16meridianstore.com\/hr\/proizvod\/dolcevita-samostojeci-stednjak-kuhalna-ploca-plin-dvostruka-pecnica-rrd126mft-e-2aeo\/#breadcrumb\"},\"inLanguage\":\"hr\",\"potentialAction\":[{\"@type\":\"ReadAction\",\"target\":[\"https:\/\/16meridianstore.com\/hr\/proizvod\/dolcevita-samostojeci-stednjak-kuhalna-ploca-plin-dvostruka-pecnica-rrd126mft-e-2aeo\/\"]}]},{\"@type\":\"ImageObject\",\"inLanguage\":\"hr\",\"@id\":\"https:\/\/16meridianstore.com\/hr\/proizvod\/dolcevita-samostojeci-stednjak-kuhalna-ploca-plin-dvostruka-pecnica-rrd126mft-e-2aeo\/#primaryimage\",\"url\":\"https:\/\/16meridianstore.com\/wp-content\/uploads\/2021\/11\/RRD126MFTE_2AEO.jpg\",\"contentUrl\":\"https:\/\/16meridianstore.com\/wp-content\/uploads\/2021\/11\/RRD126MFTE_2AEO.jpg\",\"width\":600,\"height\":600},{\"@type\":\"BreadcrumbList\",\"@id\":\"https:\/\/16meridianstore.com\/hr\/proizvod\/dolcevita-samostojeci-stednjak-kuhalna-ploca-plin-dvostruka-pecnica-rrd126mft-e-2aeo\/#breadcrumb\",\"itemListElement\":[{\"@type\":\"ListItem\",\"position\":1,\"name\":\"Home\",\"item\":\"https:\/\/16meridianstore.com\/hr\/\"},{\"@type\":\"ListItem\",\"position\":2,\"name\":\"Shop\",\"item\":\"https:\/\/16meridianstore.com\/hr\/shop\/\"},{\"@type\":\"ListItem\",\"position\":3,\"name\":\"DOLCEVITA SAMOSTOJE\u0106I \u0160TEDNJAK &#8211; KUHALNA PLO\u010cA \/ PLIN + DVOSTRUKA PE\u0106NICA RRD126MFT + E \/ 2AEO\"}]},{\"@type\":\"WebSite\",\"@id\":\"https:\/\/16meridianstore.com\/#website\",\"url\":\"https:\/\/16meridianstore.com\/\",\"name\":\"16meridianstore.com\",\"description\":\"Store\",\"publisher\":{\"@id\":\"https:\/\/16meridianstore.com\/#organization\"},\"potentialAction\":[{\"@type\":\"SearchAction\",\"target\":{\"@type\":\"EntryPoint\",\"urlTemplate\":\"https:\/\/16meridianstore.com\/?s={search_term_string}\"},\"query-input\":{\"@type\":\"PropertyValueSpecification\",\"valueRequired\":true,\"valueName\":\"search_term_string\"}}],\"inLanguage\":\"hr\"},{\"@type\":\"Organization\",\"@id\":\"https:\/\/16meridianstore.com\/#organization\",\"name\":\"16meridianstore.com\",\"url\":\"https:\/\/16meridianstore.com\/\",\"logo\":{\"@type\":\"ImageObject\",\"inLanguage\":\"hr\",\"@id\":\"https:\/\/16meridianstore.com\/#\/schema\/logo\/image\/\",\"url\":\"https:\/\/16meridianstore.com\/wp-content\/uploads\/2020\/11\/logo_16_200-1.jpg\",\"contentUrl\":\"https:\/\/16meridianstore.com\/wp-content\/uploads\/2020\/11\/logo_16_200-1.jpg\",\"width\":123,\"height\":95,\"caption\":\"16meridianstore.com\"},\"image\":{\"@id\":\"https:\/\/16meridianstore.com\/#\/schema\/logo\/image\/\"}}]}<\/script>\n<!-- \/ Yoast SEO plugin. -->","yoast_head_json":{"title":"DOLCEVITA SAMOSTOJE\u0106I \u0160TEDNJAK - KUHALNA PLO\u010cA \/ PLIN + DVOSTRUKA PE\u0106NICA RRD126MFT + E \/ 2AEO - 16meridianstore.com","robots":{"index":"index","follow":"follow","max-snippet":"max-snippet:-1","max-image-preview":"max-image-preview:large","max-video-preview":"max-video-preview:-1"},"canonical":"https:\/\/16meridianstore.com\/hr\/proizvod\/dolcevita-samostojeci-stednjak-kuhalna-ploca-plin-dvostruka-pecnica-rrd126mft-e-2aeo\/","og_locale":"hr_HR","og_type":"article","og_title":"DOLCEVITA SAMOSTOJE\u0106I \u0160TEDNJAK - KUHALNA PLO\u010cA \/ PLIN + DVOSTRUKA PE\u0106NICA RRD126MFT + E \/ 2AEO - 16meridianstore.com","og_description":"RRD126MFT + E \/ 2AEO Multifunkcionalna elektri\u010dna pe\u0107nica\u00a0klase A\u00a01 i stati\u010dka elektri\u010dna pe\u0107nica 1 &nbsp; Opis Dimenzije:120x60x85 \/ 90,5 Boja\u00a0:Bordo\u00a0crvena","og_url":"https:\/\/16meridianstore.com\/hr\/proizvod\/dolcevita-samostojeci-stednjak-kuhalna-ploca-plin-dvostruka-pecnica-rrd126mft-e-2aeo\/","og_site_name":"16meridianstore.com","article_modified_time":"2025-03-10T11:38:47+00:00","og_image":[{"width":600,"height":600,"url":"https:\/\/16meridianstore.com\/wp-content\/uploads\/2021\/11\/RRD126MFTE_2AEO.jpg","type":"image\/jpeg"}],"twitter_card":"summary_large_image","twitter_misc":{"Procijenjeno vrijeme \u010ditanja":"1 minuta"},"schema":{"@context":"https:\/\/schema.org","@graph":[{"@type":"WebPage","@id":"https:\/\/16meridianstore.com\/hr\/proizvod\/dolcevita-samostojeci-stednjak-kuhalna-ploca-plin-dvostruka-pecnica-rrd126mft-e-2aeo\/","url":"https:\/\/16meridianstore.com\/hr\/proizvod\/dolcevita-samostojeci-stednjak-kuhalna-ploca-plin-dvostruka-pecnica-rrd126mft-e-2aeo\/","name":"DOLCEVITA SAMOSTOJE\u0106I \u0160TEDNJAK - KUHALNA PLO\u010cA \/ PLIN + DVOSTRUKA PE\u0106NICA RRD126MFT + E \/ 2AEO - 16meridianstore.com","isPartOf":{"@id":"https:\/\/16meridianstore.com\/#website"},"primaryImageOfPage":{"@id":"https:\/\/16meridianstore.com\/hr\/proizvod\/dolcevita-samostojeci-stednjak-kuhalna-ploca-plin-dvostruka-pecnica-rrd126mft-e-2aeo\/#primaryimage"},"image":{"@id":"https:\/\/16meridianstore.com\/hr\/proizvod\/dolcevita-samostojeci-stednjak-kuhalna-ploca-plin-dvostruka-pecnica-rrd126mft-e-2aeo\/#primaryimage"},"thumbnailUrl":"https:\/\/16meridianstore.com\/wp-content\/uploads\/2021\/11\/RRD126MFTE_2AEO.jpg","datePublished":"2021-11-27T20:06:01+00:00","dateModified":"2025-03-10T11:38:47+00:00","breadcrumb":{"@id":"https:\/\/16meridianstore.com\/hr\/proizvod\/dolcevita-samostojeci-stednjak-kuhalna-ploca-plin-dvostruka-pecnica-rrd126mft-e-2aeo\/#breadcrumb"},"inLanguage":"hr","potentialAction":[{"@type":"ReadAction","target":["https:\/\/16meridianstore.com\/hr\/proizvod\/dolcevita-samostojeci-stednjak-kuhalna-ploca-plin-dvostruka-pecnica-rrd126mft-e-2aeo\/"]}]},{"@type":"ImageObject","inLanguage":"hr","@id":"https:\/\/16meridianstore.com\/hr\/proizvod\/dolcevita-samostojeci-stednjak-kuhalna-ploca-plin-dvostruka-pecnica-rrd126mft-e-2aeo\/#primaryimage","url":"https:\/\/16meridianstore.com\/wp-content\/uploads\/2021\/11\/RRD126MFTE_2AEO.jpg","contentUrl":"https:\/\/16meridianstore.com\/wp-content\/uploads\/2021\/11\/RRD126MFTE_2AEO.jpg","width":600,"height":600},{"@type":"BreadcrumbList","@id":"https:\/\/16meridianstore.com\/hr\/proizvod\/dolcevita-samostojeci-stednjak-kuhalna-ploca-plin-dvostruka-pecnica-rrd126mft-e-2aeo\/#breadcrumb","itemListElement":[{"@type":"ListItem","position":1,"name":"Home","item":"https:\/\/16meridianstore.com\/hr\/"},{"@type":"ListItem","position":2,"name":"Shop","item":"https:\/\/16meridianstore.com\/hr\/shop\/"},{"@type":"ListItem","position":3,"name":"DOLCEVITA SAMOSTOJE\u0106I \u0160TEDNJAK &#8211; KUHALNA PLO\u010cA \/ PLIN + DVOSTRUKA PE\u0106NICA RRD126MFT + E \/ 2AEO"}]},{"@type":"WebSite","@id":"https:\/\/16meridianstore.com\/#website","url":"https:\/\/16meridianstore.com\/","name":"16meridianstore.com","description":"Store","publisher":{"@id":"https:\/\/16meridianstore.com\/#organization"},"potentialAction":[{"@type":"SearchAction","target":{"@type":"EntryPoint","urlTemplate":"https:\/\/16meridianstore.com\/?s={search_term_string}"},"query-input":{"@type":"PropertyValueSpecification","valueRequired":true,"valueName":"search_term_string"}}],"inLanguage":"hr"},{"@type":"Organization","@id":"https:\/\/16meridianstore.com\/#organization","name":"16meridianstore.com","url":"https:\/\/16meridianstore.com\/","logo":{"@type":"ImageObject","inLanguage":"hr","@id":"https:\/\/16meridianstore.com\/#\/schema\/logo\/image\/","url":"https:\/\/16meridianstore.com\/wp-content\/uploads\/2020\/11\/logo_16_200-1.jpg","contentUrl":"https:\/\/16meridianstore.com\/wp-content\/uploads\/2020\/11\/logo_16_200-1.jpg","width":123,"height":95,"caption":"16meridianstore.com"},"image":{"@id":"https:\/\/16meridianstore.com\/#\/schema\/logo\/image\/"}}]}},"_links":{"self":[{"href":"https:\/\/16meridianstore.com\/hr\/wp-json\/wp\/v2\/product\/24902","targetHints":{"allow":["GET"]}}],"collection":[{"href":"https:\/\/16meridianstore.com\/hr\/wp-json\/wp\/v2\/product"}],"about":[{"href":"https:\/\/16meridianstore.com\/hr\/wp-json\/wp\/v2\/types\/product"}],"wp:featuredmedia":[{"embeddable":true,"href":"https:\/\/16meridianstore.com\/hr\/wp-json\/wp\/v2\/media\/24900"}],"wp:attachment":[{"href":"https:\/\/16meridianstore.com\/hr\/wp-json\/wp\/v2\/media?parent=24902"}],"wp:term":[{"taxonomy":"product_brand","embeddable":true,"href":"https:\/\/16meridianstore.com\/hr\/wp-json\/wp\/v2\/product_brand?post=24902"},{"taxonomy":"product_cat","embeddable":true,"href":"https:\/\/16meridianstore.com\/hr\/wp-json\/wp\/v2\/product_cat?post=24902"},{"taxonomy":"product_tag","embeddable":true,"href":"https:\/\/16meridianstore.com\/hr\/wp-json\/wp\/v2\/product_tag?post=24902"}],"curies":[{"name":"wp","href":"https:\/\/api.w.org\/{rel}","templated":true}]}}