{"id":24839,"date":"2021-11-27T21:05:58","date_gmt":"2021-11-27T20:05:58","guid":{"rendered":"https:\/\/16meridianstore.com\/?post_type=product&#038;p=24839"},"modified":"2025-03-10T12:39:03","modified_gmt":"2025-03-10T11:39:03","slug":"professional-samostojeci-stednjak-kuhalna-ploca-plin-tri-pecnice-p126smfet-dmft-2aeo","status":"publish","type":"product","link":"https:\/\/16meridianstore.com\/hr\/proizvod\/professional-samostojeci-stednjak-kuhalna-ploca-plin-tri-pecnice-p126smfet-dmft-2aeo\/","title":{"rendered":"LOFRA \u0160TEDNJAK PROFESSIONAL SAMOSTOJE\u0106I &#8211; KUHALNA PLO\u010cA\/ PLIN + TRI PE\u0106NICE P126SMFET + DMFT \/ 2AEO"},"content":{"rendered":"<p>P126SMFET + DMFT \/ 2AEO<\/p>\n<p><strong>2 vi\u0161enamjenske pe\u0107nice i 1 stati\u010dna<\/strong><\/p>\n<p><strong>Opis<\/strong><\/p>\n<ul>\n<li>Dimenzije: 120x60x90 \/ 91,5<\/li>\n<li>Boja:bordo inox<\/li>\n<li>Zavr\u0161ne obrade : inox<\/li>\n<li>Podesive noge<\/li>\n<\/ul>\n<p>Plo\u010da za kuhanje<\/p>\n<ul>\n<li>5 plinskih plamenika s ventilima<\/li>\n<li>1 dupla kruna<\/li>\n<li>1 Dvostruka dvostruka kruna<\/li>\n<li>Plin-Stop za\u0161tita<\/li>\n<\/ul>\n<p>Desna pe\u0107nica<\/p>\n<ul>\n<li>Vi\u0161enamjenska elektri\u010dna<\/li>\n<li>9 programa kuhanja<\/li>\n<li>Bruto kapacitet 72 lt<\/li>\n<li>Maksimalna temperatura: 270\u00b0<\/li>\n<li>Elektri\u010dni ro\u0161tilj<\/li>\n<li>Ra\u017eanj<\/li>\n<li>Digitalni programator za po\u010detak i kraj kuhanja<\/li>\n<li>Teleskopske vodilice pe\u0107nice<\/li>\n<\/ul>\n<p>Gornja lijeva pe\u0107nica<\/p>\n<ul>\n<li>Stati\u010dki elektri\u010dna<\/li>\n<li>Bruto kapacitet 42 lt<\/li>\n<li>Maksimalna temperatura: 250\u00b0<\/li>\n<li>Elektri\u010dni ro\u0161tilj<\/li>\n<li>Fiksne vodilice pe\u0107nice<\/li>\n<\/ul>\n<p>Lijeva glavna pe\u0107nica<\/p>\n<ul>\n<li>Vi\u0161enamjenska elektri\u010dna<\/li>\n<li>5 programa kuhanja<\/li>\n<li>Bruto kapacitet 72 lt<\/li>\n<li>Maksimalna temperatura: 240\u00b0<\/li>\n<li>Mjera\u010d vremena<\/li>\n<\/ul>\n<p>Desna donja ladica za pohranu<\/p>\n<ul>\n<li>Bruto kapacitet 40 lt<\/li>\n<li>Staklena pe\u0107nica &#8220;Easy To Clean&#8221;.<\/li>\n<li>Tangencijalni ventilator za hla\u0111enje<\/li>\n<li>Opcionalno:\u00a0Splashback 120, Teppanyaki<\/li>\n<\/ul>\n<p>&nbsp;<\/p>\n<ul>\n<li>\u0160ifra 62010023<\/li>\n<li>Barkod 8022389019352<\/li>\n<\/ul>\n<p>Jamstvo je 24 mjeseca.<br \/>\nProizvod je namjenjen isklju\u010divo za kori\u0161tenje u ku\u0107anstvu.<\/p>\n","protected":false},"excerpt":{"rendered":"<p>P126SMFET + DMFT \/ 2AEO 2 vi\u0161enamjenske pe\u0107nice i 1 stati\u010dna Opis Dimenzije: 120x60x90 \/ 91,5 Boja:bordo inox Zavr\u0161ne obrade<\/p>\n","protected":false},"featured_media":24835,"template":"","meta":[],"product_brand":[],"product_cat":[1358],"product_tag":[],"class_list":{"0":"post-24839","1":"product","2":"type-product","3":"status-publish","4":"has-post-thumbnail","6":"product_cat-samostojeci-uredjaji","8":"first","9":"instock","10":"taxable","11":"shipping-taxable","12":"purchasable","13":"product-type-simple"},"yoast_head":"<!-- This site is optimized with the Yoast SEO plugin v26.5 - https:\/\/yoast.com\/wordpress\/plugins\/seo\/ -->\n<title>LOFRA \u0160TEDNJAK PROFESSIONAL SAMOSTOJE\u0106I - KUHALNA PLO\u010cA\/ PLIN + TRI PE\u0106NICE P126SMFET + DMFT \/ 2AEO - 16meridianstore.com<\/title>\n<meta name=\"robots\" content=\"index, follow, max-snippet:-1, max-image-preview:large, max-video-preview:-1\" \/>\n<link rel=\"canonical\" href=\"https:\/\/16meridianstore.com\/hr\/proizvod\/professional-samostojeci-stednjak-kuhalna-ploca-plin-tri-pecnice-p126smfet-dmft-2aeo\/\" \/>\n<meta property=\"og:locale\" content=\"hr_HR\" \/>\n<meta property=\"og:type\" content=\"article\" \/>\n<meta property=\"og:title\" content=\"LOFRA \u0160TEDNJAK PROFESSIONAL SAMOSTOJE\u0106I - KUHALNA PLO\u010cA\/ PLIN + TRI PE\u0106NICE P126SMFET + DMFT \/ 2AEO - 16meridianstore.com\" \/>\n<meta property=\"og:description\" content=\"P126SMFET + DMFT \/ 2AEO 2 vi\u0161enamjenske pe\u0107nice i 1 stati\u010dna Opis Dimenzije: 120x60x90 \/ 91,5 Boja:bordo inox Zavr\u0161ne obrade\" \/>\n<meta property=\"og:url\" content=\"https:\/\/16meridianstore.com\/hr\/proizvod\/professional-samostojeci-stednjak-kuhalna-ploca-plin-tri-pecnice-p126smfet-dmft-2aeo\/\" \/>\n<meta property=\"og:site_name\" content=\"16meridianstore.com\" \/>\n<meta property=\"article:modified_time\" content=\"2025-03-10T11:39:03+00:00\" \/>\n<meta property=\"og:image\" content=\"https:\/\/16meridianstore.com\/wp-content\/uploads\/2021\/11\/P126SMFET-DMFT-_-2AEO-3.jpg\" \/>\n\t<meta property=\"og:image:width\" content=\"2201\" \/>\n\t<meta property=\"og:image:height\" content=\"2560\" \/>\n\t<meta property=\"og:image:type\" content=\"image\/jpeg\" \/>\n<meta name=\"twitter:card\" content=\"summary_large_image\" \/>\n<meta name=\"twitter:label1\" content=\"Procijenjeno vrijeme \u010ditanja\" \/>\n\t<meta name=\"twitter:data1\" content=\"1 minuta\" \/>\n<script type=\"application\/ld+json\" class=\"yoast-schema-graph\">{\"@context\":\"https:\/\/schema.org\",\"@graph\":[{\"@type\":\"WebPage\",\"@id\":\"https:\/\/16meridianstore.com\/hr\/proizvod\/professional-samostojeci-stednjak-kuhalna-ploca-plin-tri-pecnice-p126smfet-dmft-2aeo\/\",\"url\":\"https:\/\/16meridianstore.com\/hr\/proizvod\/professional-samostojeci-stednjak-kuhalna-ploca-plin-tri-pecnice-p126smfet-dmft-2aeo\/\",\"name\":\"LOFRA \u0160TEDNJAK PROFESSIONAL SAMOSTOJE\u0106I - KUHALNA PLO\u010cA\/ PLIN + TRI PE\u0106NICE P126SMFET + DMFT \/ 2AEO - 16meridianstore.com\",\"isPartOf\":{\"@id\":\"https:\/\/16meridianstore.com\/#website\"},\"primaryImageOfPage\":{\"@id\":\"https:\/\/16meridianstore.com\/hr\/proizvod\/professional-samostojeci-stednjak-kuhalna-ploca-plin-tri-pecnice-p126smfet-dmft-2aeo\/#primaryimage\"},\"image\":{\"@id\":\"https:\/\/16meridianstore.com\/hr\/proizvod\/professional-samostojeci-stednjak-kuhalna-ploca-plin-tri-pecnice-p126smfet-dmft-2aeo\/#primaryimage\"},\"thumbnailUrl\":\"https:\/\/16meridianstore.com\/wp-content\/uploads\/2021\/11\/P126SMFET-DMFT-_-2AEO-3.jpg\",\"datePublished\":\"2021-11-27T20:05:58+00:00\",\"dateModified\":\"2025-03-10T11:39:03+00:00\",\"breadcrumb\":{\"@id\":\"https:\/\/16meridianstore.com\/hr\/proizvod\/professional-samostojeci-stednjak-kuhalna-ploca-plin-tri-pecnice-p126smfet-dmft-2aeo\/#breadcrumb\"},\"inLanguage\":\"hr\",\"potentialAction\":[{\"@type\":\"ReadAction\",\"target\":[\"https:\/\/16meridianstore.com\/hr\/proizvod\/professional-samostojeci-stednjak-kuhalna-ploca-plin-tri-pecnice-p126smfet-dmft-2aeo\/\"]}]},{\"@type\":\"ImageObject\",\"inLanguage\":\"hr\",\"@id\":\"https:\/\/16meridianstore.com\/hr\/proizvod\/professional-samostojeci-stednjak-kuhalna-ploca-plin-tri-pecnice-p126smfet-dmft-2aeo\/#primaryimage\",\"url\":\"https:\/\/16meridianstore.com\/wp-content\/uploads\/2021\/11\/P126SMFET-DMFT-_-2AEO-3.jpg\",\"contentUrl\":\"https:\/\/16meridianstore.com\/wp-content\/uploads\/2021\/11\/P126SMFET-DMFT-_-2AEO-3.jpg\",\"width\":2201,\"height\":2560},{\"@type\":\"BreadcrumbList\",\"@id\":\"https:\/\/16meridianstore.com\/hr\/proizvod\/professional-samostojeci-stednjak-kuhalna-ploca-plin-tri-pecnice-p126smfet-dmft-2aeo\/#breadcrumb\",\"itemListElement\":[{\"@type\":\"ListItem\",\"position\":1,\"name\":\"Home\",\"item\":\"https:\/\/16meridianstore.com\/hr\/\"},{\"@type\":\"ListItem\",\"position\":2,\"name\":\"Shop\",\"item\":\"https:\/\/16meridianstore.com\/hr\/shop\/\"},{\"@type\":\"ListItem\",\"position\":3,\"name\":\"LOFRA \u0160TEDNJAK PROFESSIONAL SAMOSTOJE\u0106I &#8211; KUHALNA PLO\u010cA\/ PLIN + TRI PE\u0106NICE P126SMFET + DMFT \/ 2AEO\"}]},{\"@type\":\"WebSite\",\"@id\":\"https:\/\/16meridianstore.com\/#website\",\"url\":\"https:\/\/16meridianstore.com\/\",\"name\":\"16meridianstore.com\",\"description\":\"Store\",\"publisher\":{\"@id\":\"https:\/\/16meridianstore.com\/#organization\"},\"potentialAction\":[{\"@type\":\"SearchAction\",\"target\":{\"@type\":\"EntryPoint\",\"urlTemplate\":\"https:\/\/16meridianstore.com\/?s={search_term_string}\"},\"query-input\":{\"@type\":\"PropertyValueSpecification\",\"valueRequired\":true,\"valueName\":\"search_term_string\"}}],\"inLanguage\":\"hr\"},{\"@type\":\"Organization\",\"@id\":\"https:\/\/16meridianstore.com\/#organization\",\"name\":\"16meridianstore.com\",\"url\":\"https:\/\/16meridianstore.com\/\",\"logo\":{\"@type\":\"ImageObject\",\"inLanguage\":\"hr\",\"@id\":\"https:\/\/16meridianstore.com\/#\/schema\/logo\/image\/\",\"url\":\"https:\/\/16meridianstore.com\/wp-content\/uploads\/2020\/11\/logo_16_200-1.jpg\",\"contentUrl\":\"https:\/\/16meridianstore.com\/wp-content\/uploads\/2020\/11\/logo_16_200-1.jpg\",\"width\":123,\"height\":95,\"caption\":\"16meridianstore.com\"},\"image\":{\"@id\":\"https:\/\/16meridianstore.com\/#\/schema\/logo\/image\/\"}}]}<\/script>\n<!-- \/ Yoast SEO plugin. -->","yoast_head_json":{"title":"LOFRA \u0160TEDNJAK PROFESSIONAL SAMOSTOJE\u0106I - KUHALNA PLO\u010cA\/ PLIN + TRI PE\u0106NICE P126SMFET + DMFT \/ 2AEO - 16meridianstore.com","robots":{"index":"index","follow":"follow","max-snippet":"max-snippet:-1","max-image-preview":"max-image-preview:large","max-video-preview":"max-video-preview:-1"},"canonical":"https:\/\/16meridianstore.com\/hr\/proizvod\/professional-samostojeci-stednjak-kuhalna-ploca-plin-tri-pecnice-p126smfet-dmft-2aeo\/","og_locale":"hr_HR","og_type":"article","og_title":"LOFRA \u0160TEDNJAK PROFESSIONAL SAMOSTOJE\u0106I - KUHALNA PLO\u010cA\/ PLIN + TRI PE\u0106NICE P126SMFET + DMFT \/ 2AEO - 16meridianstore.com","og_description":"P126SMFET + DMFT \/ 2AEO 2 vi\u0161enamjenske pe\u0107nice i 1 stati\u010dna Opis Dimenzije: 120x60x90 \/ 91,5 Boja:bordo inox Zavr\u0161ne obrade","og_url":"https:\/\/16meridianstore.com\/hr\/proizvod\/professional-samostojeci-stednjak-kuhalna-ploca-plin-tri-pecnice-p126smfet-dmft-2aeo\/","og_site_name":"16meridianstore.com","article_modified_time":"2025-03-10T11:39:03+00:00","og_image":[{"width":2201,"height":2560,"url":"https:\/\/16meridianstore.com\/wp-content\/uploads\/2021\/11\/P126SMFET-DMFT-_-2AEO-3.jpg","type":"image\/jpeg"}],"twitter_card":"summary_large_image","twitter_misc":{"Procijenjeno vrijeme \u010ditanja":"1 minuta"},"schema":{"@context":"https:\/\/schema.org","@graph":[{"@type":"WebPage","@id":"https:\/\/16meridianstore.com\/hr\/proizvod\/professional-samostojeci-stednjak-kuhalna-ploca-plin-tri-pecnice-p126smfet-dmft-2aeo\/","url":"https:\/\/16meridianstore.com\/hr\/proizvod\/professional-samostojeci-stednjak-kuhalna-ploca-plin-tri-pecnice-p126smfet-dmft-2aeo\/","name":"LOFRA \u0160TEDNJAK PROFESSIONAL SAMOSTOJE\u0106I - KUHALNA PLO\u010cA\/ PLIN + TRI PE\u0106NICE P126SMFET + DMFT \/ 2AEO - 16meridianstore.com","isPartOf":{"@id":"https:\/\/16meridianstore.com\/#website"},"primaryImageOfPage":{"@id":"https:\/\/16meridianstore.com\/hr\/proizvod\/professional-samostojeci-stednjak-kuhalna-ploca-plin-tri-pecnice-p126smfet-dmft-2aeo\/#primaryimage"},"image":{"@id":"https:\/\/16meridianstore.com\/hr\/proizvod\/professional-samostojeci-stednjak-kuhalna-ploca-plin-tri-pecnice-p126smfet-dmft-2aeo\/#primaryimage"},"thumbnailUrl":"https:\/\/16meridianstore.com\/wp-content\/uploads\/2021\/11\/P126SMFET-DMFT-_-2AEO-3.jpg","datePublished":"2021-11-27T20:05:58+00:00","dateModified":"2025-03-10T11:39:03+00:00","breadcrumb":{"@id":"https:\/\/16meridianstore.com\/hr\/proizvod\/professional-samostojeci-stednjak-kuhalna-ploca-plin-tri-pecnice-p126smfet-dmft-2aeo\/#breadcrumb"},"inLanguage":"hr","potentialAction":[{"@type":"ReadAction","target":["https:\/\/16meridianstore.com\/hr\/proizvod\/professional-samostojeci-stednjak-kuhalna-ploca-plin-tri-pecnice-p126smfet-dmft-2aeo\/"]}]},{"@type":"ImageObject","inLanguage":"hr","@id":"https:\/\/16meridianstore.com\/hr\/proizvod\/professional-samostojeci-stednjak-kuhalna-ploca-plin-tri-pecnice-p126smfet-dmft-2aeo\/#primaryimage","url":"https:\/\/16meridianstore.com\/wp-content\/uploads\/2021\/11\/P126SMFET-DMFT-_-2AEO-3.jpg","contentUrl":"https:\/\/16meridianstore.com\/wp-content\/uploads\/2021\/11\/P126SMFET-DMFT-_-2AEO-3.jpg","width":2201,"height":2560},{"@type":"BreadcrumbList","@id":"https:\/\/16meridianstore.com\/hr\/proizvod\/professional-samostojeci-stednjak-kuhalna-ploca-plin-tri-pecnice-p126smfet-dmft-2aeo\/#breadcrumb","itemListElement":[{"@type":"ListItem","position":1,"name":"Home","item":"https:\/\/16meridianstore.com\/hr\/"},{"@type":"ListItem","position":2,"name":"Shop","item":"https:\/\/16meridianstore.com\/hr\/shop\/"},{"@type":"ListItem","position":3,"name":"LOFRA \u0160TEDNJAK PROFESSIONAL SAMOSTOJE\u0106I &#8211; KUHALNA PLO\u010cA\/ PLIN + TRI PE\u0106NICE P126SMFET + DMFT \/ 2AEO"}]},{"@type":"WebSite","@id":"https:\/\/16meridianstore.com\/#website","url":"https:\/\/16meridianstore.com\/","name":"16meridianstore.com","description":"Store","publisher":{"@id":"https:\/\/16meridianstore.com\/#organization"},"potentialAction":[{"@type":"SearchAction","target":{"@type":"EntryPoint","urlTemplate":"https:\/\/16meridianstore.com\/?s={search_term_string}"},"query-input":{"@type":"PropertyValueSpecification","valueRequired":true,"valueName":"search_term_string"}}],"inLanguage":"hr"},{"@type":"Organization","@id":"https:\/\/16meridianstore.com\/#organization","name":"16meridianstore.com","url":"https:\/\/16meridianstore.com\/","logo":{"@type":"ImageObject","inLanguage":"hr","@id":"https:\/\/16meridianstore.com\/#\/schema\/logo\/image\/","url":"https:\/\/16meridianstore.com\/wp-content\/uploads\/2020\/11\/logo_16_200-1.jpg","contentUrl":"https:\/\/16meridianstore.com\/wp-content\/uploads\/2020\/11\/logo_16_200-1.jpg","width":123,"height":95,"caption":"16meridianstore.com"},"image":{"@id":"https:\/\/16meridianstore.com\/#\/schema\/logo\/image\/"}}]}},"_links":{"self":[{"href":"https:\/\/16meridianstore.com\/hr\/wp-json\/wp\/v2\/product\/24839","targetHints":{"allow":["GET"]}}],"collection":[{"href":"https:\/\/16meridianstore.com\/hr\/wp-json\/wp\/v2\/product"}],"about":[{"href":"https:\/\/16meridianstore.com\/hr\/wp-json\/wp\/v2\/types\/product"}],"wp:featuredmedia":[{"embeddable":true,"href":"https:\/\/16meridianstore.com\/hr\/wp-json\/wp\/v2\/media\/24835"}],"wp:attachment":[{"href":"https:\/\/16meridianstore.com\/hr\/wp-json\/wp\/v2\/media?parent=24839"}],"wp:term":[{"taxonomy":"product_brand","embeddable":true,"href":"https:\/\/16meridianstore.com\/hr\/wp-json\/wp\/v2\/product_brand?post=24839"},{"taxonomy":"product_cat","embeddable":true,"href":"https:\/\/16meridianstore.com\/hr\/wp-json\/wp\/v2\/product_cat?post=24839"},{"taxonomy":"product_tag","embeddable":true,"href":"https:\/\/16meridianstore.com\/hr\/wp-json\/wp\/v2\/product_tag?post=24839"}],"curies":[{"name":"wp","href":"https:\/\/api.w.org\/{rel}","templated":true}]}}