{"id":24755,"date":"2021-11-16T11:55:33","date_gmt":"2021-11-16T10:55:33","guid":{"rendered":"https:\/\/16meridianstore.com\/?post_type=product&#038;p=24755"},"modified":"2025-03-10T13:06:38","modified_gmt":"2025-03-10T12:06:38","slug":"samostojeci-stednjak-indukcijska-kuhalna-ploca-multifunkcionalna-pecnica-rrg96mft-5i","status":"publish","type":"product","link":"https:\/\/16meridianstore.com\/hr\/proizvod\/samostojeci-stednjak-indukcijska-kuhalna-ploca-multifunkcionalna-pecnica-rrg96mft-5i\/","title":{"rendered":"DOLCEVITA SAMOSTOJE\u0106I \u0160TEDNJAK &#8211; INDUKCIJSKA KUHALNA PLO\u010cA + MULTIFUNKCIONALNA PE\u0106NICA RRG96MFT \/ 5i"},"content":{"rendered":"<p>RRG96MFT \/ 5i<\/p>\n<p>Multifunkcionalna elektri\u010dna pe\u0107nica\u00a0klase A<\/p>\n<p>Opis<\/p>\n<ul>\n<li>Dimenzije:90x60x85 \/ 90,5<\/li>\n<li>Boja\u00a0:Bordo\u00a0crvena<\/li>\n<li>Zavr\u0161ne obrade : Mesing (na upit \u00a0dostupan s bron\u010danim ili kromiranim zavr\u0161nim obradama)<\/li>\n<\/ul>\n<ul>\n<li>Podesive noge<\/li>\n<li>Uti\u010dnica standard<\/li>\n<li>Montiran postolje H= 86,5 ili 90 cm<\/li>\n<\/ul>\n<p>&nbsp;<\/p>\n<p>Plo\u010da za kuhanje<\/p>\n<ul>\n<li>Indukcija<\/li>\n<li>5 poja\u010danih zona za kuhanje<\/li>\n<li>2 \u00f8 170, snaga: 1400W<\/li>\n<li>1 \u00f8 190, snaga: 2000W<\/li>\n<li>1 \u00f8 210, snaga: 3000W<\/li>\n<li>1 \u00f8 260, snaga: 3000W<\/li>\n<li>Sigurnosna brava za djecu<\/li>\n<li>Indikator preostale topline<\/li>\n<li>Limiter na 7400W<\/li>\n<\/ul>\n<p>&nbsp;<\/p>\n<p>Glavna pe\u0107nica<\/p>\n<ul>\n<li>Vi\u0161enamjenska elektri\u010dna<\/li>\n<li>9 programa kuhanja<\/li>\n<li>Bruto kapacitet 101 lt<\/li>\n<li>Maksimalna temperatura: 270\u00b0<\/li>\n<li>Elektri\u010dni ro\u0161tilj<\/li>\n<li>Digitalni programer<\/li>\n<li>Teleskopske vodilice pe\u0107nice<\/li>\n<\/ul>\n<p>&nbsp;<\/p>\n<ul>\n<li>Vrata s 3 stakla, od kojih 2 reflektiraju\u0107a za manje raspr\u0161ivanje topline<\/li>\n<li>Staklo unutarnjih vrata koje se mo\u017ee ukloniti radi lak\u0161eg \u010di\u0161\u0107enja<\/li>\n<li>Emajlirana pe\u0107nica &#8220;Easy To Clean&#8221;.<\/li>\n<li>Tangencijalni ventilator za hla\u0111enje<\/li>\n<\/ul>\n<ul>\n<li>Opcija:\u00a0Splashback 90, Dolcevita 90 napa<\/li>\n<\/ul>\n<p>&nbsp;<\/p>\n<ul>\n<li>\u0160ifra 60060052<\/li>\n<li>Barkod 8022389018508<\/li>\n<\/ul>\n<p>Jamstvo je 24 mjeseca.<br \/>\nProizvod je namjenjen isklju\u010divo za kori\u0161tenje u ku\u0107anstvu.<\/p>\n","protected":false},"excerpt":{"rendered":"<p>RRG96MFT \/ 5i Multifunkcionalna elektri\u010dna pe\u0107nica\u00a0klase A Opis Dimenzije:90x60x85 \/ 90,5 Boja\u00a0:Bordo\u00a0crvena Zavr\u0161ne obrade : Mesing (na upit \u00a0dostupan s<\/p>\n","protected":false},"featured_media":24753,"template":"","meta":[],"product_brand":[],"product_cat":[1358],"product_tag":[],"class_list":{"0":"post-24755","1":"product","2":"type-product","3":"status-publish","4":"has-post-thumbnail","6":"product_cat-samostojeci-uredjaji","8":"first","9":"instock","10":"taxable","11":"shipping-taxable","12":"purchasable","13":"product-type-simple"},"yoast_head":"<!-- This site is optimized with the Yoast SEO plugin v26.5 - https:\/\/yoast.com\/wordpress\/plugins\/seo\/ -->\n<title>DOLCEVITA SAMOSTOJE\u0106I \u0160TEDNJAK - INDUKCIJSKA KUHALNA PLO\u010cA + MULTIFUNKCIONALNA PE\u0106NICA RRG96MFT \/ 5i - 16meridianstore.com<\/title>\n<meta name=\"robots\" content=\"index, follow, max-snippet:-1, max-image-preview:large, max-video-preview:-1\" \/>\n<link rel=\"canonical\" href=\"https:\/\/16meridianstore.com\/hr\/proizvod\/samostojeci-stednjak-indukcijska-kuhalna-ploca-multifunkcionalna-pecnica-rrg96mft-5i\/\" \/>\n<meta property=\"og:locale\" content=\"hr_HR\" \/>\n<meta property=\"og:type\" content=\"article\" \/>\n<meta property=\"og:title\" content=\"DOLCEVITA SAMOSTOJE\u0106I \u0160TEDNJAK - INDUKCIJSKA KUHALNA PLO\u010cA + MULTIFUNKCIONALNA PE\u0106NICA RRG96MFT \/ 5i - 16meridianstore.com\" \/>\n<meta property=\"og:description\" content=\"RRG96MFT \/ 5i Multifunkcionalna elektri\u010dna pe\u0107nica\u00a0klase A Opis Dimenzije:90x60x85 \/ 90,5 Boja\u00a0:Bordo\u00a0crvena Zavr\u0161ne obrade : Mesing (na upit \u00a0dostupan s\" \/>\n<meta property=\"og:url\" content=\"https:\/\/16meridianstore.com\/hr\/proizvod\/samostojeci-stednjak-indukcijska-kuhalna-ploca-multifunkcionalna-pecnica-rrg96mft-5i\/\" \/>\n<meta property=\"og:site_name\" content=\"16meridianstore.com\" \/>\n<meta property=\"article:modified_time\" content=\"2025-03-10T12:06:38+00:00\" \/>\n<meta property=\"og:image\" content=\"https:\/\/16meridianstore.com\/wp-content\/uploads\/2021\/11\/RRG96MFT_5I.png\" \/>\n\t<meta property=\"og:image:width\" content=\"600\" \/>\n\t<meta property=\"og:image:height\" content=\"600\" \/>\n\t<meta property=\"og:image:type\" content=\"image\/png\" \/>\n<meta name=\"twitter:card\" content=\"summary_large_image\" \/>\n<meta name=\"twitter:label1\" content=\"Procijenjeno vrijeme \u010ditanja\" \/>\n\t<meta name=\"twitter:data1\" content=\"1 minuta\" \/>\n<script type=\"application\/ld+json\" class=\"yoast-schema-graph\">{\"@context\":\"https:\/\/schema.org\",\"@graph\":[{\"@type\":\"WebPage\",\"@id\":\"https:\/\/16meridianstore.com\/hr\/proizvod\/samostojeci-stednjak-indukcijska-kuhalna-ploca-multifunkcionalna-pecnica-rrg96mft-5i\/\",\"url\":\"https:\/\/16meridianstore.com\/hr\/proizvod\/samostojeci-stednjak-indukcijska-kuhalna-ploca-multifunkcionalna-pecnica-rrg96mft-5i\/\",\"name\":\"DOLCEVITA SAMOSTOJE\u0106I \u0160TEDNJAK - INDUKCIJSKA KUHALNA PLO\u010cA + MULTIFUNKCIONALNA PE\u0106NICA RRG96MFT \/ 5i - 16meridianstore.com\",\"isPartOf\":{\"@id\":\"https:\/\/16meridianstore.com\/#website\"},\"primaryImageOfPage\":{\"@id\":\"https:\/\/16meridianstore.com\/hr\/proizvod\/samostojeci-stednjak-indukcijska-kuhalna-ploca-multifunkcionalna-pecnica-rrg96mft-5i\/#primaryimage\"},\"image\":{\"@id\":\"https:\/\/16meridianstore.com\/hr\/proizvod\/samostojeci-stednjak-indukcijska-kuhalna-ploca-multifunkcionalna-pecnica-rrg96mft-5i\/#primaryimage\"},\"thumbnailUrl\":\"https:\/\/16meridianstore.com\/wp-content\/uploads\/2021\/11\/RRG96MFT_5I.png\",\"datePublished\":\"2021-11-16T10:55:33+00:00\",\"dateModified\":\"2025-03-10T12:06:38+00:00\",\"breadcrumb\":{\"@id\":\"https:\/\/16meridianstore.com\/hr\/proizvod\/samostojeci-stednjak-indukcijska-kuhalna-ploca-multifunkcionalna-pecnica-rrg96mft-5i\/#breadcrumb\"},\"inLanguage\":\"hr\",\"potentialAction\":[{\"@type\":\"ReadAction\",\"target\":[\"https:\/\/16meridianstore.com\/hr\/proizvod\/samostojeci-stednjak-indukcijska-kuhalna-ploca-multifunkcionalna-pecnica-rrg96mft-5i\/\"]}]},{\"@type\":\"ImageObject\",\"inLanguage\":\"hr\",\"@id\":\"https:\/\/16meridianstore.com\/hr\/proizvod\/samostojeci-stednjak-indukcijska-kuhalna-ploca-multifunkcionalna-pecnica-rrg96mft-5i\/#primaryimage\",\"url\":\"https:\/\/16meridianstore.com\/wp-content\/uploads\/2021\/11\/RRG96MFT_5I.png\",\"contentUrl\":\"https:\/\/16meridianstore.com\/wp-content\/uploads\/2021\/11\/RRG96MFT_5I.png\",\"width\":600,\"height\":600},{\"@type\":\"BreadcrumbList\",\"@id\":\"https:\/\/16meridianstore.com\/hr\/proizvod\/samostojeci-stednjak-indukcijska-kuhalna-ploca-multifunkcionalna-pecnica-rrg96mft-5i\/#breadcrumb\",\"itemListElement\":[{\"@type\":\"ListItem\",\"position\":1,\"name\":\"Home\",\"item\":\"https:\/\/16meridianstore.com\/hr\/\"},{\"@type\":\"ListItem\",\"position\":2,\"name\":\"Shop\",\"item\":\"https:\/\/16meridianstore.com\/hr\/shop\/\"},{\"@type\":\"ListItem\",\"position\":3,\"name\":\"DOLCEVITA SAMOSTOJE\u0106I \u0160TEDNJAK &#8211; INDUKCIJSKA KUHALNA PLO\u010cA + MULTIFUNKCIONALNA PE\u0106NICA RRG96MFT \/ 5i\"}]},{\"@type\":\"WebSite\",\"@id\":\"https:\/\/16meridianstore.com\/#website\",\"url\":\"https:\/\/16meridianstore.com\/\",\"name\":\"16meridianstore.com\",\"description\":\"Store\",\"publisher\":{\"@id\":\"https:\/\/16meridianstore.com\/#organization\"},\"potentialAction\":[{\"@type\":\"SearchAction\",\"target\":{\"@type\":\"EntryPoint\",\"urlTemplate\":\"https:\/\/16meridianstore.com\/?s={search_term_string}\"},\"query-input\":{\"@type\":\"PropertyValueSpecification\",\"valueRequired\":true,\"valueName\":\"search_term_string\"}}],\"inLanguage\":\"hr\"},{\"@type\":\"Organization\",\"@id\":\"https:\/\/16meridianstore.com\/#organization\",\"name\":\"16meridianstore.com\",\"url\":\"https:\/\/16meridianstore.com\/\",\"logo\":{\"@type\":\"ImageObject\",\"inLanguage\":\"hr\",\"@id\":\"https:\/\/16meridianstore.com\/#\/schema\/logo\/image\/\",\"url\":\"https:\/\/16meridianstore.com\/wp-content\/uploads\/2020\/11\/logo_16_200-1.jpg\",\"contentUrl\":\"https:\/\/16meridianstore.com\/wp-content\/uploads\/2020\/11\/logo_16_200-1.jpg\",\"width\":123,\"height\":95,\"caption\":\"16meridianstore.com\"},\"image\":{\"@id\":\"https:\/\/16meridianstore.com\/#\/schema\/logo\/image\/\"}}]}<\/script>\n<!-- \/ Yoast SEO plugin. -->","yoast_head_json":{"title":"DOLCEVITA SAMOSTOJE\u0106I \u0160TEDNJAK - INDUKCIJSKA KUHALNA PLO\u010cA + MULTIFUNKCIONALNA PE\u0106NICA RRG96MFT \/ 5i - 16meridianstore.com","robots":{"index":"index","follow":"follow","max-snippet":"max-snippet:-1","max-image-preview":"max-image-preview:large","max-video-preview":"max-video-preview:-1"},"canonical":"https:\/\/16meridianstore.com\/hr\/proizvod\/samostojeci-stednjak-indukcijska-kuhalna-ploca-multifunkcionalna-pecnica-rrg96mft-5i\/","og_locale":"hr_HR","og_type":"article","og_title":"DOLCEVITA SAMOSTOJE\u0106I \u0160TEDNJAK - INDUKCIJSKA KUHALNA PLO\u010cA + MULTIFUNKCIONALNA PE\u0106NICA RRG96MFT \/ 5i - 16meridianstore.com","og_description":"RRG96MFT \/ 5i Multifunkcionalna elektri\u010dna pe\u0107nica\u00a0klase A Opis Dimenzije:90x60x85 \/ 90,5 Boja\u00a0:Bordo\u00a0crvena Zavr\u0161ne obrade : Mesing (na upit \u00a0dostupan s","og_url":"https:\/\/16meridianstore.com\/hr\/proizvod\/samostojeci-stednjak-indukcijska-kuhalna-ploca-multifunkcionalna-pecnica-rrg96mft-5i\/","og_site_name":"16meridianstore.com","article_modified_time":"2025-03-10T12:06:38+00:00","og_image":[{"width":600,"height":600,"url":"https:\/\/16meridianstore.com\/wp-content\/uploads\/2021\/11\/RRG96MFT_5I.png","type":"image\/png"}],"twitter_card":"summary_large_image","twitter_misc":{"Procijenjeno vrijeme \u010ditanja":"1 minuta"},"schema":{"@context":"https:\/\/schema.org","@graph":[{"@type":"WebPage","@id":"https:\/\/16meridianstore.com\/hr\/proizvod\/samostojeci-stednjak-indukcijska-kuhalna-ploca-multifunkcionalna-pecnica-rrg96mft-5i\/","url":"https:\/\/16meridianstore.com\/hr\/proizvod\/samostojeci-stednjak-indukcijska-kuhalna-ploca-multifunkcionalna-pecnica-rrg96mft-5i\/","name":"DOLCEVITA SAMOSTOJE\u0106I \u0160TEDNJAK - INDUKCIJSKA KUHALNA PLO\u010cA + MULTIFUNKCIONALNA PE\u0106NICA RRG96MFT \/ 5i - 16meridianstore.com","isPartOf":{"@id":"https:\/\/16meridianstore.com\/#website"},"primaryImageOfPage":{"@id":"https:\/\/16meridianstore.com\/hr\/proizvod\/samostojeci-stednjak-indukcijska-kuhalna-ploca-multifunkcionalna-pecnica-rrg96mft-5i\/#primaryimage"},"image":{"@id":"https:\/\/16meridianstore.com\/hr\/proizvod\/samostojeci-stednjak-indukcijska-kuhalna-ploca-multifunkcionalna-pecnica-rrg96mft-5i\/#primaryimage"},"thumbnailUrl":"https:\/\/16meridianstore.com\/wp-content\/uploads\/2021\/11\/RRG96MFT_5I.png","datePublished":"2021-11-16T10:55:33+00:00","dateModified":"2025-03-10T12:06:38+00:00","breadcrumb":{"@id":"https:\/\/16meridianstore.com\/hr\/proizvod\/samostojeci-stednjak-indukcijska-kuhalna-ploca-multifunkcionalna-pecnica-rrg96mft-5i\/#breadcrumb"},"inLanguage":"hr","potentialAction":[{"@type":"ReadAction","target":["https:\/\/16meridianstore.com\/hr\/proizvod\/samostojeci-stednjak-indukcijska-kuhalna-ploca-multifunkcionalna-pecnica-rrg96mft-5i\/"]}]},{"@type":"ImageObject","inLanguage":"hr","@id":"https:\/\/16meridianstore.com\/hr\/proizvod\/samostojeci-stednjak-indukcijska-kuhalna-ploca-multifunkcionalna-pecnica-rrg96mft-5i\/#primaryimage","url":"https:\/\/16meridianstore.com\/wp-content\/uploads\/2021\/11\/RRG96MFT_5I.png","contentUrl":"https:\/\/16meridianstore.com\/wp-content\/uploads\/2021\/11\/RRG96MFT_5I.png","width":600,"height":600},{"@type":"BreadcrumbList","@id":"https:\/\/16meridianstore.com\/hr\/proizvod\/samostojeci-stednjak-indukcijska-kuhalna-ploca-multifunkcionalna-pecnica-rrg96mft-5i\/#breadcrumb","itemListElement":[{"@type":"ListItem","position":1,"name":"Home","item":"https:\/\/16meridianstore.com\/hr\/"},{"@type":"ListItem","position":2,"name":"Shop","item":"https:\/\/16meridianstore.com\/hr\/shop\/"},{"@type":"ListItem","position":3,"name":"DOLCEVITA SAMOSTOJE\u0106I \u0160TEDNJAK &#8211; INDUKCIJSKA KUHALNA PLO\u010cA + MULTIFUNKCIONALNA PE\u0106NICA RRG96MFT \/ 5i"}]},{"@type":"WebSite","@id":"https:\/\/16meridianstore.com\/#website","url":"https:\/\/16meridianstore.com\/","name":"16meridianstore.com","description":"Store","publisher":{"@id":"https:\/\/16meridianstore.com\/#organization"},"potentialAction":[{"@type":"SearchAction","target":{"@type":"EntryPoint","urlTemplate":"https:\/\/16meridianstore.com\/?s={search_term_string}"},"query-input":{"@type":"PropertyValueSpecification","valueRequired":true,"valueName":"search_term_string"}}],"inLanguage":"hr"},{"@type":"Organization","@id":"https:\/\/16meridianstore.com\/#organization","name":"16meridianstore.com","url":"https:\/\/16meridianstore.com\/","logo":{"@type":"ImageObject","inLanguage":"hr","@id":"https:\/\/16meridianstore.com\/#\/schema\/logo\/image\/","url":"https:\/\/16meridianstore.com\/wp-content\/uploads\/2020\/11\/logo_16_200-1.jpg","contentUrl":"https:\/\/16meridianstore.com\/wp-content\/uploads\/2020\/11\/logo_16_200-1.jpg","width":123,"height":95,"caption":"16meridianstore.com"},"image":{"@id":"https:\/\/16meridianstore.com\/#\/schema\/logo\/image\/"}}]}},"_links":{"self":[{"href":"https:\/\/16meridianstore.com\/hr\/wp-json\/wp\/v2\/product\/24755","targetHints":{"allow":["GET"]}}],"collection":[{"href":"https:\/\/16meridianstore.com\/hr\/wp-json\/wp\/v2\/product"}],"about":[{"href":"https:\/\/16meridianstore.com\/hr\/wp-json\/wp\/v2\/types\/product"}],"wp:featuredmedia":[{"embeddable":true,"href":"https:\/\/16meridianstore.com\/hr\/wp-json\/wp\/v2\/media\/24753"}],"wp:attachment":[{"href":"https:\/\/16meridianstore.com\/hr\/wp-json\/wp\/v2\/media?parent=24755"}],"wp:term":[{"taxonomy":"product_brand","embeddable":true,"href":"https:\/\/16meridianstore.com\/hr\/wp-json\/wp\/v2\/product_brand?post=24755"},{"taxonomy":"product_cat","embeddable":true,"href":"https:\/\/16meridianstore.com\/hr\/wp-json\/wp\/v2\/product_cat?post=24755"},{"taxonomy":"product_tag","embeddable":true,"href":"https:\/\/16meridianstore.com\/hr\/wp-json\/wp\/v2\/product_tag?post=24755"}],"curies":[{"name":"wp","href":"https:\/\/api.w.org\/{rel}","templated":true}]}}