{"id":24734,"date":"2021-11-16T10:04:16","date_gmt":"2021-11-16T09:19:52","guid":{"rendered":"https:\/\/16meridianstore.com\/?post_type=product&#038;p=24734"},"modified":"2025-03-10T12:39:23","modified_gmt":"2025-03-10T11:39:23","slug":"mikrovalna-pecnica-fmrnm66me","status":"publish","type":"product","link":"https:\/\/16meridianstore.com\/hr\/proizvod\/mikrovalna-pecnica-fmrnm66me\/","title":{"rendered":"DOLCEVITA MIKROVALNA PE\u0106NICA FMRNM66ME"},"content":{"rendered":"<p>FMRNM66ME<\/p>\n<p>Mikrovalna pe\u0107nica\u00a0klase A<\/p>\n<p><strong>Opis<\/strong><\/p>\n<ul>\n<li>Dimenzije:60 \u00d7 45<\/li>\n<li>Boja: Mat crna<br \/>\nZavr\u0161na obrada upravljanja:\u00a0Mesing (tako\u0111er dostupan s bron\u010danim ili kromiranim zavr\u0161nim obradama)<\/li>\n<\/ul>\n<ul>\n<li>Bruto zapremina 38 l<\/li>\n<li>6 programa rada<\/li>\n<li>4 razine rada<\/li>\n<li>Snaga 1000 W<\/li>\n<li>Led display<\/li>\n<li>Unutra\u0161njost od nehr\u0111aju\u0107eg \u010delika<\/li>\n<li>\u00d8 plo\u010de: 32 cm<\/li>\n<li>Mjera\u010d vremena<\/li>\n<li>\u0160ifra 29320209<\/li>\n<li>Barkod 8022389017716<\/li>\n<\/ul>\n<p>Jamstvo je 24 mjeseca.<br \/>\nProizvod je namjenjen isklju\u010divo za kori\u0161tenje u ku\u0107anstvu.<\/p>\n","protected":false},"excerpt":{"rendered":"<p>FMRNM66ME Mikrovalna pe\u0107nica\u00a0klase A Opis Dimenzije:60 \u00d7 45 Boja: Mat crna Zavr\u0161na obrada upravljanja:\u00a0Mesing (tako\u0111er dostupan s bron\u010danim ili kromiranim<\/p>\n","protected":false},"featured_media":24732,"template":"","meta":[],"product_brand":[],"product_cat":[1373],"product_tag":[],"class_list":{"0":"post-24734","1":"product","2":"type-product","3":"status-publish","4":"has-post-thumbnail","6":"product_cat-ostali-uredjaji","8":"first","9":"instock","10":"taxable","11":"shipping-taxable","12":"purchasable","13":"product-type-simple"},"yoast_head":"<!-- This site is optimized with the Yoast SEO plugin v26.5 - https:\/\/yoast.com\/wordpress\/plugins\/seo\/ -->\n<title>DOLCEVITA MIKROVALNA PE\u0106NICA FMRNM66ME - 16meridianstore.com<\/title>\n<meta name=\"robots\" content=\"index, follow, max-snippet:-1, max-image-preview:large, max-video-preview:-1\" \/>\n<link rel=\"canonical\" href=\"https:\/\/16meridianstore.com\/hr\/proizvod\/mikrovalna-pecnica-fmrnm66me\/\" \/>\n<meta property=\"og:locale\" content=\"hr_HR\" \/>\n<meta property=\"og:type\" content=\"article\" \/>\n<meta property=\"og:title\" content=\"DOLCEVITA MIKROVALNA PE\u0106NICA FMRNM66ME - 16meridianstore.com\" \/>\n<meta property=\"og:description\" content=\"FMRNM66ME Mikrovalna pe\u0107nica\u00a0klase A Opis Dimenzije:60 \u00d7 45 Boja: Mat crna Zavr\u0161na obrada upravljanja:\u00a0Mesing (tako\u0111er dostupan s bron\u010danim ili kromiranim\" \/>\n<meta property=\"og:url\" content=\"https:\/\/16meridianstore.com\/hr\/proizvod\/mikrovalna-pecnica-fmrnm66me\/\" \/>\n<meta property=\"og:site_name\" content=\"16meridianstore.com\" \/>\n<meta property=\"article:modified_time\" content=\"2025-03-10T11:39:23+00:00\" \/>\n<meta property=\"og:image\" content=\"https:\/\/16meridianstore.com\/wp-content\/uploads\/2021\/11\/FMRNM66ME-1.png\" \/>\n\t<meta property=\"og:image:width\" content=\"600\" \/>\n\t<meta property=\"og:image:height\" content=\"600\" \/>\n\t<meta property=\"og:image:type\" content=\"image\/png\" \/>\n<meta name=\"twitter:card\" content=\"summary_large_image\" \/>\n<meta name=\"twitter:label1\" content=\"Procijenjeno vrijeme \u010ditanja\" \/>\n\t<meta name=\"twitter:data1\" content=\"1 minuta\" \/>\n<script type=\"application\/ld+json\" class=\"yoast-schema-graph\">{\"@context\":\"https:\/\/schema.org\",\"@graph\":[{\"@type\":\"WebPage\",\"@id\":\"https:\/\/16meridianstore.com\/hr\/proizvod\/mikrovalna-pecnica-fmrnm66me\/\",\"url\":\"https:\/\/16meridianstore.com\/hr\/proizvod\/mikrovalna-pecnica-fmrnm66me\/\",\"name\":\"DOLCEVITA MIKROVALNA PE\u0106NICA FMRNM66ME - 16meridianstore.com\",\"isPartOf\":{\"@id\":\"https:\/\/16meridianstore.com\/#website\"},\"primaryImageOfPage\":{\"@id\":\"https:\/\/16meridianstore.com\/hr\/proizvod\/mikrovalna-pecnica-fmrnm66me\/#primaryimage\"},\"image\":{\"@id\":\"https:\/\/16meridianstore.com\/hr\/proizvod\/mikrovalna-pecnica-fmrnm66me\/#primaryimage\"},\"thumbnailUrl\":\"https:\/\/16meridianstore.com\/wp-content\/uploads\/2021\/11\/FMRNM66ME-1.png\",\"datePublished\":\"2021-11-16T09:19:52+00:00\",\"dateModified\":\"2025-03-10T11:39:23+00:00\",\"breadcrumb\":{\"@id\":\"https:\/\/16meridianstore.com\/hr\/proizvod\/mikrovalna-pecnica-fmrnm66me\/#breadcrumb\"},\"inLanguage\":\"hr\",\"potentialAction\":[{\"@type\":\"ReadAction\",\"target\":[\"https:\/\/16meridianstore.com\/hr\/proizvod\/mikrovalna-pecnica-fmrnm66me\/\"]}]},{\"@type\":\"ImageObject\",\"inLanguage\":\"hr\",\"@id\":\"https:\/\/16meridianstore.com\/hr\/proizvod\/mikrovalna-pecnica-fmrnm66me\/#primaryimage\",\"url\":\"https:\/\/16meridianstore.com\/wp-content\/uploads\/2021\/11\/FMRNM66ME-1.png\",\"contentUrl\":\"https:\/\/16meridianstore.com\/wp-content\/uploads\/2021\/11\/FMRNM66ME-1.png\",\"width\":600,\"height\":600},{\"@type\":\"BreadcrumbList\",\"@id\":\"https:\/\/16meridianstore.com\/hr\/proizvod\/mikrovalna-pecnica-fmrnm66me\/#breadcrumb\",\"itemListElement\":[{\"@type\":\"ListItem\",\"position\":1,\"name\":\"Home\",\"item\":\"https:\/\/16meridianstore.com\/hr\/\"},{\"@type\":\"ListItem\",\"position\":2,\"name\":\"Shop\",\"item\":\"https:\/\/16meridianstore.com\/hr\/shop\/\"},{\"@type\":\"ListItem\",\"position\":3,\"name\":\"DOLCEVITA MIKROVALNA PE\u0106NICA FMRNM66ME\"}]},{\"@type\":\"WebSite\",\"@id\":\"https:\/\/16meridianstore.com\/#website\",\"url\":\"https:\/\/16meridianstore.com\/\",\"name\":\"16meridianstore.com\",\"description\":\"Store\",\"publisher\":{\"@id\":\"https:\/\/16meridianstore.com\/#organization\"},\"potentialAction\":[{\"@type\":\"SearchAction\",\"target\":{\"@type\":\"EntryPoint\",\"urlTemplate\":\"https:\/\/16meridianstore.com\/?s={search_term_string}\"},\"query-input\":{\"@type\":\"PropertyValueSpecification\",\"valueRequired\":true,\"valueName\":\"search_term_string\"}}],\"inLanguage\":\"hr\"},{\"@type\":\"Organization\",\"@id\":\"https:\/\/16meridianstore.com\/#organization\",\"name\":\"16meridianstore.com\",\"url\":\"https:\/\/16meridianstore.com\/\",\"logo\":{\"@type\":\"ImageObject\",\"inLanguage\":\"hr\",\"@id\":\"https:\/\/16meridianstore.com\/#\/schema\/logo\/image\/\",\"url\":\"https:\/\/16meridianstore.com\/wp-content\/uploads\/2020\/11\/logo_16_200-1.jpg\",\"contentUrl\":\"https:\/\/16meridianstore.com\/wp-content\/uploads\/2020\/11\/logo_16_200-1.jpg\",\"width\":123,\"height\":95,\"caption\":\"16meridianstore.com\"},\"image\":{\"@id\":\"https:\/\/16meridianstore.com\/#\/schema\/logo\/image\/\"}}]}<\/script>\n<!-- \/ Yoast SEO plugin. -->","yoast_head_json":{"title":"DOLCEVITA MIKROVALNA PE\u0106NICA FMRNM66ME - 16meridianstore.com","robots":{"index":"index","follow":"follow","max-snippet":"max-snippet:-1","max-image-preview":"max-image-preview:large","max-video-preview":"max-video-preview:-1"},"canonical":"https:\/\/16meridianstore.com\/hr\/proizvod\/mikrovalna-pecnica-fmrnm66me\/","og_locale":"hr_HR","og_type":"article","og_title":"DOLCEVITA MIKROVALNA PE\u0106NICA FMRNM66ME - 16meridianstore.com","og_description":"FMRNM66ME Mikrovalna pe\u0107nica\u00a0klase A Opis Dimenzije:60 \u00d7 45 Boja: Mat crna Zavr\u0161na obrada upravljanja:\u00a0Mesing (tako\u0111er dostupan s bron\u010danim ili kromiranim","og_url":"https:\/\/16meridianstore.com\/hr\/proizvod\/mikrovalna-pecnica-fmrnm66me\/","og_site_name":"16meridianstore.com","article_modified_time":"2025-03-10T11:39:23+00:00","og_image":[{"width":600,"height":600,"url":"https:\/\/16meridianstore.com\/wp-content\/uploads\/2021\/11\/FMRNM66ME-1.png","type":"image\/png"}],"twitter_card":"summary_large_image","twitter_misc":{"Procijenjeno vrijeme \u010ditanja":"1 minuta"},"schema":{"@context":"https:\/\/schema.org","@graph":[{"@type":"WebPage","@id":"https:\/\/16meridianstore.com\/hr\/proizvod\/mikrovalna-pecnica-fmrnm66me\/","url":"https:\/\/16meridianstore.com\/hr\/proizvod\/mikrovalna-pecnica-fmrnm66me\/","name":"DOLCEVITA MIKROVALNA PE\u0106NICA FMRNM66ME - 16meridianstore.com","isPartOf":{"@id":"https:\/\/16meridianstore.com\/#website"},"primaryImageOfPage":{"@id":"https:\/\/16meridianstore.com\/hr\/proizvod\/mikrovalna-pecnica-fmrnm66me\/#primaryimage"},"image":{"@id":"https:\/\/16meridianstore.com\/hr\/proizvod\/mikrovalna-pecnica-fmrnm66me\/#primaryimage"},"thumbnailUrl":"https:\/\/16meridianstore.com\/wp-content\/uploads\/2021\/11\/FMRNM66ME-1.png","datePublished":"2021-11-16T09:19:52+00:00","dateModified":"2025-03-10T11:39:23+00:00","breadcrumb":{"@id":"https:\/\/16meridianstore.com\/hr\/proizvod\/mikrovalna-pecnica-fmrnm66me\/#breadcrumb"},"inLanguage":"hr","potentialAction":[{"@type":"ReadAction","target":["https:\/\/16meridianstore.com\/hr\/proizvod\/mikrovalna-pecnica-fmrnm66me\/"]}]},{"@type":"ImageObject","inLanguage":"hr","@id":"https:\/\/16meridianstore.com\/hr\/proizvod\/mikrovalna-pecnica-fmrnm66me\/#primaryimage","url":"https:\/\/16meridianstore.com\/wp-content\/uploads\/2021\/11\/FMRNM66ME-1.png","contentUrl":"https:\/\/16meridianstore.com\/wp-content\/uploads\/2021\/11\/FMRNM66ME-1.png","width":600,"height":600},{"@type":"BreadcrumbList","@id":"https:\/\/16meridianstore.com\/hr\/proizvod\/mikrovalna-pecnica-fmrnm66me\/#breadcrumb","itemListElement":[{"@type":"ListItem","position":1,"name":"Home","item":"https:\/\/16meridianstore.com\/hr\/"},{"@type":"ListItem","position":2,"name":"Shop","item":"https:\/\/16meridianstore.com\/hr\/shop\/"},{"@type":"ListItem","position":3,"name":"DOLCEVITA MIKROVALNA PE\u0106NICA FMRNM66ME"}]},{"@type":"WebSite","@id":"https:\/\/16meridianstore.com\/#website","url":"https:\/\/16meridianstore.com\/","name":"16meridianstore.com","description":"Store","publisher":{"@id":"https:\/\/16meridianstore.com\/#organization"},"potentialAction":[{"@type":"SearchAction","target":{"@type":"EntryPoint","urlTemplate":"https:\/\/16meridianstore.com\/?s={search_term_string}"},"query-input":{"@type":"PropertyValueSpecification","valueRequired":true,"valueName":"search_term_string"}}],"inLanguage":"hr"},{"@type":"Organization","@id":"https:\/\/16meridianstore.com\/#organization","name":"16meridianstore.com","url":"https:\/\/16meridianstore.com\/","logo":{"@type":"ImageObject","inLanguage":"hr","@id":"https:\/\/16meridianstore.com\/#\/schema\/logo\/image\/","url":"https:\/\/16meridianstore.com\/wp-content\/uploads\/2020\/11\/logo_16_200-1.jpg","contentUrl":"https:\/\/16meridianstore.com\/wp-content\/uploads\/2020\/11\/logo_16_200-1.jpg","width":123,"height":95,"caption":"16meridianstore.com"},"image":{"@id":"https:\/\/16meridianstore.com\/#\/schema\/logo\/image\/"}}]}},"_links":{"self":[{"href":"https:\/\/16meridianstore.com\/hr\/wp-json\/wp\/v2\/product\/24734","targetHints":{"allow":["GET"]}}],"collection":[{"href":"https:\/\/16meridianstore.com\/hr\/wp-json\/wp\/v2\/product"}],"about":[{"href":"https:\/\/16meridianstore.com\/hr\/wp-json\/wp\/v2\/types\/product"}],"wp:featuredmedia":[{"embeddable":true,"href":"https:\/\/16meridianstore.com\/hr\/wp-json\/wp\/v2\/media\/24732"}],"wp:attachment":[{"href":"https:\/\/16meridianstore.com\/hr\/wp-json\/wp\/v2\/media?parent=24734"}],"wp:term":[{"taxonomy":"product_brand","embeddable":true,"href":"https:\/\/16meridianstore.com\/hr\/wp-json\/wp\/v2\/product_brand?post=24734"},{"taxonomy":"product_cat","embeddable":true,"href":"https:\/\/16meridianstore.com\/hr\/wp-json\/wp\/v2\/product_cat?post=24734"},{"taxonomy":"product_tag","embeddable":true,"href":"https:\/\/16meridianstore.com\/hr\/wp-json\/wp\/v2\/product_tag?post=24734"}],"curies":[{"name":"wp","href":"https:\/\/api.w.org\/{rel}","templated":true}]}}