{"id":24681,"date":"2021-11-10T22:09:15","date_gmt":"2021-11-10T21:12:09","guid":{"rendered":"https:\/\/16meridianstore.com\/?post_type=product&#038;p=24681"},"modified":"2025-03-10T12:39:28","modified_gmt":"2025-03-10T11:39:28","slug":"dolcevita-napa-120","status":"publish","type":"product","link":"https:\/\/16meridianstore.com\/hr\/proizvod\/dolcevita-napa-120\/","title":{"rendered":"DOLCEVITA NAPA 120"},"content":{"rendered":"<p>DOLCEVITA NAPA\u00a0 120<\/p>\n<p><strong>Opis<\/strong><\/p>\n<ul>\n<li>Dimenzije:120 \u00d7 50<\/li>\n<li>Boja: bordo crvena, mat crna, bjelokost, inox<\/li>\n<li>Zavr\u0161na obrada: Mesing (tako\u0111er dostupan s bron\u010danim ili kromiranim zavr\u0161nim obradama)<\/li>\n<li>2\u00d720 Watt halogena reflektora<\/li>\n<li>tangencijalni motor 800 m3 \/ h<\/li>\n<li>3 brzine usisavanja<\/li>\n<li>3 metalna filtera za masno\u0107u<\/li>\n<li>2 filtera s aktivnim ugljenom<\/li>\n<li>Prednje kontrole<\/li>\n<li>Daljinsko upravljanje<\/li>\n<\/ul>\n<p>&nbsp;<\/p>\n<ul>\n<li>BORDO CRVENA\u00a0 120 &#8211; Code: 29200764, Bar code: 8022389017174<\/li>\n<li>MAT CRNA 120 &#8211; Code: 29200833, Bar code: 8022389012896<\/li>\n<li>BJELOKOST 120 &#8211; Code: 29200834, Bar code: 8022389018560<\/li>\n<li>INOX 120 &#8211; Code: 29200758, Bar code: 8022389012766<\/li>\n<\/ul>\n<p>Jamstvo je 24 mjeseca.<br \/>\nProizvod je namjenjen isklju\u010divo za kori\u0161tenje u ku\u0107anstvu.<\/p>\n","protected":false},"excerpt":{"rendered":"<p>DOLCEVITA NAPA\u00a0 120 Opis Dimenzije:120 \u00d7 50 Boja: bordo crvena, mat crna, bjelokost, inox Zavr\u0161na obrada: Mesing (tako\u0111er dostupan s<\/p>\n","protected":false},"featured_media":24657,"template":"","meta":[],"product_brand":[],"product_cat":[1359,1358],"product_tag":[1098,1363,1364,1365],"class_list":{"0":"post-24681","1":"product","2":"type-product","3":"status-publish","4":"has-post-thumbnail","6":"product_cat-ugradbeni-uredjaji","7":"product_cat-samostojeci-uredjaji","8":"product_tag-kitchen-hr","9":"product_tag-lofra-hr","10":"product_tag-appliances-hr","11":"product_tag-hoods-hr","13":"first","14":"instock","15":"taxable","16":"shipping-taxable","17":"purchasable","18":"product-type-variable"},"yoast_head":"<!-- This site is optimized with the Yoast SEO plugin v26.5 - https:\/\/yoast.com\/wordpress\/plugins\/seo\/ -->\n<title>DOLCEVITA NAPA 120 - 16meridianstore.com<\/title>\n<meta name=\"robots\" content=\"index, follow, max-snippet:-1, max-image-preview:large, max-video-preview:-1\" \/>\n<link rel=\"canonical\" href=\"https:\/\/16meridianstore.com\/hr\/proizvod\/dolcevita-napa-120\/\" \/>\n<meta property=\"og:locale\" content=\"hr_HR\" \/>\n<meta property=\"og:type\" content=\"article\" \/>\n<meta property=\"og:title\" content=\"DOLCEVITA NAPA 120 - 16meridianstore.com\" \/>\n<meta property=\"og:description\" content=\"DOLCEVITA NAPA\u00a0 120 Opis Dimenzije:120 \u00d7 50 Boja: bordo crvena, mat crna, bjelokost, inox Zavr\u0161na obrada: Mesing (tako\u0111er dostupan s\" \/>\n<meta property=\"og:url\" content=\"https:\/\/16meridianstore.com\/hr\/proizvod\/dolcevita-napa-120\/\" \/>\n<meta property=\"og:site_name\" content=\"16meridianstore.com\" \/>\n<meta property=\"article:modified_time\" content=\"2025-03-10T11:39:28+00:00\" \/>\n<meta property=\"og:image\" content=\"https:\/\/16meridianstore.com\/wp-content\/uploads\/2021\/11\/NAPA-DOLCEVITA-BORDO-90.png\" \/>\n\t<meta property=\"og:image:width\" content=\"600\" \/>\n\t<meta property=\"og:image:height\" content=\"600\" \/>\n\t<meta property=\"og:image:type\" content=\"image\/png\" \/>\n<meta name=\"twitter:card\" content=\"summary_large_image\" \/>\n<meta name=\"twitter:label1\" content=\"Procijenjeno vrijeme \u010ditanja\" \/>\n\t<meta name=\"twitter:data1\" content=\"1 minuta\" \/>\n<script type=\"application\/ld+json\" class=\"yoast-schema-graph\">{\"@context\":\"https:\/\/schema.org\",\"@graph\":[{\"@type\":\"WebPage\",\"@id\":\"https:\/\/16meridianstore.com\/hr\/proizvod\/dolcevita-napa-120\/\",\"url\":\"https:\/\/16meridianstore.com\/hr\/proizvod\/dolcevita-napa-120\/\",\"name\":\"DOLCEVITA NAPA 120 - 16meridianstore.com\",\"isPartOf\":{\"@id\":\"https:\/\/16meridianstore.com\/#website\"},\"primaryImageOfPage\":{\"@id\":\"https:\/\/16meridianstore.com\/hr\/proizvod\/dolcevita-napa-120\/#primaryimage\"},\"image\":{\"@id\":\"https:\/\/16meridianstore.com\/hr\/proizvod\/dolcevita-napa-120\/#primaryimage\"},\"thumbnailUrl\":\"https:\/\/16meridianstore.com\/wp-content\/uploads\/2021\/11\/NAPA-DOLCEVITA-BORDO-90.png\",\"datePublished\":\"2021-11-10T21:12:09+00:00\",\"dateModified\":\"2025-03-10T11:39:28+00:00\",\"breadcrumb\":{\"@id\":\"https:\/\/16meridianstore.com\/hr\/proizvod\/dolcevita-napa-120\/#breadcrumb\"},\"inLanguage\":\"hr\",\"potentialAction\":[{\"@type\":\"ReadAction\",\"target\":[\"https:\/\/16meridianstore.com\/hr\/proizvod\/dolcevita-napa-120\/\"]}]},{\"@type\":\"ImageObject\",\"inLanguage\":\"hr\",\"@id\":\"https:\/\/16meridianstore.com\/hr\/proizvod\/dolcevita-napa-120\/#primaryimage\",\"url\":\"https:\/\/16meridianstore.com\/wp-content\/uploads\/2021\/11\/NAPA-DOLCEVITA-BORDO-90.png\",\"contentUrl\":\"https:\/\/16meridianstore.com\/wp-content\/uploads\/2021\/11\/NAPA-DOLCEVITA-BORDO-90.png\",\"width\":600,\"height\":600},{\"@type\":\"BreadcrumbList\",\"@id\":\"https:\/\/16meridianstore.com\/hr\/proizvod\/dolcevita-napa-120\/#breadcrumb\",\"itemListElement\":[{\"@type\":\"ListItem\",\"position\":1,\"name\":\"Home\",\"item\":\"https:\/\/16meridianstore.com\/hr\/\"},{\"@type\":\"ListItem\",\"position\":2,\"name\":\"Shop\",\"item\":\"https:\/\/16meridianstore.com\/hr\/shop\/\"},{\"@type\":\"ListItem\",\"position\":3,\"name\":\"DOLCEVITA NAPA 120\"}]},{\"@type\":\"WebSite\",\"@id\":\"https:\/\/16meridianstore.com\/#website\",\"url\":\"https:\/\/16meridianstore.com\/\",\"name\":\"16meridianstore.com\",\"description\":\"Store\",\"publisher\":{\"@id\":\"https:\/\/16meridianstore.com\/#organization\"},\"potentialAction\":[{\"@type\":\"SearchAction\",\"target\":{\"@type\":\"EntryPoint\",\"urlTemplate\":\"https:\/\/16meridianstore.com\/?s={search_term_string}\"},\"query-input\":{\"@type\":\"PropertyValueSpecification\",\"valueRequired\":true,\"valueName\":\"search_term_string\"}}],\"inLanguage\":\"hr\"},{\"@type\":\"Organization\",\"@id\":\"https:\/\/16meridianstore.com\/#organization\",\"name\":\"16meridianstore.com\",\"url\":\"https:\/\/16meridianstore.com\/\",\"logo\":{\"@type\":\"ImageObject\",\"inLanguage\":\"hr\",\"@id\":\"https:\/\/16meridianstore.com\/#\/schema\/logo\/image\/\",\"url\":\"https:\/\/16meridianstore.com\/wp-content\/uploads\/2020\/11\/logo_16_200-1.jpg\",\"contentUrl\":\"https:\/\/16meridianstore.com\/wp-content\/uploads\/2020\/11\/logo_16_200-1.jpg\",\"width\":123,\"height\":95,\"caption\":\"16meridianstore.com\"},\"image\":{\"@id\":\"https:\/\/16meridianstore.com\/#\/schema\/logo\/image\/\"}}]}<\/script>\n<!-- \/ Yoast SEO plugin. -->","yoast_head_json":{"title":"DOLCEVITA NAPA 120 - 16meridianstore.com","robots":{"index":"index","follow":"follow","max-snippet":"max-snippet:-1","max-image-preview":"max-image-preview:large","max-video-preview":"max-video-preview:-1"},"canonical":"https:\/\/16meridianstore.com\/hr\/proizvod\/dolcevita-napa-120\/","og_locale":"hr_HR","og_type":"article","og_title":"DOLCEVITA NAPA 120 - 16meridianstore.com","og_description":"DOLCEVITA NAPA\u00a0 120 Opis Dimenzije:120 \u00d7 50 Boja: bordo crvena, mat crna, bjelokost, inox Zavr\u0161na obrada: Mesing (tako\u0111er dostupan s","og_url":"https:\/\/16meridianstore.com\/hr\/proizvod\/dolcevita-napa-120\/","og_site_name":"16meridianstore.com","article_modified_time":"2025-03-10T11:39:28+00:00","og_image":[{"width":600,"height":600,"url":"https:\/\/16meridianstore.com\/wp-content\/uploads\/2021\/11\/NAPA-DOLCEVITA-BORDO-90.png","type":"image\/png"}],"twitter_card":"summary_large_image","twitter_misc":{"Procijenjeno vrijeme \u010ditanja":"1 minuta"},"schema":{"@context":"https:\/\/schema.org","@graph":[{"@type":"WebPage","@id":"https:\/\/16meridianstore.com\/hr\/proizvod\/dolcevita-napa-120\/","url":"https:\/\/16meridianstore.com\/hr\/proizvod\/dolcevita-napa-120\/","name":"DOLCEVITA NAPA 120 - 16meridianstore.com","isPartOf":{"@id":"https:\/\/16meridianstore.com\/#website"},"primaryImageOfPage":{"@id":"https:\/\/16meridianstore.com\/hr\/proizvod\/dolcevita-napa-120\/#primaryimage"},"image":{"@id":"https:\/\/16meridianstore.com\/hr\/proizvod\/dolcevita-napa-120\/#primaryimage"},"thumbnailUrl":"https:\/\/16meridianstore.com\/wp-content\/uploads\/2021\/11\/NAPA-DOLCEVITA-BORDO-90.png","datePublished":"2021-11-10T21:12:09+00:00","dateModified":"2025-03-10T11:39:28+00:00","breadcrumb":{"@id":"https:\/\/16meridianstore.com\/hr\/proizvod\/dolcevita-napa-120\/#breadcrumb"},"inLanguage":"hr","potentialAction":[{"@type":"ReadAction","target":["https:\/\/16meridianstore.com\/hr\/proizvod\/dolcevita-napa-120\/"]}]},{"@type":"ImageObject","inLanguage":"hr","@id":"https:\/\/16meridianstore.com\/hr\/proizvod\/dolcevita-napa-120\/#primaryimage","url":"https:\/\/16meridianstore.com\/wp-content\/uploads\/2021\/11\/NAPA-DOLCEVITA-BORDO-90.png","contentUrl":"https:\/\/16meridianstore.com\/wp-content\/uploads\/2021\/11\/NAPA-DOLCEVITA-BORDO-90.png","width":600,"height":600},{"@type":"BreadcrumbList","@id":"https:\/\/16meridianstore.com\/hr\/proizvod\/dolcevita-napa-120\/#breadcrumb","itemListElement":[{"@type":"ListItem","position":1,"name":"Home","item":"https:\/\/16meridianstore.com\/hr\/"},{"@type":"ListItem","position":2,"name":"Shop","item":"https:\/\/16meridianstore.com\/hr\/shop\/"},{"@type":"ListItem","position":3,"name":"DOLCEVITA NAPA 120"}]},{"@type":"WebSite","@id":"https:\/\/16meridianstore.com\/#website","url":"https:\/\/16meridianstore.com\/","name":"16meridianstore.com","description":"Store","publisher":{"@id":"https:\/\/16meridianstore.com\/#organization"},"potentialAction":[{"@type":"SearchAction","target":{"@type":"EntryPoint","urlTemplate":"https:\/\/16meridianstore.com\/?s={search_term_string}"},"query-input":{"@type":"PropertyValueSpecification","valueRequired":true,"valueName":"search_term_string"}}],"inLanguage":"hr"},{"@type":"Organization","@id":"https:\/\/16meridianstore.com\/#organization","name":"16meridianstore.com","url":"https:\/\/16meridianstore.com\/","logo":{"@type":"ImageObject","inLanguage":"hr","@id":"https:\/\/16meridianstore.com\/#\/schema\/logo\/image\/","url":"https:\/\/16meridianstore.com\/wp-content\/uploads\/2020\/11\/logo_16_200-1.jpg","contentUrl":"https:\/\/16meridianstore.com\/wp-content\/uploads\/2020\/11\/logo_16_200-1.jpg","width":123,"height":95,"caption":"16meridianstore.com"},"image":{"@id":"https:\/\/16meridianstore.com\/#\/schema\/logo\/image\/"}}]}},"_links":{"self":[{"href":"https:\/\/16meridianstore.com\/hr\/wp-json\/wp\/v2\/product\/24681","targetHints":{"allow":["GET"]}}],"collection":[{"href":"https:\/\/16meridianstore.com\/hr\/wp-json\/wp\/v2\/product"}],"about":[{"href":"https:\/\/16meridianstore.com\/hr\/wp-json\/wp\/v2\/types\/product"}],"wp:featuredmedia":[{"embeddable":true,"href":"https:\/\/16meridianstore.com\/hr\/wp-json\/wp\/v2\/media\/24657"}],"wp:attachment":[{"href":"https:\/\/16meridianstore.com\/hr\/wp-json\/wp\/v2\/media?parent=24681"}],"wp:term":[{"taxonomy":"product_brand","embeddable":true,"href":"https:\/\/16meridianstore.com\/hr\/wp-json\/wp\/v2\/product_brand?post=24681"},{"taxonomy":"product_cat","embeddable":true,"href":"https:\/\/16meridianstore.com\/hr\/wp-json\/wp\/v2\/product_cat?post=24681"},{"taxonomy":"product_tag","embeddable":true,"href":"https:\/\/16meridianstore.com\/hr\/wp-json\/wp\/v2\/product_tag?post=24681"}],"curies":[{"name":"wp","href":"https:\/\/api.w.org\/{rel}","templated":true}]}}