{"id":24580,"date":"2021-11-04T22:10:16","date_gmt":"2021-11-04T21:10:16","guid":{"rendered":"https:\/\/16meridianstore.com\/product\/dolcevita-built-in-hob-hrs6g0-2\/"},"modified":"2025-03-10T12:39:38","modified_gmt":"2025-03-10T11:39:38","slug":"dolcevita-ugradbena-ploca-za-kuhanje-hrs9a0","status":"publish","type":"product","link":"https:\/\/16meridianstore.com\/hr\/proizvod\/dolcevita-ugradbena-ploca-za-kuhanje-hrs9a0\/","title":{"rendered":"DOLCEVITA UGRADBENA PLO\u010cA ZA KUHANJE HRS9A0"},"content":{"rendered":"<p>HRS9A0<\/p>\n<p>Plinska plo\u010da za kuhanje<\/p>\n<p><strong>Opis<\/strong><\/p>\n<ul>\n<li>Dimenzije:90 \u00d7 50<\/li>\n<li>Boja:Nehr\u0111aju\u0107i \u010delik \u2013 saten<\/li>\n<li>Zavr\u0161na obrada upravljanja:Mesing (tako\u0111er dostupan s bron\u010danim ili kromiranim zavr\u0161nim obradama)<\/li>\n<\/ul>\n<ul>\n<li>5 plinskih plamenika s ventilima<\/li>\n<li>Za\u0161tita od curenja plina<\/li>\n<li>Prednje kontrole<\/li>\n<\/ul>\n<ul>\n<li>Dodatno:\u00a0Wok adapter, Teppanyaki, nosa\u010di od lijevanog \u017eeljeza<\/li>\n<li>\u0160ifra: 29230238<\/li>\n<li>Bar\u00a0kod: 8022389018287<\/li>\n<\/ul>\n<p>Jamstvo je 24 mjeseca.<br \/>\nProizvod je namjenjen isklju\u010divo za kori\u0161tenje u ku\u0107anstvu.<\/p>\n","protected":false},"excerpt":{"rendered":"<p>HRS9A0 Plinska plo\u010da za kuhanje Opis Dimenzije:90 \u00d7 50 Boja:Nehr\u0111aju\u0107i \u010delik \u2013 saten Zavr\u0161na obrada upravljanja:Mesing (tako\u0111er dostupan s bron\u010danim<\/p>\n","protected":false},"featured_media":24584,"template":"","meta":[],"product_brand":[],"product_cat":[1359],"product_tag":[],"class_list":{"0":"post-24580","1":"product","2":"type-product","3":"status-publish","4":"has-post-thumbnail","6":"product_cat-ugradbeni-uredjaji","8":"first","9":"instock","10":"taxable","11":"shipping-taxable","12":"purchasable","13":"product-type-simple"},"yoast_head":"<!-- This site is optimized with the Yoast SEO plugin v26.5 - https:\/\/yoast.com\/wordpress\/plugins\/seo\/ -->\n<title>DOLCEVITA UGRADBENA PLO\u010cA ZA KUHANJE HRS9A0 - 16meridianstore.com<\/title>\n<meta name=\"robots\" content=\"index, follow, max-snippet:-1, max-image-preview:large, max-video-preview:-1\" \/>\n<link rel=\"canonical\" href=\"https:\/\/16meridianstore.com\/hr\/proizvod\/dolcevita-ugradbena-ploca-za-kuhanje-hrs9a0\/\" \/>\n<meta property=\"og:locale\" content=\"hr_HR\" \/>\n<meta property=\"og:type\" content=\"article\" \/>\n<meta property=\"og:title\" content=\"DOLCEVITA UGRADBENA PLO\u010cA ZA KUHANJE HRS9A0 - 16meridianstore.com\" \/>\n<meta property=\"og:description\" content=\"HRS9A0 Plinska plo\u010da za kuhanje Opis Dimenzije:90 \u00d7 50 Boja:Nehr\u0111aju\u0107i \u010delik \u2013 saten Zavr\u0161na obrada upravljanja:Mesing (tako\u0111er dostupan s bron\u010danim\" \/>\n<meta property=\"og:url\" content=\"https:\/\/16meridianstore.com\/hr\/proizvod\/dolcevita-ugradbena-ploca-za-kuhanje-hrs9a0\/\" \/>\n<meta property=\"og:site_name\" content=\"16meridianstore.com\" \/>\n<meta property=\"article:modified_time\" content=\"2025-03-10T11:39:38+00:00\" \/>\n<meta property=\"og:image\" content=\"https:\/\/16meridianstore.com\/wp-content\/uploads\/2021\/11\/HRS9A0-1.png\" \/>\n\t<meta property=\"og:image:width\" content=\"600\" \/>\n\t<meta property=\"og:image:height\" content=\"600\" \/>\n\t<meta property=\"og:image:type\" content=\"image\/png\" \/>\n<meta name=\"twitter:card\" content=\"summary_large_image\" \/>\n<meta name=\"twitter:label1\" content=\"Procijenjeno vrijeme \u010ditanja\" \/>\n\t<meta name=\"twitter:data1\" content=\"1 minuta\" \/>\n<script type=\"application\/ld+json\" class=\"yoast-schema-graph\">{\"@context\":\"https:\/\/schema.org\",\"@graph\":[{\"@type\":\"WebPage\",\"@id\":\"https:\/\/16meridianstore.com\/hr\/proizvod\/dolcevita-ugradbena-ploca-za-kuhanje-hrs9a0\/\",\"url\":\"https:\/\/16meridianstore.com\/hr\/proizvod\/dolcevita-ugradbena-ploca-za-kuhanje-hrs9a0\/\",\"name\":\"DOLCEVITA UGRADBENA PLO\u010cA ZA KUHANJE HRS9A0 - 16meridianstore.com\",\"isPartOf\":{\"@id\":\"https:\/\/16meridianstore.com\/#website\"},\"primaryImageOfPage\":{\"@id\":\"https:\/\/16meridianstore.com\/hr\/proizvod\/dolcevita-ugradbena-ploca-za-kuhanje-hrs9a0\/#primaryimage\"},\"image\":{\"@id\":\"https:\/\/16meridianstore.com\/hr\/proizvod\/dolcevita-ugradbena-ploca-za-kuhanje-hrs9a0\/#primaryimage\"},\"thumbnailUrl\":\"https:\/\/16meridianstore.com\/wp-content\/uploads\/2021\/11\/HRS9A0-1.png\",\"datePublished\":\"2021-11-04T21:10:16+00:00\",\"dateModified\":\"2025-03-10T11:39:38+00:00\",\"breadcrumb\":{\"@id\":\"https:\/\/16meridianstore.com\/hr\/proizvod\/dolcevita-ugradbena-ploca-za-kuhanje-hrs9a0\/#breadcrumb\"},\"inLanguage\":\"hr\",\"potentialAction\":[{\"@type\":\"ReadAction\",\"target\":[\"https:\/\/16meridianstore.com\/hr\/proizvod\/dolcevita-ugradbena-ploca-za-kuhanje-hrs9a0\/\"]}]},{\"@type\":\"ImageObject\",\"inLanguage\":\"hr\",\"@id\":\"https:\/\/16meridianstore.com\/hr\/proizvod\/dolcevita-ugradbena-ploca-za-kuhanje-hrs9a0\/#primaryimage\",\"url\":\"https:\/\/16meridianstore.com\/wp-content\/uploads\/2021\/11\/HRS9A0-1.png\",\"contentUrl\":\"https:\/\/16meridianstore.com\/wp-content\/uploads\/2021\/11\/HRS9A0-1.png\",\"width\":600,\"height\":600},{\"@type\":\"BreadcrumbList\",\"@id\":\"https:\/\/16meridianstore.com\/hr\/proizvod\/dolcevita-ugradbena-ploca-za-kuhanje-hrs9a0\/#breadcrumb\",\"itemListElement\":[{\"@type\":\"ListItem\",\"position\":1,\"name\":\"Home\",\"item\":\"https:\/\/16meridianstore.com\/hr\/\"},{\"@type\":\"ListItem\",\"position\":2,\"name\":\"Shop\",\"item\":\"https:\/\/16meridianstore.com\/hr\/shop\/\"},{\"@type\":\"ListItem\",\"position\":3,\"name\":\"DOLCEVITA UGRADBENA PLO\u010cA ZA KUHANJE HRS9A0\"}]},{\"@type\":\"WebSite\",\"@id\":\"https:\/\/16meridianstore.com\/#website\",\"url\":\"https:\/\/16meridianstore.com\/\",\"name\":\"16meridianstore.com\",\"description\":\"Store\",\"publisher\":{\"@id\":\"https:\/\/16meridianstore.com\/#organization\"},\"potentialAction\":[{\"@type\":\"SearchAction\",\"target\":{\"@type\":\"EntryPoint\",\"urlTemplate\":\"https:\/\/16meridianstore.com\/?s={search_term_string}\"},\"query-input\":{\"@type\":\"PropertyValueSpecification\",\"valueRequired\":true,\"valueName\":\"search_term_string\"}}],\"inLanguage\":\"hr\"},{\"@type\":\"Organization\",\"@id\":\"https:\/\/16meridianstore.com\/#organization\",\"name\":\"16meridianstore.com\",\"url\":\"https:\/\/16meridianstore.com\/\",\"logo\":{\"@type\":\"ImageObject\",\"inLanguage\":\"hr\",\"@id\":\"https:\/\/16meridianstore.com\/#\/schema\/logo\/image\/\",\"url\":\"https:\/\/16meridianstore.com\/wp-content\/uploads\/2020\/11\/logo_16_200-1.jpg\",\"contentUrl\":\"https:\/\/16meridianstore.com\/wp-content\/uploads\/2020\/11\/logo_16_200-1.jpg\",\"width\":123,\"height\":95,\"caption\":\"16meridianstore.com\"},\"image\":{\"@id\":\"https:\/\/16meridianstore.com\/#\/schema\/logo\/image\/\"}}]}<\/script>\n<!-- \/ Yoast SEO plugin. -->","yoast_head_json":{"title":"DOLCEVITA UGRADBENA PLO\u010cA ZA KUHANJE HRS9A0 - 16meridianstore.com","robots":{"index":"index","follow":"follow","max-snippet":"max-snippet:-1","max-image-preview":"max-image-preview:large","max-video-preview":"max-video-preview:-1"},"canonical":"https:\/\/16meridianstore.com\/hr\/proizvod\/dolcevita-ugradbena-ploca-za-kuhanje-hrs9a0\/","og_locale":"hr_HR","og_type":"article","og_title":"DOLCEVITA UGRADBENA PLO\u010cA ZA KUHANJE HRS9A0 - 16meridianstore.com","og_description":"HRS9A0 Plinska plo\u010da za kuhanje Opis Dimenzije:90 \u00d7 50 Boja:Nehr\u0111aju\u0107i \u010delik \u2013 saten Zavr\u0161na obrada upravljanja:Mesing (tako\u0111er dostupan s bron\u010danim","og_url":"https:\/\/16meridianstore.com\/hr\/proizvod\/dolcevita-ugradbena-ploca-za-kuhanje-hrs9a0\/","og_site_name":"16meridianstore.com","article_modified_time":"2025-03-10T11:39:38+00:00","og_image":[{"width":600,"height":600,"url":"https:\/\/16meridianstore.com\/wp-content\/uploads\/2021\/11\/HRS9A0-1.png","type":"image\/png"}],"twitter_card":"summary_large_image","twitter_misc":{"Procijenjeno vrijeme \u010ditanja":"1 minuta"},"schema":{"@context":"https:\/\/schema.org","@graph":[{"@type":"WebPage","@id":"https:\/\/16meridianstore.com\/hr\/proizvod\/dolcevita-ugradbena-ploca-za-kuhanje-hrs9a0\/","url":"https:\/\/16meridianstore.com\/hr\/proizvod\/dolcevita-ugradbena-ploca-za-kuhanje-hrs9a0\/","name":"DOLCEVITA UGRADBENA PLO\u010cA ZA KUHANJE HRS9A0 - 16meridianstore.com","isPartOf":{"@id":"https:\/\/16meridianstore.com\/#website"},"primaryImageOfPage":{"@id":"https:\/\/16meridianstore.com\/hr\/proizvod\/dolcevita-ugradbena-ploca-za-kuhanje-hrs9a0\/#primaryimage"},"image":{"@id":"https:\/\/16meridianstore.com\/hr\/proizvod\/dolcevita-ugradbena-ploca-za-kuhanje-hrs9a0\/#primaryimage"},"thumbnailUrl":"https:\/\/16meridianstore.com\/wp-content\/uploads\/2021\/11\/HRS9A0-1.png","datePublished":"2021-11-04T21:10:16+00:00","dateModified":"2025-03-10T11:39:38+00:00","breadcrumb":{"@id":"https:\/\/16meridianstore.com\/hr\/proizvod\/dolcevita-ugradbena-ploca-za-kuhanje-hrs9a0\/#breadcrumb"},"inLanguage":"hr","potentialAction":[{"@type":"ReadAction","target":["https:\/\/16meridianstore.com\/hr\/proizvod\/dolcevita-ugradbena-ploca-za-kuhanje-hrs9a0\/"]}]},{"@type":"ImageObject","inLanguage":"hr","@id":"https:\/\/16meridianstore.com\/hr\/proizvod\/dolcevita-ugradbena-ploca-za-kuhanje-hrs9a0\/#primaryimage","url":"https:\/\/16meridianstore.com\/wp-content\/uploads\/2021\/11\/HRS9A0-1.png","contentUrl":"https:\/\/16meridianstore.com\/wp-content\/uploads\/2021\/11\/HRS9A0-1.png","width":600,"height":600},{"@type":"BreadcrumbList","@id":"https:\/\/16meridianstore.com\/hr\/proizvod\/dolcevita-ugradbena-ploca-za-kuhanje-hrs9a0\/#breadcrumb","itemListElement":[{"@type":"ListItem","position":1,"name":"Home","item":"https:\/\/16meridianstore.com\/hr\/"},{"@type":"ListItem","position":2,"name":"Shop","item":"https:\/\/16meridianstore.com\/hr\/shop\/"},{"@type":"ListItem","position":3,"name":"DOLCEVITA UGRADBENA PLO\u010cA ZA KUHANJE HRS9A0"}]},{"@type":"WebSite","@id":"https:\/\/16meridianstore.com\/#website","url":"https:\/\/16meridianstore.com\/","name":"16meridianstore.com","description":"Store","publisher":{"@id":"https:\/\/16meridianstore.com\/#organization"},"potentialAction":[{"@type":"SearchAction","target":{"@type":"EntryPoint","urlTemplate":"https:\/\/16meridianstore.com\/?s={search_term_string}"},"query-input":{"@type":"PropertyValueSpecification","valueRequired":true,"valueName":"search_term_string"}}],"inLanguage":"hr"},{"@type":"Organization","@id":"https:\/\/16meridianstore.com\/#organization","name":"16meridianstore.com","url":"https:\/\/16meridianstore.com\/","logo":{"@type":"ImageObject","inLanguage":"hr","@id":"https:\/\/16meridianstore.com\/#\/schema\/logo\/image\/","url":"https:\/\/16meridianstore.com\/wp-content\/uploads\/2020\/11\/logo_16_200-1.jpg","contentUrl":"https:\/\/16meridianstore.com\/wp-content\/uploads\/2020\/11\/logo_16_200-1.jpg","width":123,"height":95,"caption":"16meridianstore.com"},"image":{"@id":"https:\/\/16meridianstore.com\/#\/schema\/logo\/image\/"}}]}},"_links":{"self":[{"href":"https:\/\/16meridianstore.com\/hr\/wp-json\/wp\/v2\/product\/24580","targetHints":{"allow":["GET"]}}],"collection":[{"href":"https:\/\/16meridianstore.com\/hr\/wp-json\/wp\/v2\/product"}],"about":[{"href":"https:\/\/16meridianstore.com\/hr\/wp-json\/wp\/v2\/types\/product"}],"wp:featuredmedia":[{"embeddable":true,"href":"https:\/\/16meridianstore.com\/hr\/wp-json\/wp\/v2\/media\/24584"}],"wp:attachment":[{"href":"https:\/\/16meridianstore.com\/hr\/wp-json\/wp\/v2\/media?parent=24580"}],"wp:term":[{"taxonomy":"product_brand","embeddable":true,"href":"https:\/\/16meridianstore.com\/hr\/wp-json\/wp\/v2\/product_brand?post=24580"},{"taxonomy":"product_cat","embeddable":true,"href":"https:\/\/16meridianstore.com\/hr\/wp-json\/wp\/v2\/product_cat?post=24580"},{"taxonomy":"product_tag","embeddable":true,"href":"https:\/\/16meridianstore.com\/hr\/wp-json\/wp\/v2\/product_tag?post=24580"}],"curies":[{"name":"wp","href":"https:\/\/api.w.org\/{rel}","templated":true}]}}