{"id":5686,"date":"2020-04-03T12:42:00","date_gmt":"2020-04-03T12:42:00","guid":{"rendered":"https:\/\/16meridianstore.com\/?page_id=5686"},"modified":"2021-06-21T12:29:12","modified_gmt":"2021-06-21T12:29:12","slug":"pravila-privatnosti","status":"publish","type":"page","link":"https:\/\/16meridianstore.com\/hr\/pravila-privatnosti\/","title":{"rendered":"Pravila privatnosti"},"content":{"rendered":"\r\n<h1 class=\"wp-block-heading\">IZJAVA O ZA\u0160TITI OSOBNIH PODATAKA<\/h1>\r\n<p>Sukladno Uredbi o za\u0161titi osobnih podataka (EU) 2016\/678 Europskog vije\u0107a i Parlamenta (General Data Protection Regulation &#8211; GDPR) i va\u017ee\u0107im zakonima Republike Hrvatske koji ure\u0111uju podru\u010dje za\u0161tite osobnih podataka, tvrtka Adria Tehno d.o.o., kao Prodavatelj posve\u0107ena je afirmaciji na\u010dela zakonite, po\u0161tene i transparentne obrade osobnih podataka.<\/p>\r\n<p>Ova pravila odre\u0111uju i reguliraju kako prodavatelj koristi, te \u0161titi sve informacije koje kupci unose kada koriste web stranicu <a href=\"http:\/\/www.lafaboo.com\/\">www.16meridianstore.com<\/a>.<\/p>\r\n<p>Osobni podatak je svaka informacija koja se odnosi na odre\u0111enu fizi\u010dku osobu. Osobnim podacima smatraju se svi podaci kojima se utvr\u0111uje identitet kupca (primjerice ime i prezime, e-mail adresa, adresa stanovanja i sl.).<\/p>\r\n<p>Obrada osobnih podataka je svaka radnja ili skup radnji izvr\u0161enih na osobnim podacima, bilo automatskim sredstvima ili ne, kao \u0161to je prikupljanje, snimanje, organiziranje, spremanje,<\/p>\r\n<p>prilagodba ili izmjena, povla\u010denje, uvid, kori\u0161tenje, otkrivanje putem prijenosa, objavljivanje ili na drugi na\u010din u\u010dinjenih dostupnim, svrstavanje ili kombiniranje, blokiranje, brisanje ili uni\u0161tavanje, te provedba logi\u010dkih, matemati\u010dkih i drugih operacija s tim podacima.<\/p>\r\n<p>Registracijom na internet stranici <a href=\"http:\/\/www.lafaboo.com\/\">www.16meridianstore.com <\/a>, kupnjom kao gost ili pristupanjem samoj stranici kupac daje suglasnost da prodavatelj obra\u0111uje njegove osobne podatke navedene u registracijskoj formi, te podatke o narud\u017ebama, kao i podatke dostupne u procesu pla\u0107anja usluge i dr. podatke. Isti podaci koriste se u svrhu sklapanja ugovora, te u svrhu upoznavanja prodavatelja s kupovnim navikama kupaca, kao i u informativne svrhe, te svrhe promid\u017ebe usluga i proizvoda prodavatelja.<\/p>\r\n<p>Prilikom registracije Korisnik unosi svoju e-mail adresu i bira lozinku.<\/p>\r\n<p>Ukoliko \u017eeli primati i marketin\u0161ke obavijesti na istu adresu, mora odabrati odgovaraju\u0107u ku\u0107icu i time dati svoju jasnu privolu. Mo\u017eete odbiti va\u0161 pristanak za pohranu podataka, upotrebu va\u0161e adrese e- po\u0161te za potrebu dostave newslettera u bilo kojem trenutku \u2013 to mo\u017eete u\u010diniti putem poveznice u pojedinom Email Newsletteru ili izravnim kontaktom na <a href=\"mailto:16meridianstore@gmail.com\">16meridianstore@gmail.com. <\/a>U tom \u0107emo slu\u010daju odmah izbrisati va\u0161e podatke u vezi dostave newslettera.<\/p>\r\n<p>Ukoliko Korisnik ne \u017eeli primati na\u0161e novosti (newsletter) mo\u017ee se u bilo kojem trenutku odjaviti se s liste primatelja.<\/p>\r\n<p>Svaki Korisnik stranica bez obzira na registraciju, mo\u017ee se prijaviti da \u017eeli primati novosti i obavijesti Prodavatelja, na po\u010detnoj stranici Internet trgovine.<\/p>\r\n<p>Prodavatelj se obvezuje \u010duvati privatnost osobnih podataka svih Kupaca, te \u0107e s istima postupati u skladu sa Zakonom o za\u0161titi osobnih podataka, odnosno drugim propisima.<\/p>\r\n<p>Sve gore navedene osobne podatke Prodavatelj ne smije neovla\u0161teno upotrebljavati niti u\u010diniti dostupnim tre\u0107im osobama, osim u slu\u010dajevima kada to poseban zakon dozvoljava ili je pak potrebno u svrhu realizacije ugovornih obveza. Svi djelatnici Prodavatelja i poslovni partneri odgovorni su za po\u0161tivanje na\u010dela za\u0161tite privatnosti.<\/p>\r\n<p>U slu\u010daju promjene bilo kojeg od osobnih podataka (npr. mjesto stanovanja, adresa dostave) koji se evidentiraju prilikom registracije, kupac je du\u017ean o promjeni obavijestiti prodavatelja na mail adresu <a href=\"mailto:16meridianstore@gmail.com\">16meridianstore@gmail.com.<\/a><\/p>\r\n<p>U slu\u010daju da Kupac ne \u017eeli da Prodavatelj vi\u0161e na bilo koji na\u010din obra\u0111uje podatke istoga, te zahtijeva brisanje podataka o istome, mora to prodavatelju javiti, i to putem e-mail poruke na adresu<a href=\"mailto:16meridianstore@gmail.com\"> 16meridianstore@gmail.com.<\/a><\/p>\r\n<p>Za distribuciju biltena (newslettera) koristimo sustav MailChimp. MailChimp je prilago\u0111en Privacy Shield dogovoru o za\u0161titi podataka, te se mora pridr\u017eavati pravila o privatnosti EU-a. Pravila o za\u0161titi privatnosti od strane MailChimpa:<\/p>\r\n<p><a href=\"https:\/\/mailchimp.com\/legal\/privacy\/\">https:\/\/mailchimp.com\/legal\/privacy\/<\/a><\/p>\r\n<p>MailChimp \u0107e koristiti va\u0161e podatke samo u svrhu dostave newslettera, procjenu isporuke i pobolj\u0161anja usluge. MailChimp vas ne\u0107e izravno kontaktirati ili koristiti va\u0161e podatke. Oni se ne\u0107e proslje\u0111ivati tre\u0107im stranama. Podaci koje koristi MailChimp uklju\u010duju \u201cweb beacon\u201d koji u MailChimp \u0161alje informacije o otvaranju newlettera i\/ ili aktivaciju poveznica unutar newslettera. Kod tog procesa, informacije o va\u0161em Internet pregledniku, va\u0161oj IP adresi i va\u0161oj lokaciji \u0107e biti poslane u MailChimp.<\/p>\r\n<h2>Privole<\/h2>\r\n<p>Svaki korisnik daje Privolu na prikupljanje njegovih osobnih podataka. U obrascu na mjestu gdje se unosi osoban podatak pojavljuje se obavijest da se podatci prikupljaju u to\u010dno odre\u0111enom opsegu, za to\u010dno odre\u0111enu svrhu i gdje se ti podatci pohranjuju. Ako \u0107e se isti podaci koristiti u vi\u0161e svrha, Korisnik za svaku od tih svrha mora dati jasnu privolu (ku\u0107ice u koje Korisnik samostalno mora staviti kva\u010dicu).<\/p>\r\n<p>U slu\u010daju spora pred sudom nadle\u017ean je sud u Dubrovniku na \u010dijem se podru\u010dju nalazi sjedi\u0161te Prodavatelja.<\/p>\r\n<h1>KOLA\u010cI\u0106I<\/h1>\r\n<p>U cilju unaprje\u0111enja kvalitete i konstantnog pobolj\u0161anja korisni\u010dkog iskustva web stranica<\/p>\r\n<p><a href=\"https:\/\/16meridianstore.com\/\">www.16meridianstore.com <\/a>prilikom posjete na Va\u0161e ra\u010dunalo sprema male tekstualne datoteke zvane kola\u010di\u0107i (cookies). Putem kola\u010di\u0107a prikupljamo informacije o kori\u0161tenju stranice u cilju unaprje\u0111enja kvalitete i konstantnog pobolj\u0161anja korisni\u010dkog iskustva. Primjeri informacija o<\/p>\r\n<p>kori\u0161tenju stranice uklju\u010duju: najposje\u0107enije i najgledanije stranice i poveznice na na\u0161oj web stranici, broj ispunjenih obrazaca, vrijeme provedeno na stranici, najpopularnije klju\u010dne rije\u010di koji korisnike vode do na\u0161e stranice, IP adresa, podaci ure\u0111aja s kojeg pristupaju stranici poput postavki hardwarea, sistemske aktivnosti, vrste pretra\u017eiva\u010da itd.<\/p>\r\n<p>Direktiva Europske Unije od 26. svibnja 2012. godine obvezuje vlasnike web stranice da prije pohranjivanja kola\u010di\u0107a zatra\u017ee suglasnost Korisnika. Klikom na gumb \u201cSla\u017eem se\u201d Korisnik daje svoju suglasnost za kori\u0161tenje kola\u010di\u0107a (cookies). Klikom na gumb \u201cPogledaj vi\u0161e o kola\u010di\u0107ima\u201d Korisnik mo\u017ee pogledati Politiku o kola\u010di\u0107ima.<\/p>\r\n<p>Nakon \u0161to opet otvorite web stranicu, va\u0161 internetski preglednik \u0161alje natrag kola\u010di\u0107e koji pripadaju ovoj web stranici. To omogu\u0107uje stranici da prika\u017ee informacije prilago\u0111ene va\u0161im potrebama.<\/p>\r\n<p>Kola\u010di\u0107i mogu imati \u0161irok raspon informacija, uklju\u010duju\u0107i i dio osobnih informacija. Takve informacije mogu biti spremljene jedino ako vi to omogu\u0107ite. Sama web stranica ne mo\u017ee dobiti pristup<\/p>\r\n<p>informacijama koje im niste dali te ne mogu pristupiti niti jednoj drugoj datoteci na va\u0161em ra\u010dunalu.<\/p>\r\n<p>Kako biste naru\u010dili proizvode na na\u0161im stranicama trebali bi omogu\u0107iti upotrebu kola\u010di\u0107a. Ako ne omogu\u0107ite kola\u010di\u0107e i dalje \u0107ete mo\u0107i koristiti na\u0161e stranice, ali mogu\u0107e je da \u0107e odre\u0111ene<\/p>\r\n<p>funkcionalnosti biti onemogu\u0107ene. Ve\u0107ina web-preglednika u svojim postavkama omogu\u0107ava kori\u0161tenje kola\u010di\u0107a, ali ove postavke mo\u017eete promijeniti u postavkama Va\u0161eg web-preglednika (na ra\u010dunalu, tabletu ili drugom mobilnom ure\u0111aju).<\/p>\r\n<p>Ako \u017eeli, Korisnik kola\u010di\u0107e mo\u017ee blokirati i dalje pregledavati stranicu \u0161to mo\u017ee dovesti do toga da se neke funkcije internetske stranice vi\u0161e ne mogu u potpunosti koristiti. Ni u kom slu\u010daju ne dolazi do identifikacije osoba koje stoje iza podataka niti do prikupljanja osobnih podataka, sukladno Uredbi o za\u0161titi podataka.<\/p>\r\n<p>Postoji nekoliko tipova kola\u010di\u0107a. Glavna podjela je na stalne, one koji ostaju na ra\u010dunalu nakon zatvaranja programa internet preglednika i privremene koji se uklanjaju s ra\u010dunala po zatvaranju internet preglednika.<\/p>\r\n<ul>\r\n<li>Jednokratni kola\u010di\u0107 postoji samo u trenutnoj memoriji kada korisnik pregledava neku web- stranicu. Nemaju u sebi zapisan datum isteka trajanja, stoga ih web-preglednici odmah<\/li>\r\n<\/ul>\r\n<p>izbri\u0161u.<\/p>\r\n<ul>\r\n<li>Ustrajni kola\u010di\u0107 je onaj koji se ne bri\u0161e. On \u0107e slati informacije serveru svaki put kada se posjetitelj vrati na stranicu. Naj\u010de\u0161\u0107e se koristi za online<\/li>\r\n<\/ul>\r\n<p>&nbsp;<\/p>\r\n<ul>\r\n<li>HTTP kola\u010di\u0107i su kola\u010di\u0107i s kojima se ne mo\u017ee pristupiti korisnikovim aplikacijskim i programskim<\/li>\r\n<\/ul>\r\n<p>&nbsp;<\/p>\r\n<ul>\r\n<li>Kola\u010di\u0107 prve strane je kola\u010di\u0107 postavljen od servera za sve stranice na istoj<\/li>\r\n<\/ul>\r\n<p>&nbsp;<\/p>\r\n<ul>\r\n<li>Kola\u010di\u0107 tre\u0107e strane (third part cookie) spremljeni su na domeni razli\u010ditoj od domene posje\u0107ene<\/li>\r\n<\/ul>\r\n<p>&nbsp;<\/p>\r\n<h2>Pohrana i rok \u010duvanja podataka<\/h2>\r\n<p>&nbsp;<\/p>\r\n<p>Ako Korisnik \u017eeli znati posjedujemo li i obra\u0111ujemo njegove osobne podatke, te koje stranice ih obra\u0111uju ili ako \u017eeli pristupiti osobnim podacima, mo\u017ee nas kontaktirati na mail <a href=\"mailto:16meridianstore@gmail.com\">16meridianstore@gmail.com. <\/a>Nakon zaprimljenog zahtjeva udovoljiti Korisniku u roku od 14 dana. Ako nismo u mogu\u0107nosti udovoljiti istom, poslat \u0107emo obrazlo\u017eenje.<\/p>\r\n<p>Tako\u0111er mo\u017ee zahtijevati informacije o:<\/p>\r\n<ul>\r\n<li>svrsi obrade podataka,<\/li>\r\n<li>kategorijama osobnih podataka pod obradom;<\/li>\r\n<li>koja je tre\u0107a osoba primila osobne podatke od nas;<\/li>\r\n<li>koji je izvor osobnih podataka ako nisu izravno predani nama<\/li>\r\n<li>Koliko dugo \u010duvamo<\/li>\r\n<\/ul>\r\n<p>&nbsp;<\/p>\r\n<h2>Razdoblje \u010duvanja Va\u0161ih osobnih podataka<\/h2>\r\n<p>Sukladno Va\u0161im pravima kao ispitanika, podatke \u0107emo \u010duvati u skladu s odgovaraju\u0107im propisima, pri \u010demu rokovi \u010duvanja mogu ovisiti o ispunjavanju neke na\u0161e obveze koja se temelji na odre\u0111enom propisu.<\/p>\r\n<p>U svakom slu\u010daju, kada se utvrdi da nam podaci o Vama vi\u0161e nisu potrebni te da su protekli zakonski rokovi za \u010duvanje takvih evidencija i podataka, izbrisat \u0107emo osobne podatke o Vama.<\/p>\r\n<h2>Kako nas kontaktirati<\/h2>\r\n<p>U slu\u010daju da \u017eelite iskoristiti neko od navedenih prava:<\/p>\r\n<ul>\r\n<li><em>Pravo na prigovor<\/em><\/li>\r\n<li><em>Pravo na povla\u010denje privole<\/em><\/li>\r\n<li><em>Pravo na pristup<\/em><\/li>\r\n<li><em>Pravo na brisanje<\/em><\/li>\r\n<li>Pravo na ograni\u010denje obrade<\/li>\r\n<li>Pravo na ispravak<\/li>\r\n<li>Pravo na prijenos<\/li>\r\n<\/ul>\r\n<p>&nbsp;<\/p>\r\n<p>molimo Vas da nas kontaktirate. Molimo Vas da primite na znanje da \u0107emo \u010duvati zapis o na\u0161oj komunikaciji, kako bismo mogli pravovremeno rije\u0161iti bilo koja sporna pitanja.<\/p>\r\n<p>Mo\u017eete nas u svako doba kontaktirati putem maila na E-mail: <a href=\"mailto:16meridianstore@gmail.com\">16meridianstore@gmail.com<\/a><\/p>\r\n<h2>Rje\u0161avanje sporova<\/h2>\r\n<p>&nbsp;<\/p>\r\n<p>Sukladno \u010dl. 10 Zakona o za\u0161titi potro\u0161a\u010da Korisnici mogu podnositi pisane prigovore na sljede\u0107i na\u010din:<\/p>\r\n<ul>\r\n<li>putem po\u0161te na adresu: Adria Tehno d.o.o. , Bartola Ka\u0161i\u0107a 12, 20 236 Moko\u0161ica, Hrvatska<\/li>\r\n<li>na e-mail adresu: <a href=\"mailto:16meridianstore@gmail.com\">16meridianstore@gmail.com<\/a><\/li>\r\n<\/ul>\r\n<p>Prodavatelj se obvezuje odgovoriti na sve primjedbe i prigovore u roku od najvi\u0161e 15 dana.<\/p>\r\n<p>Kako bi Prodavatelj potvrdio primitak pisanog prigovora, sukladno Zakonu o za\u0161titi potro\u0161a\u010da, a zatim i na isti odgovorio, Kupac \/ Korisnik treba navesti to\u010dne podatke za primitak istog.<\/p>\r\n<p>Prodavatelj po\u0161tuje va\u017ee\u0107i Zakon o za\u0161titi potro\u0161a\u010da, te se po najboljim mogu\u0107nostima trudi ispunjavati du\u017enost osiguravanja u\u010dinkovitog sustava rje\u0161avanja pritu\u017ebi.<\/p>\r\n<p>U slu\u010daju problema, kupac s Prodavateljem mo\u017ee stupiti u kontakt e-mailom na adresu<a href=\"mailto:16meridianstore@gmail.com\"> 16meridianstore@gmail.com.<\/a> Pritu\u017eba se predaje na istu e-mail adresu. Postupak rje\u0161avanja pritu\u017ebe je povjerljiv.<\/p>\r\n<p>Prodavatelj je svjestan bitne karakteristike potro\u0161a\u010dkih sporova, tro\u0161kova koji nastaju uslijed rje\u0161avanja spora, \u0161to je i glavna prepreka potro\u0161a\u010da za pokretanje spora pred sudom. Zato nastojimo po svojim najboljim mogu\u0107nostima rje\u0161avati sporove mirnim putem na obostrano zadovoljstvo.<\/p>\r\n<h2>Izvansudsko rje\u0161avanje potro\u0161a\u010dkih sporova<\/h2>\r\n<p>Ovim putem Vas obavje\u0161tavamo o svojoj dobroj volji da svaki spor rije\u0161imo mirnim putem sporazumno kao i Va\u0161em pravu da koristite mehanizme izvansudskog rje\u0161avanja potro\u0161a\u010dkih sporova pravom pokretanja postupka izvan sudskog rje\u0161avanja spora podno\u0161enjem prijave Sudu \u010dasti Hrvatske gospodarske Komore, i\/ili podno\u0161enjem prijedloga za mirenje Centru za mirenje pri Hrvatskoj gospodarskoj Komori. Direktive 2009\/22\/EC i Direktive o alternativnom rje\u0161avanju alternativnih sporova 2013\/11\/EU putem linka:<\/p>\r\n<p><a href=\"https:\/\/webgate.ec.europa.eu\/odr\/main\/index.cfm?event=main.home.show&amp;amp;lng=HR\">https:\/\/webgate.ec.europa.eu\/odr\/main\/index.cfm?event=main.home.show&amp;lng=HR<\/a><\/p>\r\n<h2>Online rje\u0161avanje potro\u0161a\u010dkih sporova<\/h2>\r\n<p>Obavje\u0161tavamo Vas o mogu\u0107nosti rje\u0161avanja potro\u0161a\u010dkih pritu\u017ebi putem online rje\u0161avanja potro\u0161a\u010dkih sporova temeljem Uredbe o online rje\u0161avanju potro\u0161a\u010dkih sporova 2006\/2004 i<\/p>\r\n<p>\u017delimo vam puno ugodnih i povoljnih kupnji!<\/p>\r\n<p>Kod odustajanja od ugovora gdje je kori\u0161ten bonus, kod za popust ili promotivni kod, ta se sredstva smatraju popustom te se korisniku ne vra\u0107aju. Vra\u0107a se samo upla\u0107eni iznos.<\/p>\r\n<p>Primljena nagrada se u nijednom slu\u010daju ne ispla\u0107uje ili vra\u0107a na Prodavateljev ra\u010dun.<\/p>\r\n<h1>MI\u0160LJENJA I PREPORUKE<\/h1>\r\n<p>Za sva dodatna pitanja, mi\u0161ljenja i prijedloge pi\u0161ite na <a href=\"mailto:16meridianstore@gmail.com\">16meridianstore@gmail.com. <\/a>S veseljem \u0107emo odgovoriti na va\u0161a pitanja.<\/p>\r\n","protected":false},"excerpt":{"rendered":"<p>IZJAVA O ZA\u0160TITI OSOBNIH PODATAKA Sukladno Uredbi o za\u0161titi osobnih podataka (EU) 2016\/678 Europskog vije\u0107a i Parlamenta (General Data Protection<\/p>\n","protected":false},"author":1,"featured_media":0,"parent":0,"menu_order":0,"comment_status":"closed","ping_status":"closed","template":"","meta":{"footnotes":""},"class_list":["post-5686","page","type-page","status-publish","hentry"],"yoast_head":"<!-- This site is optimized with the Yoast SEO plugin v26.5 - https:\/\/yoast.com\/wordpress\/plugins\/seo\/ -->\n<title>Pravila privatnosti - 16meridianstore.com<\/title>\n<meta name=\"robots\" content=\"index, follow, max-snippet:-1, max-image-preview:large, max-video-preview:-1\" \/>\n<link rel=\"canonical\" href=\"https:\/\/16meridianstore.com\/hr\/pravila-privatnosti\/\" \/>\n<meta property=\"og:locale\" content=\"hr_HR\" \/>\n<meta property=\"og:type\" content=\"article\" \/>\n<meta property=\"og:title\" content=\"Pravila privatnosti - 16meridianstore.com\" \/>\n<meta property=\"og:description\" content=\"IZJAVA O ZA\u0160TITI OSOBNIH PODATAKA Sukladno Uredbi o za\u0161titi osobnih podataka (EU) 2016\/678 Europskog vije\u0107a i Parlamenta (General Data Protection\" \/>\n<meta property=\"og:url\" content=\"https:\/\/16meridianstore.com\/hr\/pravila-privatnosti\/\" \/>\n<meta property=\"og:site_name\" content=\"16meridianstore.com\" \/>\n<meta property=\"article:modified_time\" content=\"2021-06-21T12:29:12+00:00\" \/>\n<meta name=\"twitter:card\" content=\"summary_large_image\" \/>\n<meta name=\"twitter:label1\" content=\"Procijenjeno vrijeme \u010ditanja\" \/>\n\t<meta name=\"twitter:data1\" content=\"8 minuta\" \/>\n<script type=\"application\/ld+json\" class=\"yoast-schema-graph\">{\"@context\":\"https:\/\/schema.org\",\"@graph\":[{\"@type\":\"WebPage\",\"@id\":\"https:\/\/16meridianstore.com\/hr\/pravila-privatnosti\/\",\"url\":\"https:\/\/16meridianstore.com\/hr\/pravila-privatnosti\/\",\"name\":\"Pravila privatnosti - 16meridianstore.com\",\"isPartOf\":{\"@id\":\"https:\/\/16meridianstore.com\/#website\"},\"datePublished\":\"2020-04-03T12:42:00+00:00\",\"dateModified\":\"2021-06-21T12:29:12+00:00\",\"breadcrumb\":{\"@id\":\"https:\/\/16meridianstore.com\/hr\/pravila-privatnosti\/#breadcrumb\"},\"inLanguage\":\"hr\",\"potentialAction\":[{\"@type\":\"ReadAction\",\"target\":[\"https:\/\/16meridianstore.com\/hr\/pravila-privatnosti\/\"]}]},{\"@type\":\"BreadcrumbList\",\"@id\":\"https:\/\/16meridianstore.com\/hr\/pravila-privatnosti\/#breadcrumb\",\"itemListElement\":[{\"@type\":\"ListItem\",\"position\":1,\"name\":\"Home\",\"item\":\"https:\/\/16meridianstore.com\/hr\/\"},{\"@type\":\"ListItem\",\"position\":2,\"name\":\"Pravila privatnosti\"}]},{\"@type\":\"WebSite\",\"@id\":\"https:\/\/16meridianstore.com\/#website\",\"url\":\"https:\/\/16meridianstore.com\/\",\"name\":\"16meridianstore.com\",\"description\":\"Store\",\"publisher\":{\"@id\":\"https:\/\/16meridianstore.com\/#organization\"},\"potentialAction\":[{\"@type\":\"SearchAction\",\"target\":{\"@type\":\"EntryPoint\",\"urlTemplate\":\"https:\/\/16meridianstore.com\/?s={search_term_string}\"},\"query-input\":{\"@type\":\"PropertyValueSpecification\",\"valueRequired\":true,\"valueName\":\"search_term_string\"}}],\"inLanguage\":\"hr\"},{\"@type\":\"Organization\",\"@id\":\"https:\/\/16meridianstore.com\/#organization\",\"name\":\"16meridianstore.com\",\"url\":\"https:\/\/16meridianstore.com\/\",\"logo\":{\"@type\":\"ImageObject\",\"inLanguage\":\"hr\",\"@id\":\"https:\/\/16meridianstore.com\/#\/schema\/logo\/image\/\",\"url\":\"https:\/\/16meridianstore.com\/wp-content\/uploads\/2020\/11\/logo_16_200-1.jpg\",\"contentUrl\":\"https:\/\/16meridianstore.com\/wp-content\/uploads\/2020\/11\/logo_16_200-1.jpg\",\"width\":123,\"height\":95,\"caption\":\"16meridianstore.com\"},\"image\":{\"@id\":\"https:\/\/16meridianstore.com\/#\/schema\/logo\/image\/\"}}]}<\/script>\n<!-- \/ Yoast SEO plugin. -->","yoast_head_json":{"title":"Pravila privatnosti - 16meridianstore.com","robots":{"index":"index","follow":"follow","max-snippet":"max-snippet:-1","max-image-preview":"max-image-preview:large","max-video-preview":"max-video-preview:-1"},"canonical":"https:\/\/16meridianstore.com\/hr\/pravila-privatnosti\/","og_locale":"hr_HR","og_type":"article","og_title":"Pravila privatnosti - 16meridianstore.com","og_description":"IZJAVA O ZA\u0160TITI OSOBNIH PODATAKA Sukladno Uredbi o za\u0161titi osobnih podataka (EU) 2016\/678 Europskog vije\u0107a i Parlamenta (General Data Protection","og_url":"https:\/\/16meridianstore.com\/hr\/pravila-privatnosti\/","og_site_name":"16meridianstore.com","article_modified_time":"2021-06-21T12:29:12+00:00","twitter_card":"summary_large_image","twitter_misc":{"Procijenjeno vrijeme \u010ditanja":"8 minuta"},"schema":{"@context":"https:\/\/schema.org","@graph":[{"@type":"WebPage","@id":"https:\/\/16meridianstore.com\/hr\/pravila-privatnosti\/","url":"https:\/\/16meridianstore.com\/hr\/pravila-privatnosti\/","name":"Pravila privatnosti - 16meridianstore.com","isPartOf":{"@id":"https:\/\/16meridianstore.com\/#website"},"datePublished":"2020-04-03T12:42:00+00:00","dateModified":"2021-06-21T12:29:12+00:00","breadcrumb":{"@id":"https:\/\/16meridianstore.com\/hr\/pravila-privatnosti\/#breadcrumb"},"inLanguage":"hr","potentialAction":[{"@type":"ReadAction","target":["https:\/\/16meridianstore.com\/hr\/pravila-privatnosti\/"]}]},{"@type":"BreadcrumbList","@id":"https:\/\/16meridianstore.com\/hr\/pravila-privatnosti\/#breadcrumb","itemListElement":[{"@type":"ListItem","position":1,"name":"Home","item":"https:\/\/16meridianstore.com\/hr\/"},{"@type":"ListItem","position":2,"name":"Pravila privatnosti"}]},{"@type":"WebSite","@id":"https:\/\/16meridianstore.com\/#website","url":"https:\/\/16meridianstore.com\/","name":"16meridianstore.com","description":"Store","publisher":{"@id":"https:\/\/16meridianstore.com\/#organization"},"potentialAction":[{"@type":"SearchAction","target":{"@type":"EntryPoint","urlTemplate":"https:\/\/16meridianstore.com\/?s={search_term_string}"},"query-input":{"@type":"PropertyValueSpecification","valueRequired":true,"valueName":"search_term_string"}}],"inLanguage":"hr"},{"@type":"Organization","@id":"https:\/\/16meridianstore.com\/#organization","name":"16meridianstore.com","url":"https:\/\/16meridianstore.com\/","logo":{"@type":"ImageObject","inLanguage":"hr","@id":"https:\/\/16meridianstore.com\/#\/schema\/logo\/image\/","url":"https:\/\/16meridianstore.com\/wp-content\/uploads\/2020\/11\/logo_16_200-1.jpg","contentUrl":"https:\/\/16meridianstore.com\/wp-content\/uploads\/2020\/11\/logo_16_200-1.jpg","width":123,"height":95,"caption":"16meridianstore.com"},"image":{"@id":"https:\/\/16meridianstore.com\/#\/schema\/logo\/image\/"}}]}},"_links":{"self":[{"href":"https:\/\/16meridianstore.com\/hr\/wp-json\/wp\/v2\/pages\/5686","targetHints":{"allow":["GET"]}}],"collection":[{"href":"https:\/\/16meridianstore.com\/hr\/wp-json\/wp\/v2\/pages"}],"about":[{"href":"https:\/\/16meridianstore.com\/hr\/wp-json\/wp\/v2\/types\/page"}],"author":[{"embeddable":true,"href":"https:\/\/16meridianstore.com\/hr\/wp-json\/wp\/v2\/users\/1"}],"replies":[{"embeddable":true,"href":"https:\/\/16meridianstore.com\/hr\/wp-json\/wp\/v2\/comments?post=5686"}],"version-history":[{"count":0,"href":"https:\/\/16meridianstore.com\/hr\/wp-json\/wp\/v2\/pages\/5686\/revisions"}],"wp:attachment":[{"href":"https:\/\/16meridianstore.com\/hr\/wp-json\/wp\/v2\/media?parent=5686"}],"curies":[{"name":"wp","href":"https:\/\/api.w.org\/{rel}","templated":true}]}}