{"id":22712,"date":"2021-05-12T15:26:04","date_gmt":"2021-05-12T15:26:04","guid":{"rendered":"https:\/\/16meridianstore.com\/?page_id=22712"},"modified":"2021-06-21T05:45:33","modified_gmt":"2021-06-21T05:45:33","slug":"kolacici","status":"publish","type":"page","link":"https:\/\/16meridianstore.com\/hr\/kolacici\/","title":{"rendered":"Kola\u010di\u0107i"},"content":{"rendered":"\r\n<ul>\r\n<li aria-level=\"1\"><b>KOLA\u010cI\u0106I<\/b><\/li>\r\n<\/ul>\r\n<p><span style=\"font-weight: 400;\">U cilju unaprje\u0111enja kvalitete i konstantnog pobolj\u0161anja korisni\u010dkog iskustva web stranica www.16meridianstore.com prilikom posjete na Va\u0161e ra\u010dunalo sprema male tekstualne datoteke zvane kola\u010di\u0107i (cookies). Putem kola\u010di\u0107a prikupljamo informacije o kori\u0161tenju stranice u cilju unaprje\u0111enja kvalitete i konstantnog pobolj\u0161anja korisni\u010dkog iskustva. Primjeri informacija o kori\u0161tenju stranice uklju\u010duju: najposje\u0107enije i najgledanije stranice i poveznice na na\u0161oj web stranici, broj ispunjenih obrazaca, vrijeme provedeno na stranici, najpopularnije klju\u010dne rije\u010di koji korisnike vode do na\u0161e stranice, IP adresa, podaci ure\u0111aja s kojeg pristupaju stranici poput postavki hardwarea, sistemske aktivnosti, vrste pretra\u017eiva\u010da itd.<\/span><\/p>\r\n<p><span style=\"font-weight: 400;\">Direktiva Europske Unije od 26. svibnja 2012. godine obvezuje vlasnike web stranice da prije pohranjivanja kola\u010di\u0107a zatra\u017ee suglasnost Korisnika. Klikom na gumb \u201cSla\u017eem se\u201d Korisnik daje svoju suglasnost za kori\u0161tenje kola\u010di\u0107a (cookies). Klikom na gumb \u201cPogledaj vi\u0161e o kola\u010di\u0107ima\u201d Korisnik mo\u017ee pogledati Politiku o kola\u010di\u0107ima.<\/span><\/p>\r\n<p><span style=\"font-weight: 400;\">Nakon \u0161to opet otvorite web stranicu, va\u0161 internetski preglednik \u0161alje natrag kola\u010di\u0107e koji pripadaju ovoj web stranici. To omogu\u0107uje stranici da prika\u017ee informacije prilago\u0111ene va\u0161im potrebama. Kola\u010di\u0107i mogu imati \u0161irok raspon informacija, uklju\u010duju\u0107i i dio osobnih informacija. Takve informacije mogu biti spremljene jedino ako vi to omogu\u0107ite. Sama web stranica ne mo\u017ee dobiti pristup informacijama koje im niste dali te ne mogu pristupiti niti jednoj drugoj datoteci na va\u0161em ra\u010dunalu.<\/span><\/p>\r\n<p><span style=\"font-weight: 400;\">Kako biste naru\u010dili proizvode na na\u0161im stranicama trebali bi omogu\u0107iti upotrebu kola\u010di\u0107a. Ako ne omogu\u0107ite kola\u010di\u0107e i dalje \u0107ete mo\u0107i koristiti na\u0161e stranice, ali mogu\u0107e je da \u0107e odre\u0111ene funkcionalnosti biti onemogu\u0107ene. Ve\u0107ina web-preglednika u svojim postavkama omogu\u0107ava kori\u0161tenje kola\u010di\u0107a, ali ove postavke mo\u017eete promijeniti u postavkama Va\u0161eg web-preglednika (na ra\u010dunalu, tabletu ili drugom mobilnom ure\u0111aju).<\/span><span style=\"font-weight: 400;\"><br \/><br \/><\/span><\/p>\r\n<p><span style=\"font-weight: 400;\">Ako \u017eeli, Korisnik kola\u010di\u0107e mo\u017ee blokirati i dalje pregledavati stranicu \u0161to mo\u017ee dovesti do toga da se neke funkcije internetske stranice vi\u0161e ne mogu u potpunosti koristiti. Ni u kom slu\u010daju ne dolazi do identifikacije osoba koje stoje iza podataka niti do prikupljanja osobnih podataka, sukladno Uredbi o za\u0161titi podataka.<\/span><\/p>\r\n<p>&nbsp;<\/p>\r\n<p><span style=\"font-weight: 400;\">Postoji nekoliko tipova kola\u010di\u0107a. Glavna podjela je na stalne, one koji ostaju na ra\u010dunalu nakon zatvaranja programa internet preglednika i privremene koji se uklanjaju s ra\u010dunala po zatvaranju internet preglednika.<\/span><\/p>\r\n<ul>\r\n<li style=\"font-weight: 400;\" aria-level=\"1\"><span style=\"font-weight: 400;\">Jednokratni kola\u010di\u0107 postoji samo u trenutnoj memoriji kada korisnik pregledava neku web-stranicu. Nemaju u sebi zapisan datum isteka trajanja, stoga ih web-preglednici odmah izbri\u0161u.<\/span><span style=\"font-weight: 400;\"><br \/><\/span><span style=\"font-weight: 400;\">\u00a0<\/span><\/li>\r\n<li style=\"font-weight: 400;\" aria-level=\"1\"><span style=\"font-weight: 400;\">Ustrajni kola\u010di\u0107 je onaj koji se ne bri\u0161e. On \u0107e slati informacije serveru svaki put kada se posjetitelj vrati na stranicu. Naj\u010de\u0161\u0107e se koristi za online marketing.<\/span><span style=\"font-weight: 400;\"><br \/><\/span><span style=\"font-weight: 400;\">\u00a0<\/span><\/li>\r\n<li style=\"font-weight: 400;\" aria-level=\"1\"><span style=\"font-weight: 400;\">HTTP kola\u010di\u0107i su kola\u010di\u0107i s kojima se ne mo\u017ee pristupiti korisnikovim aplikacijskim i programskim protokolima. <\/span><span style=\"font-weight: 400;\"><br \/><\/span><span style=\"font-weight: 400;\">\u00a0<\/span><\/li>\r\n<li style=\"font-weight: 400;\" aria-level=\"1\"><span style=\"font-weight: 400;\">Kola\u010di\u0107 prve strane je kola\u010di\u0107 postavljen od servera za sve stranice na istoj domeni. <\/span><span style=\"font-weight: 400;\"><br \/><\/span><span style=\"font-weight: 400;\">\u00a0<\/span><\/li>\r\n<li style=\"font-weight: 400;\" aria-level=\"1\"><span style=\"font-weight: 400;\">Kola\u010di\u0107 tre\u0107e strane (third part cookie) spremljeni su na domeni razli\u010ditoj od domene posje\u0107ene stranice.\u00a0<\/span><\/li>\r\n<\/ul>\r\n<p><span style=\"font-weight: 400;\">\u00a0<\/span><\/p>\r\n<p><b><i>Pohrana i rok \u010duvanja podataka<\/i><\/b><\/p>\r\n<p>&nbsp;<\/p>\r\n<p><span style=\"font-weight: 400;\">Ako Korisnik \u017eeli znati posjedujemo li i obra\u0111ujemo njegove osobne podatke, te koje stranice ih obra\u0111uju ili ako \u017eeli pristupiti osobnim podacima, mo\u017ee nas kontaktirati na mail <\/span><a href=\"mailto:16meridianstore@gmail.com\"><span style=\"font-weight: 400;\">16meridianstore@gmail.com<\/span><\/a><span style=\"font-weight: 400;\">. Nakon zaprimljenog zahtjeva udovoljiti Korisniku u roku od 14 dana. Ako nismo u mogu\u0107nosti udovoljiti istom, poslat \u0107emo obrazlo\u017eenje.<\/span><\/p>\r\n<p><span style=\"font-weight: 400;\">Tako\u0111er mo\u017ee zahtijevati informacije o:\u00a0<\/span><\/p>\r\n<ul>\r\n<li style=\"font-weight: 400;\" aria-level=\"1\"><span style=\"font-weight: 400;\">svrsi obrade podataka,\u00a0<\/span><\/li>\r\n<li style=\"font-weight: 400;\" aria-level=\"1\"><span style=\"font-weight: 400;\">kategorijama osobnih podataka pod obradom;<\/span><\/li>\r\n<li style=\"font-weight: 400;\" aria-level=\"1\"><span style=\"font-weight: 400;\">koja je tre\u0107a osoba primila osobne podatke od nas;\u00a0<\/span><\/li>\r\n<li style=\"font-weight: 400;\" aria-level=\"1\"><span style=\"font-weight: 400;\">koji je izvor osobnih podataka ako nisu izravno predani nama\u00a0<\/span><\/li>\r\n<li style=\"font-weight: 400;\" aria-level=\"1\"><span style=\"font-weight: 400;\">Koliko dugo \u010duvamo podatke.\u00a0<\/span><\/li>\r\n<\/ul>\r\n<p>&nbsp;<\/p>\r\n<p><b><i>Razdoblje \u010duvanja Va\u0161ih osobnih podataka<\/i><\/b><\/p>\r\n<p><span style=\"font-weight: 400;\">Sukladno Va\u0161im pravima kao ispitanika, podatke \u0107emo \u010duvati u skladu s odgovaraju\u0107im propisima, pri \u010demu rokovi \u010duvanja mogu ovisiti o ispunjavanju neke na\u0161e obveze koja se temelji na odre\u0111enom propisu.<\/span><span style=\"font-weight: 400;\"><br \/><\/span><span style=\"font-weight: 400;\">U svakom slu\u010daju, kada se utvrdi da nam podaci o Vama vi\u0161e nisu potrebni te da su protekli zakonski rokovi za \u010duvanje takvih evidencija i podataka, izbrisat \u0107emo osobne podatke o Vama.\u00a0<\/span><\/p>\r\n<p>&nbsp;<\/p>\r\n","protected":false},"excerpt":{"rendered":"<p>KOLA\u010cI\u0106I U cilju unaprje\u0111enja kvalitete i konstantnog pobolj\u0161anja korisni\u010dkog iskustva web stranica www.16meridianstore.com prilikom posjete na Va\u0161e ra\u010dunalo sprema male<\/p>\n","protected":false},"author":1,"featured_media":0,"parent":0,"menu_order":0,"comment_status":"closed","ping_status":"closed","template":"","meta":{"footnotes":""},"class_list":["post-22712","page","type-page","status-publish","hentry"],"yoast_head":"<!-- This site is optimized with the Yoast SEO plugin v26.5 - https:\/\/yoast.com\/wordpress\/plugins\/seo\/ -->\n<title>Kola\u010di\u0107i - 16meridianstore.com<\/title>\n<meta name=\"robots\" content=\"index, follow, max-snippet:-1, max-image-preview:large, max-video-preview:-1\" \/>\n<link rel=\"canonical\" href=\"https:\/\/16meridianstore.com\/hr\/kolacici\/\" \/>\n<meta property=\"og:locale\" content=\"hr_HR\" \/>\n<meta property=\"og:type\" content=\"article\" \/>\n<meta property=\"og:title\" content=\"Kola\u010di\u0107i - 16meridianstore.com\" \/>\n<meta property=\"og:description\" content=\"KOLA\u010cI\u0106I U cilju unaprje\u0111enja kvalitete i konstantnog pobolj\u0161anja korisni\u010dkog iskustva web stranica www.16meridianstore.com prilikom posjete na Va\u0161e ra\u010dunalo sprema male\" \/>\n<meta property=\"og:url\" content=\"https:\/\/16meridianstore.com\/hr\/kolacici\/\" \/>\n<meta property=\"og:site_name\" content=\"16meridianstore.com\" \/>\n<meta property=\"article:modified_time\" content=\"2021-06-21T05:45:33+00:00\" \/>\n<meta name=\"twitter:card\" content=\"summary_large_image\" \/>\n<meta name=\"twitter:label1\" content=\"Procijenjeno vrijeme \u010ditanja\" \/>\n\t<meta name=\"twitter:data1\" content=\"3 minute\" \/>\n<script type=\"application\/ld+json\" class=\"yoast-schema-graph\">{\"@context\":\"https:\/\/schema.org\",\"@graph\":[{\"@type\":\"WebPage\",\"@id\":\"https:\/\/16meridianstore.com\/hr\/kolacici\/\",\"url\":\"https:\/\/16meridianstore.com\/hr\/kolacici\/\",\"name\":\"Kola\u010di\u0107i - 16meridianstore.com\",\"isPartOf\":{\"@id\":\"https:\/\/16meridianstore.com\/#website\"},\"datePublished\":\"2021-05-12T15:26:04+00:00\",\"dateModified\":\"2021-06-21T05:45:33+00:00\",\"breadcrumb\":{\"@id\":\"https:\/\/16meridianstore.com\/hr\/kolacici\/#breadcrumb\"},\"inLanguage\":\"hr\",\"potentialAction\":[{\"@type\":\"ReadAction\",\"target\":[\"https:\/\/16meridianstore.com\/hr\/kolacici\/\"]}]},{\"@type\":\"BreadcrumbList\",\"@id\":\"https:\/\/16meridianstore.com\/hr\/kolacici\/#breadcrumb\",\"itemListElement\":[{\"@type\":\"ListItem\",\"position\":1,\"name\":\"Home\",\"item\":\"https:\/\/16meridianstore.com\/hr\/\"},{\"@type\":\"ListItem\",\"position\":2,\"name\":\"Kola\u010di\u0107i\"}]},{\"@type\":\"WebSite\",\"@id\":\"https:\/\/16meridianstore.com\/#website\",\"url\":\"https:\/\/16meridianstore.com\/\",\"name\":\"16meridianstore.com\",\"description\":\"Store\",\"publisher\":{\"@id\":\"https:\/\/16meridianstore.com\/#organization\"},\"potentialAction\":[{\"@type\":\"SearchAction\",\"target\":{\"@type\":\"EntryPoint\",\"urlTemplate\":\"https:\/\/16meridianstore.com\/?s={search_term_string}\"},\"query-input\":{\"@type\":\"PropertyValueSpecification\",\"valueRequired\":true,\"valueName\":\"search_term_string\"}}],\"inLanguage\":\"hr\"},{\"@type\":\"Organization\",\"@id\":\"https:\/\/16meridianstore.com\/#organization\",\"name\":\"16meridianstore.com\",\"url\":\"https:\/\/16meridianstore.com\/\",\"logo\":{\"@type\":\"ImageObject\",\"inLanguage\":\"hr\",\"@id\":\"https:\/\/16meridianstore.com\/#\/schema\/logo\/image\/\",\"url\":\"https:\/\/16meridianstore.com\/wp-content\/uploads\/2020\/11\/logo_16_200-1.jpg\",\"contentUrl\":\"https:\/\/16meridianstore.com\/wp-content\/uploads\/2020\/11\/logo_16_200-1.jpg\",\"width\":123,\"height\":95,\"caption\":\"16meridianstore.com\"},\"image\":{\"@id\":\"https:\/\/16meridianstore.com\/#\/schema\/logo\/image\/\"}}]}<\/script>\n<!-- \/ Yoast SEO plugin. -->","yoast_head_json":{"title":"Kola\u010di\u0107i - 16meridianstore.com","robots":{"index":"index","follow":"follow","max-snippet":"max-snippet:-1","max-image-preview":"max-image-preview:large","max-video-preview":"max-video-preview:-1"},"canonical":"https:\/\/16meridianstore.com\/hr\/kolacici\/","og_locale":"hr_HR","og_type":"article","og_title":"Kola\u010di\u0107i - 16meridianstore.com","og_description":"KOLA\u010cI\u0106I U cilju unaprje\u0111enja kvalitete i konstantnog pobolj\u0161anja korisni\u010dkog iskustva web stranica www.16meridianstore.com prilikom posjete na Va\u0161e ra\u010dunalo sprema male","og_url":"https:\/\/16meridianstore.com\/hr\/kolacici\/","og_site_name":"16meridianstore.com","article_modified_time":"2021-06-21T05:45:33+00:00","twitter_card":"summary_large_image","twitter_misc":{"Procijenjeno vrijeme \u010ditanja":"3 minute"},"schema":{"@context":"https:\/\/schema.org","@graph":[{"@type":"WebPage","@id":"https:\/\/16meridianstore.com\/hr\/kolacici\/","url":"https:\/\/16meridianstore.com\/hr\/kolacici\/","name":"Kola\u010di\u0107i - 16meridianstore.com","isPartOf":{"@id":"https:\/\/16meridianstore.com\/#website"},"datePublished":"2021-05-12T15:26:04+00:00","dateModified":"2021-06-21T05:45:33+00:00","breadcrumb":{"@id":"https:\/\/16meridianstore.com\/hr\/kolacici\/#breadcrumb"},"inLanguage":"hr","potentialAction":[{"@type":"ReadAction","target":["https:\/\/16meridianstore.com\/hr\/kolacici\/"]}]},{"@type":"BreadcrumbList","@id":"https:\/\/16meridianstore.com\/hr\/kolacici\/#breadcrumb","itemListElement":[{"@type":"ListItem","position":1,"name":"Home","item":"https:\/\/16meridianstore.com\/hr\/"},{"@type":"ListItem","position":2,"name":"Kola\u010di\u0107i"}]},{"@type":"WebSite","@id":"https:\/\/16meridianstore.com\/#website","url":"https:\/\/16meridianstore.com\/","name":"16meridianstore.com","description":"Store","publisher":{"@id":"https:\/\/16meridianstore.com\/#organization"},"potentialAction":[{"@type":"SearchAction","target":{"@type":"EntryPoint","urlTemplate":"https:\/\/16meridianstore.com\/?s={search_term_string}"},"query-input":{"@type":"PropertyValueSpecification","valueRequired":true,"valueName":"search_term_string"}}],"inLanguage":"hr"},{"@type":"Organization","@id":"https:\/\/16meridianstore.com\/#organization","name":"16meridianstore.com","url":"https:\/\/16meridianstore.com\/","logo":{"@type":"ImageObject","inLanguage":"hr","@id":"https:\/\/16meridianstore.com\/#\/schema\/logo\/image\/","url":"https:\/\/16meridianstore.com\/wp-content\/uploads\/2020\/11\/logo_16_200-1.jpg","contentUrl":"https:\/\/16meridianstore.com\/wp-content\/uploads\/2020\/11\/logo_16_200-1.jpg","width":123,"height":95,"caption":"16meridianstore.com"},"image":{"@id":"https:\/\/16meridianstore.com\/#\/schema\/logo\/image\/"}}]}},"_links":{"self":[{"href":"https:\/\/16meridianstore.com\/hr\/wp-json\/wp\/v2\/pages\/22712","targetHints":{"allow":["GET"]}}],"collection":[{"href":"https:\/\/16meridianstore.com\/hr\/wp-json\/wp\/v2\/pages"}],"about":[{"href":"https:\/\/16meridianstore.com\/hr\/wp-json\/wp\/v2\/types\/page"}],"author":[{"embeddable":true,"href":"https:\/\/16meridianstore.com\/hr\/wp-json\/wp\/v2\/users\/1"}],"replies":[{"embeddable":true,"href":"https:\/\/16meridianstore.com\/hr\/wp-json\/wp\/v2\/comments?post=22712"}],"version-history":[{"count":0,"href":"https:\/\/16meridianstore.com\/hr\/wp-json\/wp\/v2\/pages\/22712\/revisions"}],"wp:attachment":[{"href":"https:\/\/16meridianstore.com\/hr\/wp-json\/wp\/v2\/media?parent=22712"}],"curies":[{"name":"wp","href":"https:\/\/api.w.org\/{rel}","templated":true}]}}